{"id":446245,"date":"2025-02-23T09:20:13","date_gmt":"2025-02-23T08:20:13","guid":{"rendered":"https:\/\/www.pricetornado.com\/da\/produkt\/limbali-bar-tube-white-2x50w-230v\/"},"modified":"2026-04-18T02:20:16","modified_gmt":"2026-04-18T00:20:16","slug":"limbali-bar-tube-white-2x50w-230v","status":"publish","type":"product","link":"https:\/\/www.pricetornado.com\/da\/produkt\/limbali-bar-tube-white-2x50w-230v\/","title":{"rendered":"Limbali bar\/tube white 2x50W 230V"},"content":{"rendered":"<p>K\u00f8b billig Limbali bar\/tube white 2x50W 230V!<br \/>\nInstaller den praktiske Limbali bar\/tube white fra Philips i dit hjem, og f\u00e5 en enkel og effektiv belysningsl\u00f8sning. Denne spotlampe er designet til b\u00e5de loft- og v\u00e6gmontering, hvilket giver dig maksimal fleksibilitet til indretning og placering i forskellige rum.Limbali-spotlampen har et slankt, moderne udtryk med m\u00e5l p\u00e5 13 cm i h\u00f8jden, 32,4 cm i l\u00e6ngden og 8 cm i bredden. Med en v\u00e6gt p\u00e5 kun cirka 0,28 kg er lampen let at h\u00e5ndtere og s\u00e6rdeles nem at installere.Lampen anvender 2x GU10-lyskilder med op til 50W pr. fatning (p\u00e6rer medf\u00f8lger ikke). Vi anbefaler at v\u00e6lge en Philips GU10 LED-p\u00e6re, der matcher lampens stil \u2013 s\u00e5 opn\u00e5r du b\u00e5de h\u00f8jkvalitetslys, lang levetid og mulighed for lavt energiforbrug.Med en IP20-klassificering er denne lampespot beskyttet mod faste objekter st\u00f8rre end 12 mm og er derfor velegnet til t\u00f8rre, indend\u00f8rs rum. Den er ikke egnet til fugtige omr\u00e5der som badev\u00e6relse eller udend\u00f8rs brug.Philips Limbali bar\/tube white leveres med 2 \u00e5rs reklamationsret, hvilket sikrer dig tryghed omkring produktets holdbarhed og kvalitet.V\u00e6lg en passende Philips GU10 LED-p\u00e6re, og oplev et behageligt og effektivt lys i dit hjem. Se eventuelt vores sortiment af for flere inspirerende l\u00f8sninger.<\/p>\n<p>Sammenlign priser p\u00e5 Limbali bar\/tube white 2x50W 230V og k\u00f8b online til den billigste pris, samt p\u00e5 tilbud!\u00a0\u00a0Tjek den bedste pris, produkt beskrivelse, video, test, anmeldelser osv.<\/p>\n<p><strong>Brand: <\/strong>Philips<br \/>\n<strong>EAN: <\/strong>8719514465152<br \/>\n<strong>Producentens varenr.:<\/strong> 8719514465152<\/p>\n<p><strong>P.S.<\/strong><br \/>\nTilmeld dig til &#8220;Opret Gratis Prisfald Alarm&#8221;, og bliv underrettet med det samme om prisfald p\u00e5 Limbali bar\/tube white 2x50W 230V, og f\u00e5 den billigste pris!<\/p>\n<p>&nbsp;<\/p>\n<p>&nbsp;<\/p>\n","protected":false},"excerpt":{"rendered":"<p>K\u00f8b billig Limbali bar\/tube white 2x50W 230V! Installer den praktiske Limbali bar\/tube white fra Philips i dit hjem, og f\u00e5 en enkel og effektiv belysningsl\u00f8sning. Denne spotlampe er designet til b\u00e5de loft- og v\u00e6gmontering, hvilket giver dig maksimal fleksibilitet til indretning og placering i forskellige rum.Limbali-spotlampen har et slankt, moderne udtryk med m\u00e5l p\u00e5 13 [&hellip;]<\/p>\n","protected":false},"featured_media":999980000004462450,"template":"","meta":[],"store":[1272516],"product_brand":[1272519],"product_cat":[1272407],"product_tag":[1272697,1275180],"class_list":{"0":"post-446245","1":"product","2":"type-product","3":"status-publish","4":"has-post-thumbnail","6":"store-butik24","7":"product_brand-philips","8":"product_cat-belysning-2","9":"product_tag-belysning","10":"product_tag-philips","11":"pa_maerke-philips","13":"first","14":"instock","15":"product-type-external"},"_links":{"self":[{"href":"https:\/\/www.pricetornado.com\/da\/wp-json\/wp\/v2\/product\/446245","targetHints":{"allow":["GET"]}}],"collection":[{"href":"https:\/\/www.pricetornado.com\/da\/wp-json\/wp\/v2\/product"}],"about":[{"href":"https:\/\/www.pricetornado.com\/da\/wp-json\/wp\/v2\/types\/product"}],"wp:featuredmedia":[{"embeddable":true,"href":"https:\/\/www.pricetornado.com\/da\/wp-json\/"}],"wp:attachment":[{"href":"https:\/\/www.pricetornado.com\/da\/wp-json\/wp\/v2\/media?parent=446245"}],"wp:term":[{"taxonomy":"store","embeddable":true,"href":"https:\/\/www.pricetornado.com\/da\/wp-json\/wp\/v2\/store?post=446245"},{"taxonomy":"product_brand","embeddable":true,"href":"https:\/\/www.pricetornado.com\/da\/wp-json\/wp\/v2\/product_brand?post=446245"},{"taxonomy":"product_cat","embeddable":true,"href":"https:\/\/www.pricetornado.com\/da\/wp-json\/wp\/v2\/product_cat?post=446245"},{"taxonomy":"product_tag","embeddable":true,"href":"https:\/\/www.pricetornado.com\/da\/wp-json\/wp\/v2\/product_tag?post=446245"}],"curies":[{"name":"wp","href":"https:\/\/api.w.org\/{rel}","templated":true}]}}