{"id":446238,"date":"2025-02-26T22:20:29","date_gmt":"2025-02-26T21:20:29","guid":{"rendered":"https:\/\/www.pricetornado.com\/da\/produkt\/nedis-kawk510egn-elkedel\/"},"modified":"2026-04-20T07:00:26","modified_gmt":"2026-04-20T05:00:26","slug":"nedis-kawk510egn-elkedel","status":"publish","type":"product","link":"https:\/\/www.pricetornado.com\/da\/produkt\/nedis-kawk510egn-elkedel\/","title":{"rendered":"Nedis KAWK510EGN Elkedel"},"content":{"rendered":"<p>K\u00f8b billig Nedis KAWK510EGN Elkedel!<br \/>\nDenne elegante og kraftfulde elkedel fra Nedis kombinerer funktionalitet med et stilfuldt design, der passer perfekt ind i ethvert moderne k\u00f8kken. Elkedlen har en rummelig kapacitet p\u00e5 1,7 liter, s\u00e5 du hurtigt kan koge nok vand til 6-8 kopper ad gangen \u2013 ideelt, n\u00e5r du har venner eller familie p\u00e5 bes\u00f8g og ingen skal vente l\u00e6nge p\u00e5 kaffe eller te.Elkedlen er designet med holdbare materialer, der g\u00f8r den enkel at reng\u00f8re og langtidsholdbar. Nedis elkedler er kendt for at anvende rustfrit st\u00e5l kombineret med andre materialer som tr\u00e6 og gummi for ekstra holdbarhed og et flot udtryk. Den ledningsfri 360\u00b0 centerkobling g\u00f8r det nemt at l\u00f8fte elkedlen af og p\u00e5 basen fra alle vinkler, og det ergonomiske design g\u00f8r h\u00e6ldning behageligt og sikkert, selv n\u00e5r kedlen er helt fyldt.Den indbyggede ledningsoprul s\u00f8rger for orden p\u00e5 k\u00f8kkenbordet, n\u00e5r elkedlen ikke er i brug, mens det aftagelige kalkfilter hj\u00e6lper med at minimere kalkaflejringer og sikrer hurtig kogning hver gang. Et skjult 2200 W varmelegeme g\u00f8r, at vandet n\u00e5r kogepunktet hurtigt, og kalkfilteret bidrager til at holde vandet rent og velsmagende.T\u00f8rl\u00f8bssikringen forhindrer elkedlen i at starte, hvis der ikke er nok vand, hvilket beskytter b\u00e5de brugeren og apparatet. Dette garanterer h\u00f8j sikkerhed i dagligdagen og forl\u00e6nger elkedlens levetid. og nyd fordelene ved hurtig, sikker og effektiv opvarmning af vand \u2013 hver dag.<\/p>\n<p>Sammenlign priser p\u00e5 Nedis KAWK510EGN Elkedel og k\u00f8b online til den billigste pris, samt p\u00e5 tilbud!\u00a0\u00a0Tjek den bedste pris, produkt beskrivelse, video, test, anmeldelser osv.<\/p>\n<p><strong>Brand: <\/strong>Nedis<br \/>\n<strong>EAN: <\/strong>5412810451135<br \/>\n<strong>Producentens varenr.:<\/strong> 5412810451135<\/p>\n<p><strong>P.S.<\/strong><br \/>\nTilmeld dig til &#8220;Opret Gratis Prisfald Alarm&#8221;, og bliv underrettet med det samme om prisfald p\u00e5 Nedis KAWK510EGN Elkedel, og f\u00e5 den billigste pris!<\/p>\n<p>&nbsp;<\/p>\n<p>&nbsp;<\/p>\n","protected":false},"excerpt":{"rendered":"<p>K\u00f8b billig Nedis KAWK510EGN Elkedel! Denne elegante og kraftfulde elkedel fra Nedis kombinerer funktionalitet med et stilfuldt design, der passer perfekt ind i ethvert moderne k\u00f8kken. Elkedlen har en rummelig kapacitet p\u00e5 1,7 liter, s\u00e5 du hurtigt kan koge nok vand til 6-8 kopper ad gangen \u2013 ideelt, n\u00e5r du har venner eller familie p\u00e5 [&hellip;]<\/p>\n","protected":false},"featured_media":999980000004462380,"template":"","meta":[],"store":[1272516],"product_brand":[1272517],"product_cat":[831418],"product_tag":[1272683,1275178],"class_list":{"0":"post-446238","1":"product","2":"type-product","3":"status-publish","4":"has-post-thumbnail","6":"store-butik24","7":"product_brand-nedis","8":"product_cat-koekkenudstyr","9":"product_tag-koekkenudstyr","10":"product_tag-nedis","11":"pa_maerke-nedis","13":"first","14":"instock","15":"product-type-external"},"_links":{"self":[{"href":"https:\/\/www.pricetornado.com\/da\/wp-json\/wp\/v2\/product\/446238","targetHints":{"allow":["GET"]}}],"collection":[{"href":"https:\/\/www.pricetornado.com\/da\/wp-json\/wp\/v2\/product"}],"about":[{"href":"https:\/\/www.pricetornado.com\/da\/wp-json\/wp\/v2\/types\/product"}],"wp:featuredmedia":[{"embeddable":true,"href":"https:\/\/www.pricetornado.com\/da\/wp-json\/"}],"wp:attachment":[{"href":"https:\/\/www.pricetornado.com\/da\/wp-json\/wp\/v2\/media?parent=446238"}],"wp:term":[{"taxonomy":"store","embeddable":true,"href":"https:\/\/www.pricetornado.com\/da\/wp-json\/wp\/v2\/store?post=446238"},{"taxonomy":"product_brand","embeddable":true,"href":"https:\/\/www.pricetornado.com\/da\/wp-json\/wp\/v2\/product_brand?post=446238"},{"taxonomy":"product_cat","embeddable":true,"href":"https:\/\/www.pricetornado.com\/da\/wp-json\/wp\/v2\/product_cat?post=446238"},{"taxonomy":"product_tag","embeddable":true,"href":"https:\/\/www.pricetornado.com\/da\/wp-json\/wp\/v2\/product_tag?post=446238"}],"curies":[{"name":"wp","href":"https:\/\/api.w.org\/{rel}","templated":true}]}}