{"id":446233,"date":"2025-02-26T00:26:16","date_gmt":"2025-02-25T23:26:16","guid":{"rendered":"https:\/\/www.pricetornado.com\/da\/produkt\/gastronoma-koekkenvaegt-5kg-staal\/"},"modified":"2026-04-25T06:40:02","modified_gmt":"2026-04-25T04:40:02","slug":"gastronoma-koekkenvaegt-5kg-staal","status":"publish","type":"product","link":"https:\/\/www.pricetornado.com\/da\/produkt\/gastronoma-koekkenvaegt-5kg-staal\/","title":{"rendered":"Gastronoma k\u00f8kkenv\u00e6gt 5kg st\u00e5l"},"content":{"rendered":"<p>K\u00f8b billig Gastronoma k\u00f8kkenv\u00e6gt 5kg st\u00e5l!<br \/>\nGastronoma elektroniske k\u00f8kkenv\u00e6gt kombinerer et elegant og moderne design med funktionalitet, der passer perfekt ind i ethvert k\u00f8kken. Den stilrene vejeplade i rustfrit st\u00e5l g\u00f8r v\u00e6gten b\u00e5de robust, hygiejnisk og let at reng\u00f8re \u2013 ideel til daglig brug i madlavningen. Det kompakte og tidl\u00f8se udseende g\u00f8r den nem at opbevare, s\u00e5 den altid er lige ved h\u00e5nden, n\u00e5r du skal veje ingredienser.Det ultrapr\u00e6cise sensorsystem sikrer n\u00f8jagtige m\u00e5linger hver gang, uanset om det g\u00e6lder sm\u00e5 krydderier eller st\u00f8rre m\u00e6ngder ingredienser. K\u00f8kkenv\u00e6gten har en kapacitet p\u00e5 op til 5 kg, med en pr\u00e6cision p\u00e5 1 gram, og giver dig mulighed for at v\u00e6lge mellem flere v\u00e6gtenheder: gram (g), pounds og ounces (lb:oz), milliliter (ml) samt ounces (oz). Det store LCD-display p\u00e5 66 x 29 mm er let at afl\u00e6se under alle lysforhold.Bruger 2 stk. AAA-batterier (medf\u00f8lger ikke)Med indikator for overbelastning og lavt batteri f\u00e5r du p\u00e5lidelig og sikker brug. Den automatiske slukningsfunktion hj\u00e6lper med at spare p\u00e5 batterierne, mens tare-funktionen g\u00f8r det nemt at tilf\u00f8je ingredienser l\u00f8bende. Gastronoma k\u00f8kkenv\u00e6gt i rustfrit st\u00e5l er det oplagte valg til dig, der \u00f8nsker pr\u00e6cis, hygiejnisk og brugervenlig k\u00f8kkenv\u00e6gt til b\u00e5de hverdag og fest.<\/p>\n<p>Sammenlign priser p\u00e5 Gastronoma k\u00f8kkenv\u00e6gt 5kg st\u00e5l og k\u00f8b online til den billigste pris, samt p\u00e5 tilbud!\u00a0\u00a0Tjek den bedste pris, produkt beskrivelse, video, test, anmeldelser osv.<\/p>\n<p><strong>Brand: <\/strong>Gastronoma<br \/>\n<strong>EAN: <\/strong>5707442001897<br \/>\n<strong>Producentens varenr.:<\/strong> 5707442001897<\/p>\n<p><strong>P.S.<\/strong><br \/>\nTilmeld dig til &#8220;Opret Gratis Prisfald Alarm&#8221;, og bliv underrettet med det samme om prisfald p\u00e5 Gastronoma k\u00f8kkenv\u00e6gt 5kg st\u00e5l, og f\u00e5 den billigste pris!<\/p>\n<p>&nbsp;<\/p>\n<p>&nbsp;<\/p>\n","protected":false},"excerpt":{"rendered":"<p>K\u00f8b billig Gastronoma k\u00f8kkenv\u00e6gt 5kg st\u00e5l! Gastronoma elektroniske k\u00f8kkenv\u00e6gt kombinerer et elegant og moderne design med funktionalitet, der passer perfekt ind i ethvert k\u00f8kken. Den stilrene vejeplade i rustfrit st\u00e5l g\u00f8r v\u00e6gten b\u00e5de robust, hygiejnisk og let at reng\u00f8re \u2013 ideel til daglig brug i madlavningen. Det kompakte og tidl\u00f8se udseende g\u00f8r den nem at [&hellip;]<\/p>\n","protected":false},"featured_media":999980000004462330,"template":"","meta":[],"store":[1272516],"product_brand":[1272524],"product_cat":[831418],"product_tag":[1275185,1272683],"class_list":{"0":"post-446233","1":"product","2":"type-product","3":"status-publish","4":"has-post-thumbnail","6":"store-butik24","7":"product_brand-gastronoma","8":"product_cat-koekkenudstyr","9":"product_tag-gastronoma","10":"product_tag-koekkenudstyr","11":"pa_maerke-gastronoma","13":"first","14":"instock","15":"product-type-external"},"_links":{"self":[{"href":"https:\/\/www.pricetornado.com\/da\/wp-json\/wp\/v2\/product\/446233","targetHints":{"allow":["GET"]}}],"collection":[{"href":"https:\/\/www.pricetornado.com\/da\/wp-json\/wp\/v2\/product"}],"about":[{"href":"https:\/\/www.pricetornado.com\/da\/wp-json\/wp\/v2\/types\/product"}],"wp:featuredmedia":[{"embeddable":true,"href":"https:\/\/www.pricetornado.com\/da\/wp-json\/"}],"wp:attachment":[{"href":"https:\/\/www.pricetornado.com\/da\/wp-json\/wp\/v2\/media?parent=446233"}],"wp:term":[{"taxonomy":"store","embeddable":true,"href":"https:\/\/www.pricetornado.com\/da\/wp-json\/wp\/v2\/store?post=446233"},{"taxonomy":"product_brand","embeddable":true,"href":"https:\/\/www.pricetornado.com\/da\/wp-json\/wp\/v2\/product_brand?post=446233"},{"taxonomy":"product_cat","embeddable":true,"href":"https:\/\/www.pricetornado.com\/da\/wp-json\/wp\/v2\/product_cat?post=446233"},{"taxonomy":"product_tag","embeddable":true,"href":"https:\/\/www.pricetornado.com\/da\/wp-json\/wp\/v2\/product_tag?post=446233"}],"curies":[{"name":"wp","href":"https:\/\/api.w.org\/{rel}","templated":true}]}}