{"id":446229,"date":"2025-02-20T13:27:59","date_gmt":"2025-02-20T12:27:59","guid":{"rendered":"https:\/\/www.pricetornado.com\/da\/produkt\/scanpan-classic-18-cm-bordskaaner-med-magnet\/"},"modified":"2026-04-17T10:29:56","modified_gmt":"2026-04-17T08:29:56","slug":"scanpan-classic-18-cm-bordskaaner-med-magnet","status":"publish","type":"product","link":"https:\/\/www.pricetornado.com\/da\/produkt\/scanpan-classic-18-cm-bordskaaner-med-magnet\/","title":{"rendered":"Scanpan Classic 18 cm bordsk\u00e5ner med magnet"},"content":{"rendered":"<p>K\u00f8b billig Scanpan Classic 18 cm bordsk\u00e5ner med magnet!<br \/>\nBeskyt dit bord og g\u00f8r serveringen lettere med denne bordsk\u00e5ner fra Scanpan Classic, fremstillet i b\u00e6redygtig bambus og overfladebehandlet med mineralsk olie for at bevare det naturlige look og sikre lang holdbarhed. Denne smarte bordsk\u00e5ner har indbyggede magneter, der g\u00f8r, at den kan sidde fast under gryder og pander med magnetisk bund, n\u00e5r du flytter dem fra komfur til bord \u2013 nemt og praktisk.Bordsk\u00e5neren er ideel til gryder og pander fra Scanpan, is\u00e6r modeller med magnetisk bund. Find mere tilbeh\u00f8r og flere k\u00f8kkenprodukter fra og fuldend dit k\u00f8kken med praktiske og holdbare l\u00f8sninger.<\/p>\n<p>Sammenlign priser p\u00e5 Scanpan Classic 18 cm bordsk\u00e5ner med magnet og k\u00f8b online til den billigste pris, samt p\u00e5 tilbud!\u00a0\u00a0Tjek den bedste pris, produkt beskrivelse, video, test, anmeldelser osv.<\/p>\n<p><strong>Brand: <\/strong>Scanpan<br \/>\n<strong>EAN: <\/strong>083421193520<br \/>\n<strong>Producentens varenr.:<\/strong> 083421193520<\/p>\n<p><strong>P.S.<\/strong><br \/>\nTilmeld dig til &#8220;Opret Gratis Prisfald Alarm&#8221;, og bliv underrettet med det samme om prisfald p\u00e5 Scanpan Classic 18 cm bordsk\u00e5ner med magnet, og f\u00e5 den billigste pris!<\/p>\n<p>&nbsp;<\/p>\n<p>&nbsp;<\/p>\n","protected":false},"excerpt":{"rendered":"<p>K\u00f8b billig Scanpan Classic 18 cm bordsk\u00e5ner med magnet! Beskyt dit bord og g\u00f8r serveringen lettere med denne bordsk\u00e5ner fra Scanpan Classic, fremstillet i b\u00e6redygtig bambus og overfladebehandlet med mineralsk olie for at bevare det naturlige look og sikre lang holdbarhed. Denne smarte bordsk\u00e5ner har indbyggede magneter, der g\u00f8r, at den kan sidde fast under [&hellip;]<\/p>\n","protected":false},"featured_media":999980000004462290,"template":"","meta":[],"store":[1272516],"product_brand":[1272521],"product_cat":[1272410],"product_tag":[1272681,1275184],"class_list":{"0":"post-446229","1":"product","2":"type-product","3":"status-publish","4":"has-post-thumbnail","6":"store-butik24","7":"product_brand-scanpan","8":"product_cat-koekkengrej","9":"product_tag-koekkengrej","10":"product_tag-scanpan","11":"pa_maerke-scanpan","13":"first","14":"instock","15":"product-type-external"},"_links":{"self":[{"href":"https:\/\/www.pricetornado.com\/da\/wp-json\/wp\/v2\/product\/446229","targetHints":{"allow":["GET"]}}],"collection":[{"href":"https:\/\/www.pricetornado.com\/da\/wp-json\/wp\/v2\/product"}],"about":[{"href":"https:\/\/www.pricetornado.com\/da\/wp-json\/wp\/v2\/types\/product"}],"wp:featuredmedia":[{"embeddable":true,"href":"https:\/\/www.pricetornado.com\/da\/wp-json\/"}],"wp:attachment":[{"href":"https:\/\/www.pricetornado.com\/da\/wp-json\/wp\/v2\/media?parent=446229"}],"wp:term":[{"taxonomy":"store","embeddable":true,"href":"https:\/\/www.pricetornado.com\/da\/wp-json\/wp\/v2\/store?post=446229"},{"taxonomy":"product_brand","embeddable":true,"href":"https:\/\/www.pricetornado.com\/da\/wp-json\/wp\/v2\/product_brand?post=446229"},{"taxonomy":"product_cat","embeddable":true,"href":"https:\/\/www.pricetornado.com\/da\/wp-json\/wp\/v2\/product_cat?post=446229"},{"taxonomy":"product_tag","embeddable":true,"href":"https:\/\/www.pricetornado.com\/da\/wp-json\/wp\/v2\/product_tag?post=446229"}],"curies":[{"name":"wp","href":"https:\/\/api.w.org\/{rel}","templated":true}]}}