{"id":446227,"date":"2025-02-21T09:22:17","date_gmt":"2025-02-21T08:22:17","guid":{"rendered":"https:\/\/www.pricetornado.com\/da\/produkt\/scanpan-traeolie-m-pumpe-150-ml\/"},"modified":"2026-04-18T09:00:28","modified_gmt":"2026-04-18T07:00:28","slug":"scanpan-traeolie-m-pumpe-150-ml","status":"publish","type":"product","link":"https:\/\/www.pricetornado.com\/da\/produkt\/scanpan-traeolie-m-pumpe-150-ml\/","title":{"rendered":"Scanpan Tr\u00e6olie m\/pumpe 150 ml"},"content":{"rendered":"<p>K\u00f8b billig Scanpan Tr\u00e6olie m\/pumpe 150 ml!<br \/>\nScanpan tr\u00e6olie med pumpe er udviklet til sikker behandling og vedligeholdelse af bambus- og tr\u00e6sk\u00e6rebr\u00e6tter samt andre tr\u00e6produkter til madlavning og servering. Den mineralolie-baserede formel er 100% f\u00f8devaresikker og indeholder ingen skadelige kemiske stoffer, lugt eller smag, s\u00e5 dine k\u00f8kkenredskaber forbliver trygge i brug.Den praktiske, integrerede pumpe g\u00f8r det let at dosere og fordele olien j\u00e6vnt p\u00e5 tr\u00e6ets overflade. Dette minimerer spild og sikrer, at sk\u00e6rebr\u00e6tter og serveringsbr\u00e6tter f\u00e5r optimal pleje hver gang. Den kompakte 150 ml flaske er nem at opbevare og r\u00e6kker til mange behandlinger, s\u00e5 dit k\u00f8kken altid er klar til brug.V\u00e6lg Scanpan tr\u00e6olie med pumpe til regelm\u00e6ssig og sikker pleje af alle dine tr\u00e6redskaber i k\u00f8kkenet. Se ogs\u00e5 vores udvalg af produkter for komplet k\u00f8kkenudstyr.<\/p>\n<p>Sammenlign priser p\u00e5 Scanpan Tr\u00e6olie m\/pumpe 150 ml og k\u00f8b online til den billigste pris, samt p\u00e5 tilbud!\u00a0\u00a0Tjek den bedste pris, produkt beskrivelse, video, test, anmeldelser osv.<\/p>\n<p><strong>Brand: <\/strong>Scanpan<br \/>\n<strong>EAN: <\/strong>083421119407<br \/>\n<strong>Producentens varenr.:<\/strong> 083421119407<\/p>\n<p><strong>P.S.<\/strong><br \/>\nTilmeld dig til &#8220;Opret Gratis Prisfald Alarm&#8221;, og bliv underrettet med det samme om prisfald p\u00e5 Scanpan Tr\u00e6olie m\/pumpe 150 ml, og f\u00e5 den billigste pris!<\/p>\n<p>&nbsp;<\/p>\n<p>&nbsp;<\/p>\n","protected":false},"excerpt":{"rendered":"<p>K\u00f8b billig Scanpan Tr\u00e6olie m\/pumpe 150 ml! Scanpan tr\u00e6olie med pumpe er udviklet til sikker behandling og vedligeholdelse af bambus- og tr\u00e6sk\u00e6rebr\u00e6tter samt andre tr\u00e6produkter til madlavning og servering. Den mineralolie-baserede formel er 100% f\u00f8devaresikker og indeholder ingen skadelige kemiske stoffer, lugt eller smag, s\u00e5 dine k\u00f8kkenredskaber forbliver trygge i brug.Den praktiske, integrerede pumpe g\u00f8r [&hellip;]<\/p>\n","protected":false},"featured_media":999980000004462270,"template":"","meta":[],"store":[1272516],"product_brand":[1272521],"product_cat":[1272410],"product_tag":[1272681,1275184],"class_list":{"0":"post-446227","1":"product","2":"type-product","3":"status-publish","4":"has-post-thumbnail","6":"store-butik24","7":"product_brand-scanpan","8":"product_cat-koekkengrej","9":"product_tag-koekkengrej","10":"product_tag-scanpan","11":"pa_maerke-scanpan","13":"first","14":"instock","15":"product-type-external"},"_links":{"self":[{"href":"https:\/\/www.pricetornado.com\/da\/wp-json\/wp\/v2\/product\/446227","targetHints":{"allow":["GET"]}}],"collection":[{"href":"https:\/\/www.pricetornado.com\/da\/wp-json\/wp\/v2\/product"}],"about":[{"href":"https:\/\/www.pricetornado.com\/da\/wp-json\/wp\/v2\/types\/product"}],"wp:featuredmedia":[{"embeddable":true,"href":"https:\/\/www.pricetornado.com\/da\/wp-json\/"}],"wp:attachment":[{"href":"https:\/\/www.pricetornado.com\/da\/wp-json\/wp\/v2\/media?parent=446227"}],"wp:term":[{"taxonomy":"store","embeddable":true,"href":"https:\/\/www.pricetornado.com\/da\/wp-json\/wp\/v2\/store?post=446227"},{"taxonomy":"product_brand","embeddable":true,"href":"https:\/\/www.pricetornado.com\/da\/wp-json\/wp\/v2\/product_brand?post=446227"},{"taxonomy":"product_cat","embeddable":true,"href":"https:\/\/www.pricetornado.com\/da\/wp-json\/wp\/v2\/product_cat?post=446227"},{"taxonomy":"product_tag","embeddable":true,"href":"https:\/\/www.pricetornado.com\/da\/wp-json\/wp\/v2\/product_tag?post=446227"}],"curies":[{"name":"wp","href":"https:\/\/api.w.org\/{rel}","templated":true}]}}