{"id":446218,"date":"2025-02-24T10:30:30","date_gmt":"2025-02-24T09:30:30","guid":{"rendered":"https:\/\/www.pricetornado.com\/da\/produkt\/philips-led-classic-spiral-filament-25w-draabe-e27-guld-daempbar-1-pak\/"},"modified":"2026-04-17T02:30:15","modified_gmt":"2026-04-17T00:30:15","slug":"philips-led-classic-spiral-filament-25w-draabe-e27-guld-daempbar-1-pak","status":"publish","type":"product","link":"https:\/\/www.pricetornado.com\/da\/produkt\/philips-led-classic-spiral-filament-25w-draabe-e27-guld-daempbar-1-pak\/","title":{"rendered":"PHILIPS LED Classic Spiral Filament 25W dr\u00e5be E27, guld d\u00e6mpbar 1 pak"},"content":{"rendered":"<p>K\u00f8b billig PHILIPS LED Classic Spiral Filament 25W dr\u00e5be E27, guld d\u00e6mpbar 1 pak!<br \/>\nDenne Philips LED Classic Spiral filament-p\u00e6re kombinerer vintageinspireret design med moderne LED-teknologi. Med sin dekorative ST64-dr\u00e5beform og synlige spiralfilamenter udsender p\u00e6ren et smukt, varmt lys, der skaber en hyggelig atmosf\u00e6re i hjemmet. Den flammefarvede lysstyrke giver et bl\u00f8dt og indbydende sk\u00e6r \u2013 perfekt til stue, spisestue eller andre rum, hvor stemning er vigtig.P\u00e6ren sparer over 80 % energi sammenlignet med traditionelle 25W gl\u00f8dep\u00e6rer, men leverer stadig en kraftig og behagelig belysning. Med en forventet levetid p\u00e5 op til 15.000 timer holder denne LED-p\u00e6re cirka 15 gange l\u00e6ngere end konventionelle p\u00e6rer og t\u00e5ler op til 20.000 t\u00e6nd\/sluk-cyklusser. Det betyder mindre vedligeholdelse og lavere omkostninger over tid.Uanset om du \u00f8nsker at skabe hygge i stuen eller et varmt lys ved spisebordet, er denne Philips LED-p\u00e6re det perfekte valg til dekorativ og energieffektiv belysning, hvor lang levetid og lavt forbrug er vigtige faktorer. belysningsprodukter for flere muligheder.<\/p>\n<p>Sammenlign priser p\u00e5 PHILIPS LED Classic Spiral Filament 25W dr\u00e5be E27, guld d\u00e6mpbar 1 pak og k\u00f8b online til den billigste pris, samt p\u00e5 tilbud!\u00a0\u00a0Tjek den bedste pris, produkt beskrivelse, video, test, anmeldelser osv.<\/p>\n<p><strong>Brand: <\/strong>Philips<br \/>\n<strong>EAN: <\/strong>8719514315457<br \/>\n<strong>Producentens varenr.:<\/strong> 8719514315457<\/p>\n<p><strong>P.S.<\/strong><br \/>\nTilmeld dig til &#8220;Opret Gratis Prisfald Alarm&#8221;, og bliv underrettet med det samme om prisfald p\u00e5 PHILIPS LED Classic Spiral Filament 25W dr\u00e5be E27, guld d\u00e6mpbar 1 pak, og f\u00e5 den billigste pris!<\/p>\n<p>&nbsp;<\/p>\n<p>&nbsp;<\/p>\n","protected":false},"excerpt":{"rendered":"<p>K\u00f8b billig PHILIPS LED Classic Spiral Filament 25W dr\u00e5be E27, guld d\u00e6mpbar 1 pak! Denne Philips LED Classic Spiral filament-p\u00e6re kombinerer vintageinspireret design med moderne LED-teknologi. Med sin dekorative ST64-dr\u00e5beform og synlige spiralfilamenter udsender p\u00e6ren et smukt, varmt lys, der skaber en hyggelig atmosf\u00e6re i hjemmet. Den flammefarvede lysstyrke giver et bl\u00f8dt og indbydende sk\u00e6r [&hellip;]<\/p>\n","protected":false},"featured_media":999980000004462180,"template":"","meta":[],"store":[1272516],"product_brand":[1272519],"product_cat":[1272407],"product_tag":[1272697,1275180],"class_list":{"0":"post-446218","1":"product","2":"type-product","3":"status-publish","4":"has-post-thumbnail","6":"store-butik24","7":"product_brand-philips","8":"product_cat-belysning-2","9":"product_tag-belysning","10":"product_tag-philips","11":"pa_maerke-philips","13":"first","14":"instock","15":"product-type-external"},"_links":{"self":[{"href":"https:\/\/www.pricetornado.com\/da\/wp-json\/wp\/v2\/product\/446218","targetHints":{"allow":["GET"]}}],"collection":[{"href":"https:\/\/www.pricetornado.com\/da\/wp-json\/wp\/v2\/product"}],"about":[{"href":"https:\/\/www.pricetornado.com\/da\/wp-json\/wp\/v2\/types\/product"}],"wp:featuredmedia":[{"embeddable":true,"href":"https:\/\/www.pricetornado.com\/da\/wp-json\/"}],"wp:attachment":[{"href":"https:\/\/www.pricetornado.com\/da\/wp-json\/wp\/v2\/media?parent=446218"}],"wp:term":[{"taxonomy":"store","embeddable":true,"href":"https:\/\/www.pricetornado.com\/da\/wp-json\/wp\/v2\/store?post=446218"},{"taxonomy":"product_brand","embeddable":true,"href":"https:\/\/www.pricetornado.com\/da\/wp-json\/wp\/v2\/product_brand?post=446218"},{"taxonomy":"product_cat","embeddable":true,"href":"https:\/\/www.pricetornado.com\/da\/wp-json\/wp\/v2\/product_cat?post=446218"},{"taxonomy":"product_tag","embeddable":true,"href":"https:\/\/www.pricetornado.com\/da\/wp-json\/wp\/v2\/product_tag?post=446218"}],"curies":[{"name":"wp","href":"https:\/\/api.w.org\/{rel}","templated":true}]}}