{"id":446215,"date":"2025-02-26T15:45:08","date_gmt":"2025-02-26T14:45:08","guid":{"rendered":"https:\/\/www.pricetornado.com\/da\/produkt\/wiz-spot-50-w-par16-gu10\/"},"modified":"2026-04-17T02:09:58","modified_gmt":"2026-04-17T00:09:58","slug":"wiz-spot-50-w-par16-gu10","status":"publish","type":"product","link":"https:\/\/www.pricetornado.com\/da\/produkt\/wiz-spot-50-w-par16-gu10\/","title":{"rendered":"WIZ Spot 50 W PAR16 GU10"},"content":{"rendered":"<p>K\u00f8b billig WIZ Spot 50 W PAR16 GU10!<br \/>\nOplev alsidig, stemningsfuld belysning med et intelligent fuldfarvet LED-spot, der kombinerer klassisk GU10-standard og moderne smart home-teknologi. Denne kompakte PAR16-p\u00e6re har et frostet glas for et bl\u00f8dt, behageligt lys og passer til de fleste almindelige lampearmaturer.Betjen nemt lyset tr\u00e5dl\u00f8st via WiZ-appen, WiZ fjernbetjening eller med din stemme via Google Home, Alexa eller Siri Shortcuts \u2013 uden brug for ekstra hub. F\u00e5 maksimal fleksibilitet, uanset om du styrer lyset fra din smartphone eller med stemmekommandoer.V\u00e6lg mellem 16 millioner farver eller juster hvidlysets temperatur fra varme 2200K til k\u00f8lige 6500K. Brug forudindstillede lysindstillinger som Fokus og Afslapning for hurtigt at matche stemningen til dine aktiviteter eller hum\u00f8r.Juster lysstyrken tr\u00e5dl\u00f8st direkte via appen eller med stemmen \u2013 helt uden fysiske lysd\u00e6mpere. Med flere WiZ-lyskilder aktiveres SpaceSense-bev\u00e6gelsesdetektering, s\u00e5 lyset automatisk t\u00e6nder ved bev\u00e6gelse. Overv\u00e5g og optimer str\u00f8mforbruget direkte i WiZ-appen.P\u00e6ren er energieffektiv med kun 4,7\u20134,9 watt str\u00f8mforbrug (svarende til 50W halogen) og op til 81 lumen pr. watt. Den har en levetid p\u00e5 mellem 15.000 og 25.000 timer, kan klare 50.000 t\u00e6nd\/sluk-cyklusser og t\u00e6nder straks uden opvarmning \u2013 alt sammen kviks\u00f8lvfrit og milj\u00f8venligt.Lang levetid: Op til 25.000 timer og 50.000 cyklusserG\u00f8r din belysning intelligent med et stilfuldt, energieffektivt LED-spot, der fuldt ud kan tilpasses din hverdag. Udforsk flere muligheder i .<\/p>\n<p>Sammenlign priser p\u00e5 WIZ Spot 50 W PAR16 GU10 og k\u00f8b online til den billigste pris, samt p\u00e5 tilbud!\u00a0\u00a0Tjek den bedste pris, produkt beskrivelse, video, test, anmeldelser osv.<\/p>\n<p><strong>Brand: <\/strong>Wiz<br \/>\n<strong>EAN: <\/strong>8718699787134<br \/>\n<strong>Producentens varenr.:<\/strong> 8718699787134<\/p>\n<p><strong>P.S.<\/strong><br \/>\nTilmeld dig til &#8220;Opret Gratis Prisfald Alarm&#8221;, og bliv underrettet med det samme om prisfald p\u00e5 WIZ Spot 50 W PAR16 GU10, og f\u00e5 den billigste pris!<\/p>\n<p>&nbsp;<\/p>\n<p>&nbsp;<\/p>\n","protected":false},"excerpt":{"rendered":"<p>K\u00f8b billig WIZ Spot 50 W PAR16 GU10! Oplev alsidig, stemningsfuld belysning med et intelligent fuldfarvet LED-spot, der kombinerer klassisk GU10-standard og moderne smart home-teknologi. Denne kompakte PAR16-p\u00e6re har et frostet glas for et bl\u00f8dt, behageligt lys og passer til de fleste almindelige lampearmaturer.Betjen nemt lyset tr\u00e5dl\u00f8st via WiZ-appen, WiZ fjernbetjening eller med din stemme [&hellip;]<\/p>\n","protected":false},"featured_media":999980000004462150,"template":"","meta":[],"store":[1272516],"product_brand":[1272522],"product_cat":[1272407],"product_tag":[1272697,1275183],"class_list":{"0":"post-446215","1":"product","2":"type-product","3":"status-publish","4":"has-post-thumbnail","6":"store-butik24","7":"product_brand-wiz","8":"product_cat-belysning-2","9":"product_tag-belysning","10":"product_tag-wiz","11":"pa_maerke-wiz","13":"first","14":"instock","15":"product-type-external"},"_links":{"self":[{"href":"https:\/\/www.pricetornado.com\/da\/wp-json\/wp\/v2\/product\/446215","targetHints":{"allow":["GET"]}}],"collection":[{"href":"https:\/\/www.pricetornado.com\/da\/wp-json\/wp\/v2\/product"}],"about":[{"href":"https:\/\/www.pricetornado.com\/da\/wp-json\/wp\/v2\/types\/product"}],"wp:featuredmedia":[{"embeddable":true,"href":"https:\/\/www.pricetornado.com\/da\/wp-json\/"}],"wp:attachment":[{"href":"https:\/\/www.pricetornado.com\/da\/wp-json\/wp\/v2\/media?parent=446215"}],"wp:term":[{"taxonomy":"store","embeddable":true,"href":"https:\/\/www.pricetornado.com\/da\/wp-json\/wp\/v2\/store?post=446215"},{"taxonomy":"product_brand","embeddable":true,"href":"https:\/\/www.pricetornado.com\/da\/wp-json\/wp\/v2\/product_brand?post=446215"},{"taxonomy":"product_cat","embeddable":true,"href":"https:\/\/www.pricetornado.com\/da\/wp-json\/wp\/v2\/product_cat?post=446215"},{"taxonomy":"product_tag","embeddable":true,"href":"https:\/\/www.pricetornado.com\/da\/wp-json\/wp\/v2\/product_tag?post=446215"}],"curies":[{"name":"wp","href":"https:\/\/api.w.org\/{rel}","templated":true}]}}