{"id":446208,"date":"2025-02-22T09:36:34","date_gmt":"2025-02-22T08:36:34","guid":{"rendered":"https:\/\/www.pricetornado.com\/da\/produkt\/nedis-lodret-tv-vaegbeslag-23-55-maksimal-vaegt-30-kg-lodret-bevaegelse-0-282-mm-minimum-vaegafstand-61-mm-maksimal-vaegafstand-565-mm-vipbar-kan-drejes-3-drejepunkter\/"},"modified":"2026-04-17T05:40:05","modified_gmt":"2026-04-17T03:40:05","slug":"nedis-lodret-tv-vaegbeslag-23-55-maksimal-vaegt-30-kg-lodret-bevaegelse-0-282-mm-minimum-vaegafstand-61-mm-maksimal-vaegafstand-565-mm-vipbar-kan-drejes-3-drejepunkter","status":"publish","type":"product","link":"https:\/\/www.pricetornado.com\/da\/produkt\/nedis-lodret-tv-vaegbeslag-23-55-maksimal-vaegt-30-kg-lodret-bevaegelse-0-282-mm-minimum-vaegafstand-61-mm-maksimal-vaegafstand-565-mm-vipbar-kan-drejes-3-drejepunkter\/","title":{"rendered":"Nedis &#8211; Lodret TV V\u00e6gbeslag | 23 &#8211; 55 &quot; | Maksimal v\u00e6gt: 30 kg | Lodret bev\u00e6gelse: 0-282 mm | Minimum v\u00e6gafstand: 61 mm | Maksimal v\u00e6gafstand: 565 mm | Vipbar | Kan drejes | 3 Drejepunkt(er) | ABS \/ St\u00e5l | Sort &#8211; TVWM2732BK"},"content":{"rendered":"<p>K\u00f8b billig Nedis &#8211; Lodret TV V\u00e6gbeslag | 23 &#8211; 55 &quot; | Maksimal v\u00e6gt: 30 kg | Lodret bev\u00e6gelse: 0-282 mm | Minimum v\u00e6gafstand: 61 mm | Maksimal v\u00e6gafstand: 565 mm | Vipbar | Kan drejes | 3 Drejepunkt(er) | ABS \/ St\u00e5l | Sort &#8211; TVWM2732BK!<br \/>\nF\u00e5 den ideelle betragtningsvinkel i hele rummet med dette ultrajusterbare, lodrette tv-v\u00e6gbeslag fra Nedis. Beslaget passer til b\u00e5de fladsk\u00e6rme og buede tv-sk\u00e6rme fra 23&quot; til 55&quot; og kan b\u00e6re op til 30 kg, hvilket sikrer stabil og sikker montering. Det robuste beslag er fremstillet af ABS og st\u00e5l, der giver ekstra holdbarhed og stabilitet.Beslagets vertikale bev\u00e6gelighed p\u00e5 0-282 mm g\u00f8r det let at placere dit tv i den perfekte h\u00f8jde. Du kan justere afstanden fra v\u00e6ggen mellem 61 mm og 565 mm, s\u00e5 fjernsynet altid f\u00e5r den \u00f8nskede placering i rummet. Sk\u00e6rmen kan vippes fra +5\u00b0 op til -15\u00b0 ned for at minimere genskin og forbedre billedoplevelsen. Desuden kan tv\u2019et roteres hele 180\u00b0 takket v\u00e6re tre drejepunkter, og den indbyggede nivellering p\u00e5 \u00b13\u00b0 sikrer, at sk\u00e6rmen altid h\u00e6nger helt lige \u2013 selv ved sk\u00e6ve v\u00e6gge eller sk\u00e6v ops\u00e6tning.Det integrerede kabelstyringssystem holder dine kabler organiserede og skjult bag tv\u2019et. Dette bidrager til et mere ryddeligt og p\u00e6nt udtryk i stuen uden synlige, rodede ledninger. f\u00e5r du frihed til at tilpasse din tv-oplevelse til netop dit rum og dine behov. V\u00e6lg en l\u00f8sning, der kombinerer enkelthed, funktion og \u00e6stetik \u2013 og g\u00f8r det nemt at opn\u00e5 den helt rigtige tv-placering hjemme hos dig.<\/p>\n<p>Sammenlign priser p\u00e5 Nedis &#8211; Lodret TV V\u00e6gbeslag | 23 &#8211; 55 &quot; | Maksimal v\u00e6gt: 30 kg | Lodret bev\u00e6gelse: 0-282 mm | Minimum v\u00e6gafstand: 61 mm | Maksimal v\u00e6gafstand: 565 mm | Vipbar | Kan drejes | 3 Drejepunkt(er) | ABS \/ St\u00e5l | Sort &#8211; TVWM2732BK og k\u00f8b online til den billigste pris, samt p\u00e5 tilbud!\u00a0\u00a0Tjek den bedste pris, produkt beskrivelse, video, test, anmeldelser osv.<\/p>\n<p><strong>Brand: <\/strong>Nedis<br \/>\n<strong>EAN: <\/strong>5412810319732<br \/>\n<strong>Producentens varenr.:<\/strong> 5412810319732<\/p>\n<p><strong>P.S.<\/strong><br \/>\nTilmeld dig til &#8220;Opret Gratis Prisfald Alarm&#8221;, og bliv underrettet med det samme om prisfald p\u00e5 Nedis &#8211; Lodret TV V\u00e6gbeslag | 23 &#8211; 55 &quot; | Maksimal v\u00e6gt: 30 kg | Lodret bev\u00e6gelse: 0-282 mm | Minimum v\u00e6gafstand: 61 mm | Maksimal v\u00e6gafstand: 565 mm | Vipbar | Kan drejes | 3 Drejepunkt(er) | ABS \/ St\u00e5l | Sort &#8211; TVWM2732BK, og f\u00e5 den billigste pris!<\/p>\n<p>&nbsp;<\/p>\n<p>&nbsp;<\/p>\n","protected":false},"excerpt":{"rendered":"<p>K\u00f8b billig Nedis &#8211; Lodret TV V\u00e6gbeslag | 23 &#8211; 55 &quot; | Maksimal v\u00e6gt: 30 kg | Lodret bev\u00e6gelse: 0-282 mm | Minimum v\u00e6gafstand: 61 mm | Maksimal v\u00e6gafstand: 565 mm | Vipbar | Kan drejes | 3 Drejepunkt(er) | ABS \/ St\u00e5l | Sort &#8211; TVWM2732BK! F\u00e5 den ideelle betragtningsvinkel i hele rummet [&hellip;]<\/p>\n","protected":false},"featured_media":999980000004462080,"template":"","meta":[],"store":[1272516],"product_brand":[1272517],"product_cat":[1272427],"product_tag":[1272678,1275178],"class_list":{"0":"post-446208","1":"product","2":"type-product","3":"status-publish","4":"has-post-thumbnail","6":"store-butik24","7":"product_brand-nedis","8":"product_cat-beslag","9":"product_tag-beslag","10":"product_tag-nedis","11":"pa_maerke-nedis","13":"first","14":"instock","15":"product-type-external"},"_links":{"self":[{"href":"https:\/\/www.pricetornado.com\/da\/wp-json\/wp\/v2\/product\/446208","targetHints":{"allow":["GET"]}}],"collection":[{"href":"https:\/\/www.pricetornado.com\/da\/wp-json\/wp\/v2\/product"}],"about":[{"href":"https:\/\/www.pricetornado.com\/da\/wp-json\/wp\/v2\/types\/product"}],"wp:featuredmedia":[{"embeddable":true,"href":"https:\/\/www.pricetornado.com\/da\/wp-json\/"}],"wp:attachment":[{"href":"https:\/\/www.pricetornado.com\/da\/wp-json\/wp\/v2\/media?parent=446208"}],"wp:term":[{"taxonomy":"store","embeddable":true,"href":"https:\/\/www.pricetornado.com\/da\/wp-json\/wp\/v2\/store?post=446208"},{"taxonomy":"product_brand","embeddable":true,"href":"https:\/\/www.pricetornado.com\/da\/wp-json\/wp\/v2\/product_brand?post=446208"},{"taxonomy":"product_cat","embeddable":true,"href":"https:\/\/www.pricetornado.com\/da\/wp-json\/wp\/v2\/product_cat?post=446208"},{"taxonomy":"product_tag","embeddable":true,"href":"https:\/\/www.pricetornado.com\/da\/wp-json\/wp\/v2\/product_tag?post=446208"}],"curies":[{"name":"wp","href":"https:\/\/api.w.org\/{rel}","templated":true}]}}