{"id":446203,"date":"2025-02-21T05:26:38","date_gmt":"2025-02-21T04:26:38","guid":{"rendered":"https:\/\/www.pricetornado.com\/da\/produkt\/nedis-fuld-motion-tv-vaegbeslag-43-100-maksimal-vaegt-70-kg-vipbar-kan-drejes-minimum-vaegafstand-70-mm-maksimal-vaegafstand-800-mm-3-drejepunkter-staal-sort-tvwm65\/"},"modified":"2026-05-15T02:00:37","modified_gmt":"2026-05-15T00:00:37","slug":"nedis-fuld-motion-tv-vaegbeslag-43-100-maksimal-vaegt-70-kg-vipbar-kan-drejes-minimum-vaegafstand-70-mm-maksimal-vaegafstand-800-mm-3-drejepunkter-staal-sort-tvwm65","status":"publish","type":"product","link":"https:\/\/www.pricetornado.com\/da\/produkt\/nedis-fuld-motion-tv-vaegbeslag-43-100-maksimal-vaegt-70-kg-vipbar-kan-drejes-minimum-vaegafstand-70-mm-maksimal-vaegafstand-800-mm-3-drejepunkter-staal-sort-tvwm65\/","title":{"rendered":"Nedis &#8211; Fuld Motion TV V\u00e6gbeslag | 43 &#8211; 100 &quot; | Maksimal v\u00e6gt: 70 kg | Vipbar | Kan drejes | Minimum v\u00e6gafstand: 70 mm | Maksimal v\u00e6gafstand: 800 mm | 3 Drejepunkt(er) | St\u00e5l | Sort &#8211; TVWM6570BK"},"content":{"rendered":"<p>K\u00f8b billig Nedis &#8211; Fuld Motion TV V\u00e6gbeslag | 43 &#8211; 100 &quot; | Maksimal v\u00e6gt: 70 kg | Vipbar | Kan drejes | Minimum v\u00e6gafstand: 70 mm | Maksimal v\u00e6gafstand: 800 mm | 3 Drejepunkt(er) | St\u00e5l | Sort &#8211; TVWM6570BK!<br \/>\nDette Nedis fuld motion tv-v\u00e6gbeslag er ideelt til fjernsyn med sk\u00e6rmst\u00f8rrelser fra 43&quot; til 100&quot; og underst\u00f8tter op til 70 kg. Den solide st\u00e5lkonstruktion sikrer lang holdbarhed og stabil oph\u00e6ngning af dit tv.Dette sikrer, at du nemt kan finde den mest komfortable betragtningsvinkel \u2013 uanset hvor du sidder.V\u00e6gbeslaget kan justeres fra 70 mm op til 800 mm fra v\u00e6ggen, s\u00e5 du kan placere tv\u2019et optimalt i rummet. Den smarte slide-in VESA-plade g\u00f8r det hurtigt og enkelt at montere eller afmontere tv\u2019et.Integreret kabelstyring holder kablerne organiseret og skjult bag tv\u2019et, s\u00e5 installationen fremst\u00e5r ren og stilfuld.Med dette tv-v\u00e6gbeslag fra Nedis f\u00e5r du en holdbar, fleksibel og brugervenlig l\u00f8sning, der sikrer optimal visningsoplevelse i enhver stue.<\/p>\n<p>Sammenlign priser p\u00e5 Nedis &#8211; Fuld Motion TV V\u00e6gbeslag | 43 &#8211; 100 &quot; | Maksimal v\u00e6gt: 70 kg | Vipbar | Kan drejes | Minimum v\u00e6gafstand: 70 mm | Maksimal v\u00e6gafstand: 800 mm | 3 Drejepunkt(er) | St\u00e5l | Sort &#8211; TVWM6570BK og k\u00f8b online til den billigste pris, samt p\u00e5 tilbud!\u00a0\u00a0Tjek den bedste pris, produkt beskrivelse, video, test, anmeldelser osv.<\/p>\n<p><strong>Brand: <\/strong>Nedis<br \/>\n<strong>EAN: <\/strong>5412810271016<br \/>\n<strong>Producentens varenr.:<\/strong> 5412810271016<\/p>\n<p><strong>P.S.<\/strong><br \/>\nTilmeld dig til &#8220;Opret Gratis Prisfald Alarm&#8221;, og bliv underrettet med det samme om prisfald p\u00e5 Nedis &#8211; Fuld Motion TV V\u00e6gbeslag | 43 &#8211; 100 &quot; | Maksimal v\u00e6gt: 70 kg | Vipbar | Kan drejes | Minimum v\u00e6gafstand: 70 mm | Maksimal v\u00e6gafstand: 800 mm | 3 Drejepunkt(er) | St\u00e5l | Sort &#8211; TVWM6570BK, og f\u00e5 den billigste pris!<\/p>\n<p>&nbsp;<\/p>\n<p>&nbsp;<\/p>\n","protected":false},"excerpt":{"rendered":"<p>K\u00f8b billig Nedis &#8211; Fuld Motion TV V\u00e6gbeslag | 43 &#8211; 100 &quot; | Maksimal v\u00e6gt: 70 kg | Vipbar | Kan drejes | Minimum v\u00e6gafstand: 70 mm | Maksimal v\u00e6gafstand: 800 mm | 3 Drejepunkt(er) | St\u00e5l | Sort &#8211; TVWM6570BK! Dette Nedis fuld motion tv-v\u00e6gbeslag er ideelt til fjernsyn med sk\u00e6rmst\u00f8rrelser fra 43&quot; [&hellip;]<\/p>\n","protected":false},"featured_media":999980000004462030,"template":"","meta":[],"store":[1272516],"product_brand":[1272517],"product_cat":[1272427],"product_tag":[1272678,1275178],"class_list":{"0":"post-446203","1":"product","2":"type-product","3":"status-publish","4":"has-post-thumbnail","6":"store-butik24","7":"product_brand-nedis","8":"product_cat-beslag","9":"product_tag-beslag","10":"product_tag-nedis","11":"pa_maerke-nedis","13":"first","14":"instock","15":"product-type-external"},"_links":{"self":[{"href":"https:\/\/www.pricetornado.com\/da\/wp-json\/wp\/v2\/product\/446203","targetHints":{"allow":["GET"]}}],"collection":[{"href":"https:\/\/www.pricetornado.com\/da\/wp-json\/wp\/v2\/product"}],"about":[{"href":"https:\/\/www.pricetornado.com\/da\/wp-json\/wp\/v2\/types\/product"}],"wp:featuredmedia":[{"embeddable":true,"href":"https:\/\/www.pricetornado.com\/da\/wp-json\/"}],"wp:attachment":[{"href":"https:\/\/www.pricetornado.com\/da\/wp-json\/wp\/v2\/media?parent=446203"}],"wp:term":[{"taxonomy":"store","embeddable":true,"href":"https:\/\/www.pricetornado.com\/da\/wp-json\/wp\/v2\/store?post=446203"},{"taxonomy":"product_brand","embeddable":true,"href":"https:\/\/www.pricetornado.com\/da\/wp-json\/wp\/v2\/product_brand?post=446203"},{"taxonomy":"product_cat","embeddable":true,"href":"https:\/\/www.pricetornado.com\/da\/wp-json\/wp\/v2\/product_cat?post=446203"},{"taxonomy":"product_tag","embeddable":true,"href":"https:\/\/www.pricetornado.com\/da\/wp-json\/wp\/v2\/product_tag?post=446203"}],"curies":[{"name":"wp","href":"https:\/\/api.w.org\/{rel}","templated":true}]}}