{"id":446200,"date":"2025-02-21T08:24:58","date_gmt":"2025-02-21T07:24:58","guid":{"rendered":"https:\/\/www.pricetornado.com\/da\/produkt\/nedis-luftrenser-velegnet-til-rum-op-til-20-m%c2%b2-ren-luftforsendelsesrate-cadr-130-m%c2%b3-h-luftkvalitetsindikator-hvid-aipu100cwt\/"},"modified":"2026-04-17T06:40:06","modified_gmt":"2026-04-17T04:40:06","slug":"nedis-luftrenser-velegnet-til-rum-op-til-20-m%c2%b2-ren-luftforsendelsesrate-cadr-130-m%c2%b3-h-luftkvalitetsindikator-hvid-aipu100cwt","status":"publish","type":"product","link":"https:\/\/www.pricetornado.com\/da\/produkt\/nedis-luftrenser-velegnet-til-rum-op-til-20-m%c2%b2-ren-luftforsendelsesrate-cadr-130-m%c2%b3-h-luftkvalitetsindikator-hvid-aipu100cwt\/","title":{"rendered":"Nedis &#8211; Luftrenser | Velegnet til rum op til: 20 m\u00b2 | Ren Luftforsendelsesrate (CADR): 130 m\u00b3\/h | Luftkvalitetsindikator | Hvid &#8211; AIPU100CWT"},"content":{"rendered":"<p>K\u00f8b billig Nedis &#8211; Luftrenser | Velegnet til rum op til: 20 m\u00b2 | Ren Luftforsendelsesrate (CADR): 130 m\u00b3\/h | Luftkvalitetsindikator | Hvid &#8211; AIPU100CWT!<br \/>\nEt rent hjem eller kontor handler ikke kun om synlig orden \u2013 luftkvaliteten spiller en afg\u00f8rende rolle for dit velv\u00e6re. Selvom et lokale ser p\u00e6nt ud, kan der stadig v\u00e6re usynlige st\u00f8v- og smudspartikler i luften, som kan p\u00e5virke din sundhed. Med Nedis luftrenseren f\u00e5r du en effektiv l\u00f8sning, der forbedrer indeklimaet i rum op til 20 m\u00b2, s\u00e5 du og din familie kan nyde ren og frisk luft hver dag.Denne luftrenser er udstyret med et avanceret HEPA-filter, der fjerner op til 99,99 % af alle partikler p\u00e5 0,3 mikrometer eller st\u00f8rre \u2013 herunder pollen, st\u00f8vmider og andre allergener. Den indbyggede ionisator f\u00e5r luftb\u00e5rne partikler til at falde til gulvet, hvilket yderligere reducerer m\u00e6ngden af st\u00f8v og snavs i luften og bidrager til et sundere milj\u00f8 indend\u00f8rs.Tre bl\u00e6serhastigheder, s\u00e5 du kan tilpasse luftcirkulationen efter behov.Nattetilstand med ekstra lavt st\u00f8jniveau og slukkede lys, perfekt til sovev\u00e6relser eller b\u00f8rnev\u00e6relser.Indbygget stemningslys med flere farver for at skabe en behagelig atmosf\u00e6re.Filterindikator, der giver dig besked, n\u00e5r det er tid til at udskifte filteret.Luftrenseren er fremstillet af let og holdbart plastmateriale, hvilket g\u00f8r den nem at flytte rundt i hjemmet eller p\u00e5 kontoret. De antiskridende gummif\u00f8dder sikrer en stabil placering p\u00e5 alle overflader. Enheden har et kompakt design og et maksimalt str\u00f8mforbrug p\u00e5 kun 35 watt, hvilket g\u00f8r den b\u00e5de energivenlig og praktisk til daglig brug.V\u00e6lg Nedis luftrenseren for at skabe et renere og mere behageligt indeklima med f\u00e6rre allergener og et mere komfortabelt milj\u00f8 \u2013 perfekt til b\u00e5de hjemmet og arbejdspladsen.<\/p>\n<p>Sammenlign priser p\u00e5 Nedis &#8211; Luftrenser | Velegnet til rum op til: 20 m\u00b2 | Ren Luftforsendelsesrate (CADR): 130 m\u00b3\/h | Luftkvalitetsindikator | Hvid &#8211; AIPU100CWT og k\u00f8b online til den billigste pris, samt p\u00e5 tilbud!\u00a0\u00a0Tjek den bedste pris, produkt beskrivelse, video, test, anmeldelser osv.<\/p>\n<p><strong>Brand: <\/strong>Nedis<br \/>\n<strong>EAN: <\/strong>5412810319565<br \/>\n<strong>Producentens varenr.:<\/strong> 5412810319565<\/p>\n<p><strong>P.S.<\/strong><br \/>\nTilmeld dig til &#8220;Opret Gratis Prisfald Alarm&#8221;, og bliv underrettet med det samme om prisfald p\u00e5 Nedis &#8211; Luftrenser | Velegnet til rum op til: 20 m\u00b2 | Ren Luftforsendelsesrate (CADR): 130 m\u00b3\/h | Luftkvalitetsindikator | Hvid &#8211; AIPU100CWT, og f\u00e5 den billigste pris!<\/p>\n<p>&nbsp;<\/p>\n<p>&nbsp;<\/p>\n","protected":false},"excerpt":{"rendered":"<p>K\u00f8b billig Nedis &#8211; Luftrenser | Velegnet til rum op til: 20 m\u00b2 | Ren Luftforsendelsesrate (CADR): 130 m\u00b3\/h | Luftkvalitetsindikator | Hvid &#8211; AIPU100CWT! Et rent hjem eller kontor handler ikke kun om synlig orden \u2013 luftkvaliteten spiller en afg\u00f8rende rolle for dit velv\u00e6re. Selvom et lokale ser p\u00e6nt ud, kan der stadig v\u00e6re [&hellip;]<\/p>\n","protected":false},"featured_media":999980000004462000,"template":"","meta":[],"store":[1272516],"product_brand":[1272517],"product_cat":[1272421],"product_tag":[1272687,1275178],"class_list":{"0":"post-446200","1":"product","2":"type-product","3":"status-publish","4":"has-post-thumbnail","6":"store-butik24","7":"product_brand-nedis","8":"product_cat-klima","9":"product_tag-klima","10":"product_tag-nedis","11":"pa_maerke-nedis","13":"first","14":"instock","15":"product-type-external"},"_links":{"self":[{"href":"https:\/\/www.pricetornado.com\/da\/wp-json\/wp\/v2\/product\/446200","targetHints":{"allow":["GET"]}}],"collection":[{"href":"https:\/\/www.pricetornado.com\/da\/wp-json\/wp\/v2\/product"}],"about":[{"href":"https:\/\/www.pricetornado.com\/da\/wp-json\/wp\/v2\/types\/product"}],"wp:featuredmedia":[{"embeddable":true,"href":"https:\/\/www.pricetornado.com\/da\/wp-json\/"}],"wp:attachment":[{"href":"https:\/\/www.pricetornado.com\/da\/wp-json\/wp\/v2\/media?parent=446200"}],"wp:term":[{"taxonomy":"store","embeddable":true,"href":"https:\/\/www.pricetornado.com\/da\/wp-json\/wp\/v2\/store?post=446200"},{"taxonomy":"product_brand","embeddable":true,"href":"https:\/\/www.pricetornado.com\/da\/wp-json\/wp\/v2\/product_brand?post=446200"},{"taxonomy":"product_cat","embeddable":true,"href":"https:\/\/www.pricetornado.com\/da\/wp-json\/wp\/v2\/product_cat?post=446200"},{"taxonomy":"product_tag","embeddable":true,"href":"https:\/\/www.pricetornado.com\/da\/wp-json\/wp\/v2\/product_tag?post=446200"}],"curies":[{"name":"wp","href":"https:\/\/api.w.org\/{rel}","templated":true}]}}