{"id":446197,"date":"2025-02-20T18:45:09","date_gmt":"2025-02-20T17:45:09","guid":{"rendered":"https:\/\/www.pricetornado.com\/da\/produkt\/philips-na230-00-airfryer-2000-series-6-2l\/"},"modified":"2026-04-17T02:10:11","modified_gmt":"2026-04-17T00:10:11","slug":"philips-na230-00-airfryer-2000-series-6-2l","status":"publish","type":"product","link":"https:\/\/www.pricetornado.com\/da\/produkt\/philips-na230-00-airfryer-2000-series-6-2l\/","title":{"rendered":"Philips NA230\/00 Airfryer 2000 Series 6.2L"},"content":{"rendered":"<p>K\u00f8b billig Philips NA230\/00 Airfryer 2000 Series 6.2L!<br \/>\nOplev hurtig og sund madlavning med Philips Airfryer 2000 Series. Den unikke RapidAir-teknologi med det s\u00e6rlige Starfish-design cirkulerer varm luft effektivt, s\u00e5 du f\u00e5r retter med spr\u00f8d yderside og m\u00f8r inderside \u2013 helt uden at g\u00e5 p\u00e5 kompromis med smagen og med minimal brug af olie. Airfryeren er lavet i let og holdbar plast, hvilket g\u00f8r den kompakt og nem at h\u00e5ndtere i alle slags k\u00f8kkener.Det digitale touchscreen-interface giver dig mulighed for at v\u00e6lge mellem 9 forudindstillede programmer som frosne pommes frites, friskfritter, kyllingel\u00e5r, k\u00f8d, fisk, morgenmad, gr\u00f8ntsager, kage og varmholdning. Derudover kan du manuelt indstille tid og temperatur eller v\u00e6lge mellem 13 fleksible tilberedningsmetoder, herunder airfrying, bagning, grill, stegning, genopvarmning, opt\u00f8ning og varmholdning.F\u00f8lg tilberedningsprocessen uden at \u00e5bne skuffen \u2013 det store vindue i Airfryerens skuffe g\u00f8r det nemt at holde \u00f8je med dine yndlingsretter under madlavningen og opn\u00e5 perfekte resultater hver gang.Spar tid og energi med Philips Airfryer 2000 Series: Tilbered maden op til 50 % hurtigere og brug op til 70 % mindre elektricitet sammenlignet med en traditionel ovn. Nyd samtidig en sundere livsstil med op til 90 % mindre fedt i dine retter, uden at du m\u00e5 g\u00e5 p\u00e5 kompromis med den gode smag.Den aftagelige non-stick StarPlate er opvaskemaskinesikker, hvilket g\u00f8r reng\u00f8ringen b\u00e5de hurtig og problemfri, s\u00e5 du kan bruge mere tid p\u00e5 madlavning og mindre p\u00e5 oprydning.*Baseret p\u00e5 tilberedning af pommes frites i Philips Airfryer sammenlignet med en almindelig frituregryde.<\/p>\n<p>Sammenlign priser p\u00e5 Philips NA230\/00 Airfryer 2000 Series 6.2L og k\u00f8b online til den billigste pris, samt p\u00e5 tilbud!\u00a0\u00a0Tjek den bedste pris, produkt beskrivelse, video, test, anmeldelser osv.<\/p>\n<p><strong>Brand: <\/strong>Philips<br \/>\n<strong>EAN: <\/strong>8720389035173<br \/>\n<strong>Producentens varenr.:<\/strong> 8720389035173<\/p>\n<p><strong>P.S.<\/strong><br \/>\nTilmeld dig til &#8220;Opret Gratis Prisfald Alarm&#8221;, og bliv underrettet med det samme om prisfald p\u00e5 Philips NA230\/00 Airfryer 2000 Series 6.2L, og f\u00e5 den billigste pris!<\/p>\n<p>&nbsp;<\/p>\n<p>&nbsp;<\/p>\n","protected":false},"excerpt":{"rendered":"<p>K\u00f8b billig Philips NA230\/00 Airfryer 2000 Series 6.2L! Oplev hurtig og sund madlavning med Philips Airfryer 2000 Series. Den unikke RapidAir-teknologi med det s\u00e6rlige Starfish-design cirkulerer varm luft effektivt, s\u00e5 du f\u00e5r retter med spr\u00f8d yderside og m\u00f8r inderside \u2013 helt uden at g\u00e5 p\u00e5 kompromis med smagen og med minimal brug af olie. Airfryeren [&hellip;]<\/p>\n","protected":false},"featured_media":999980000004461970,"template":"","meta":[],"store":[1272516],"product_brand":[1272519],"product_cat":[831418],"product_tag":[1272683,1275180],"class_list":{"0":"post-446197","1":"product","2":"type-product","3":"status-publish","4":"has-post-thumbnail","6":"store-butik24","7":"product_brand-philips","8":"product_cat-koekkenudstyr","9":"product_tag-koekkenudstyr","10":"product_tag-philips","11":"pa_maerke-philips","13":"first","14":"instock","15":"product-type-external"},"_links":{"self":[{"href":"https:\/\/www.pricetornado.com\/da\/wp-json\/wp\/v2\/product\/446197","targetHints":{"allow":["GET"]}}],"collection":[{"href":"https:\/\/www.pricetornado.com\/da\/wp-json\/wp\/v2\/product"}],"about":[{"href":"https:\/\/www.pricetornado.com\/da\/wp-json\/wp\/v2\/types\/product"}],"wp:featuredmedia":[{"embeddable":true,"href":"https:\/\/www.pricetornado.com\/da\/wp-json\/"}],"wp:attachment":[{"href":"https:\/\/www.pricetornado.com\/da\/wp-json\/wp\/v2\/media?parent=446197"}],"wp:term":[{"taxonomy":"store","embeddable":true,"href":"https:\/\/www.pricetornado.com\/da\/wp-json\/wp\/v2\/store?post=446197"},{"taxonomy":"product_brand","embeddable":true,"href":"https:\/\/www.pricetornado.com\/da\/wp-json\/wp\/v2\/product_brand?post=446197"},{"taxonomy":"product_cat","embeddable":true,"href":"https:\/\/www.pricetornado.com\/da\/wp-json\/wp\/v2\/product_cat?post=446197"},{"taxonomy":"product_tag","embeddable":true,"href":"https:\/\/www.pricetornado.com\/da\/wp-json\/wp\/v2\/product_tag?post=446197"}],"curies":[{"name":"wp","href":"https:\/\/api.w.org\/{rel}","templated":true}]}}