{"id":446195,"date":"2025-02-25T12:56:47","date_gmt":"2025-02-25T11:56:47","guid":{"rendered":"https:\/\/www.pricetornado.com\/da\/produkt\/philips-xc8043-01-ledningsfri-haandstoevsuger-med-skaft\/"},"modified":"2026-04-29T11:30:27","modified_gmt":"2026-04-29T09:30:27","slug":"philips-xc8043-01-ledningsfri-haandstoevsuger-med-skaft","status":"publish","type":"product","link":"https:\/\/www.pricetornado.com\/da\/produkt\/philips-xc8043-01-ledningsfri-haandstoevsuger-med-skaft\/","title":{"rendered":"Philips XC8043\/01 Ledningsfri h\u00e5ndst\u00f8vsuger med skaft"},"content":{"rendered":"<p>K\u00f8b billig Philips XC8043\/01 Ledningsfri h\u00e5ndst\u00f8vsuger med skaft!<br \/>\nOplev maksimal reng\u00f8ringskraft og fleksibilitet i hele hjemmet med Philips ledningsfri h\u00e5ndst\u00f8vsuger. Med et kraftigt, genopladeligt lithium-ion-batteri f\u00e5r du op til 70 minutters driftstid i eco-tilstand og 28 minutter i Turbo-tilstand, s\u00e5 du kan reng\u00f8re mere end 125 m\u00b2 p\u00e5 en enkelt opladning. Det g\u00f8r daglig reng\u00f8ring nem og ubesv\u00e6ret \u2013 uanset rummets st\u00f8rrelse.Philips ledningsfri h\u00e5ndst\u00f8vsuger bygger p\u00e5 materialer, der sikrer holdbarhed og let h\u00e5ndtering, og det kraftfulde lithium-ion-batteri bidrager til en p\u00e5lidelig og effektiv reng\u00f8ring hver gang. G\u00f8r reng\u00f8ringen mere effektiv og bekvem \u2013 oplev forskellen med Philips ledningsfri h\u00e5ndst\u00f8vsuger.<\/p>\n<p>Sammenlign priser p\u00e5 Philips XC8043\/01 Ledningsfri h\u00e5ndst\u00f8vsuger med skaft og k\u00f8b online til den billigste pris, samt p\u00e5 tilbud!\u00a0\u00a0Tjek den bedste pris, produkt beskrivelse, video, test, anmeldelser osv.<\/p>\n<p><strong>Brand: <\/strong>Philips<br \/>\n<strong>EAN: <\/strong>8710103910077<br \/>\n<strong>Producentens varenr.:<\/strong> 8710103910077<\/p>\n<p><strong>P.S.<\/strong><br \/>\nTilmeld dig til &#8220;Opret Gratis Prisfald Alarm&#8221;, og bliv underrettet med det samme om prisfald p\u00e5 Philips XC8043\/01 Ledningsfri h\u00e5ndst\u00f8vsuger med skaft, og f\u00e5 den billigste pris!<\/p>\n<p>&nbsp;<\/p>\n<p>&nbsp;<\/p>\n","protected":false},"excerpt":{"rendered":"<p>K\u00f8b billig Philips XC8043\/01 Ledningsfri h\u00e5ndst\u00f8vsuger med skaft! Oplev maksimal reng\u00f8ringskraft og fleksibilitet i hele hjemmet med Philips ledningsfri h\u00e5ndst\u00f8vsuger. Med et kraftigt, genopladeligt lithium-ion-batteri f\u00e5r du op til 70 minutters driftstid i eco-tilstand og 28 minutter i Turbo-tilstand, s\u00e5 du kan reng\u00f8re mere end 125 m\u00b2 p\u00e5 en enkelt opladning. Det g\u00f8r daglig reng\u00f8ring [&hellip;]<\/p>\n","protected":false},"featured_media":999980000004461950,"template":"","meta":[],"store":[1272516],"product_brand":[1272519],"product_cat":[1272411],"product_tag":[1275180,1272720],"class_list":{"0":"post-446195","1":"product","2":"type-product","3":"status-publish","4":"has-post-thumbnail","6":"store-butik24","7":"product_brand-philips","8":"product_cat-stoevsugere","9":"product_tag-philips","10":"product_tag-stoevsugere","11":"pa_maerke-philips","13":"first","14":"instock","15":"product-type-external"},"_links":{"self":[{"href":"https:\/\/www.pricetornado.com\/da\/wp-json\/wp\/v2\/product\/446195","targetHints":{"allow":["GET"]}}],"collection":[{"href":"https:\/\/www.pricetornado.com\/da\/wp-json\/wp\/v2\/product"}],"about":[{"href":"https:\/\/www.pricetornado.com\/da\/wp-json\/wp\/v2\/types\/product"}],"wp:featuredmedia":[{"embeddable":true,"href":"https:\/\/www.pricetornado.com\/da\/wp-json\/"}],"wp:attachment":[{"href":"https:\/\/www.pricetornado.com\/da\/wp-json\/wp\/v2\/media?parent=446195"}],"wp:term":[{"taxonomy":"store","embeddable":true,"href":"https:\/\/www.pricetornado.com\/da\/wp-json\/wp\/v2\/store?post=446195"},{"taxonomy":"product_brand","embeddable":true,"href":"https:\/\/www.pricetornado.com\/da\/wp-json\/wp\/v2\/product_brand?post=446195"},{"taxonomy":"product_cat","embeddable":true,"href":"https:\/\/www.pricetornado.com\/da\/wp-json\/wp\/v2\/product_cat?post=446195"},{"taxonomy":"product_tag","embeddable":true,"href":"https:\/\/www.pricetornado.com\/da\/wp-json\/wp\/v2\/product_tag?post=446195"}],"curies":[{"name":"wp","href":"https:\/\/api.w.org\/{rel}","templated":true}]}}