{"id":446194,"date":"2025-02-20T00:16:13","date_gmt":"2025-02-19T23:16:13","guid":{"rendered":"https:\/\/www.pricetornado.com\/da\/produkt\/gastronoma-stavblender-m-hakker-pisk-baeger-sort-stainless-steel-1000w\/"},"modified":"2026-04-17T08:50:07","modified_gmt":"2026-04-17T06:50:07","slug":"gastronoma-stavblender-m-hakker-pisk-baeger-sort-stainless-steel-1000w","status":"publish","type":"product","link":"https:\/\/www.pricetornado.com\/da\/produkt\/gastronoma-stavblender-m-hakker-pisk-baeger-sort-stainless-steel-1000w\/","title":{"rendered":"Gastronoma Stavblender m\/hakker\/pisk\/b\u00e6ger, sort\/stainless steel, 1000W"},"content":{"rendered":"<p>K\u00f8b billig Gastronoma Stavblender m\/hakker\/pisk\/b\u00e6ger, sort\/stainless steel, 1000W!<br \/>\nGastronoma stavblender er et uundv\u00e6rligt redskab til hverdagsbrug i k\u00f8kkenet. Den g\u00f8r det nemt og hurtigt at blende, piske og hakke alt fra fl\u00f8deskum, pesto og smoothies til saucer og supper. Med sin kraftige motor og alsidige funktioner er stavblenderen ideel til nem og effektiv madlavning.Stavblenderen er udstyret med en st\u00e6rk 1000W motor, som sikrer en stabil og effektiv blenderoplevelse. Den byder p\u00e5 to hastighedsindstillinger samt trinl\u00f8s justering, s\u00e5 du kan tilpasse blendingen til netop de ingredienser og teksturer, du arbejder med.B\u00e5de kniv, fod og piskeris er fremstillet i rustfrit st\u00e5l, hvilket giver h\u00f8j holdbarhed og beskytter mod korrosion. Minihakkeren og dens l\u00e5g er ligeledes lavet af slidst\u00e6rke materialer, hvilket sammen med st\u00e5ldelene sikrer lang levetid samt nem og hurtig reng\u00f8ring efter brug.Stavblenderen er designet med fokus p\u00e5 brugervenlighed og sikkerhed og kan anvendes af b\u00f8rn fra 8 \u00e5r samt personer med nedsat fysisk eller sensorisk funktionsevne.G\u00f8r daglig madlavning nemmere, hurtigere og mere alsidig med denne effektive og robuste Gastronoma stavblender.<\/p>\n<p>Sammenlign priser p\u00e5 Gastronoma Stavblender m\/hakker\/pisk\/b\u00e6ger, sort\/stainless steel, 1000W og k\u00f8b online til den billigste pris, samt p\u00e5 tilbud!\u00a0\u00a0Tjek den bedste pris, produkt beskrivelse, video, test, anmeldelser osv.<\/p>\n<p><strong>Brand: <\/strong>Gastronoma<br \/>\n<strong>EAN: <\/strong>5707442001729<br \/>\n<strong>Producentens varenr.:<\/strong> 5707442001729<\/p>\n<p><strong>P.S.<\/strong><br \/>\nTilmeld dig til &#8220;Opret Gratis Prisfald Alarm&#8221;, og bliv underrettet med det samme om prisfald p\u00e5 Gastronoma Stavblender m\/hakker\/pisk\/b\u00e6ger, sort\/stainless steel, 1000W, og f\u00e5 den billigste pris!<\/p>\n<p>&nbsp;<\/p>\n<p>&nbsp;<\/p>\n","protected":false},"excerpt":{"rendered":"<p>K\u00f8b billig Gastronoma Stavblender m\/hakker\/pisk\/b\u00e6ger, sort\/stainless steel, 1000W! Gastronoma stavblender er et uundv\u00e6rligt redskab til hverdagsbrug i k\u00f8kkenet. Den g\u00f8r det nemt og hurtigt at blende, piske og hakke alt fra fl\u00f8deskum, pesto og smoothies til saucer og supper. Med sin kraftige motor og alsidige funktioner er stavblenderen ideel til nem og effektiv madlavning.Stavblenderen er [&hellip;]<\/p>\n","protected":false},"featured_media":999980000004461940,"template":"","meta":[],"store":[1272516],"product_brand":[1272524],"product_cat":[1272415],"product_tag":[1275185,1272724],"class_list":{"0":"post-446194","1":"product","2":"type-product","3":"status-publish","4":"has-post-thumbnail","6":"store-butik24","7":"product_brand-gastronoma","8":"product_cat-husholdning","9":"product_tag-gastronoma","10":"product_tag-husholdning","11":"pa_maerke-gastronoma","13":"first","14":"instock","15":"product-type-external"},"_links":{"self":[{"href":"https:\/\/www.pricetornado.com\/da\/wp-json\/wp\/v2\/product\/446194","targetHints":{"allow":["GET"]}}],"collection":[{"href":"https:\/\/www.pricetornado.com\/da\/wp-json\/wp\/v2\/product"}],"about":[{"href":"https:\/\/www.pricetornado.com\/da\/wp-json\/wp\/v2\/types\/product"}],"wp:featuredmedia":[{"embeddable":true,"href":"https:\/\/www.pricetornado.com\/da\/wp-json\/"}],"wp:attachment":[{"href":"https:\/\/www.pricetornado.com\/da\/wp-json\/wp\/v2\/media?parent=446194"}],"wp:term":[{"taxonomy":"store","embeddable":true,"href":"https:\/\/www.pricetornado.com\/da\/wp-json\/wp\/v2\/store?post=446194"},{"taxonomy":"product_brand","embeddable":true,"href":"https:\/\/www.pricetornado.com\/da\/wp-json\/wp\/v2\/product_brand?post=446194"},{"taxonomy":"product_cat","embeddable":true,"href":"https:\/\/www.pricetornado.com\/da\/wp-json\/wp\/v2\/product_cat?post=446194"},{"taxonomy":"product_tag","embeddable":true,"href":"https:\/\/www.pricetornado.com\/da\/wp-json\/wp\/v2\/product_tag?post=446194"}],"curies":[{"name":"wp","href":"https:\/\/api.w.org\/{rel}","templated":true}]}}