{"id":446193,"date":"2025-02-24T04:46:26","date_gmt":"2025-02-24T03:46:26","guid":{"rendered":"https:\/\/www.pricetornado.com\/da\/produkt\/nedis-motoriseret-tv-vaegbeslag-32-75-maksimal-vaegt-50-kg-kan-drejes-minimum-vaegafstand-56-mm-fjernstyret-abs-staal-sort-tvwm5860bk\/"},"modified":"2026-04-19T09:10:46","modified_gmt":"2026-04-19T07:10:46","slug":"nedis-motoriseret-tv-vaegbeslag-32-75-maksimal-vaegt-50-kg-kan-drejes-minimum-vaegafstand-56-mm-fjernstyret-abs-staal-sort-tvwm5860bk","status":"publish","type":"product","link":"https:\/\/www.pricetornado.com\/da\/produkt\/nedis-motoriseret-tv-vaegbeslag-32-75-maksimal-vaegt-50-kg-kan-drejes-minimum-vaegafstand-56-mm-fjernstyret-abs-staal-sort-tvwm5860bk\/","title":{"rendered":"Nedis &#8211; Motoriseret TV V\u00e6gbeslag | 32 &#8211; 75 &quot; | Maksimal v\u00e6gt: 50 kg | Kan drejes | Minimum v\u00e6gafstand: 56 mm | Fjernstyret | ABS \/ St\u00e5l | Sort &#8211; TVWM5860BK"},"content":{"rendered":"<p>K\u00f8b billig Nedis &#8211; Motoriseret TV V\u00e6gbeslag | 32 &#8211; 75 &quot; | Maksimal v\u00e6gt: 50 kg | Kan drejes | Minimum v\u00e6gafstand: 56 mm | Fjernstyret | ABS \/ St\u00e5l | Sort &#8211; TVWM5860BK!<br \/>\nNedis motoriseret mellemst\u00f8rrelse svingbeslag er den ideelle l\u00f8sning til en problemfri og dynamisk tv-oplevelse. Dette TV-beslag er kompatibelt med tv-sk\u00e6rme fra 32&quot; til 75&quot; og underst\u00f8tter en v\u00e6gt p\u00e5 op til 50 kg, hvilket sikrer stabilitet og p\u00e5lidelighed til enhver ops\u00e6tning i hjemmet.Med den motoriserede arm kan dit tv automatisk drejes op til 170\u00b0, hvilket muligg\u00f8r optimal synsvinkel fra flere positioner i rummet. Den medf\u00f8lgende fjernbetjening g\u00f8r det let at indstille beslaget, og du kan til enhver tid v\u00e6lge mellem to forudindstillede positioner for maksimal brugervenlighed. En nivelleringsjustering p\u00e5 1,5\u00b0 og den integrerede niveauboble sikrer, at monteringen altid er lige og professionel.Beslaget er fremstillet af ABS-st\u00e5l, hvilket giver en perfekt balance mellem styrke og letv\u00e6gtsegenskaber. Den solide pivotmekanisme sikrer, at v\u00e6gbeslaget b\u00e5de er modstandsdygtigt og langtidsholdbart. Minimumsafstanden til v\u00e6ggen er 56 mm, hvilket giver b\u00e5de pladsbesparelse og stabil montering.Installation tager under 15 minutter, s\u00e5 du hurtigt kan nyde en forbedret tv-oplevelse.Kompatibel med VESA-standarder fra 200&#215;200 til 600&#215;400, hvilket g\u00f8r det velegnet til mange tv-modeller.Integreret kabelstyring holder alle ledninger organiserede og ude af syne for et ordentligt og stilrent look.Fungerer b\u00e5de med 12V DC str\u00f8mforsyning og 2x AAA-batterier (batterier medf\u00f8lger ikke).Lavt str\u00f8mforbrug i standby p\u00e5 kun 0,3W bidrager til energieffektivitet i hjemmet.Med dette motoriserede TV v\u00e6gbeslag fra Nedis f\u00e5r du en brugervenlig, stabil og innovativ l\u00f8sning, der l\u00f8fter din hjemmeunderholdningsoplevelse til et nyt niveau. Bes\u00f8g vores sortiment af produkter for flere smarte l\u00f8sninger til hjemmet.<\/p>\n<p>Sammenlign priser p\u00e5 Nedis &#8211; Motoriseret TV V\u00e6gbeslag | 32 &#8211; 75 &quot; | Maksimal v\u00e6gt: 50 kg | Kan drejes | Minimum v\u00e6gafstand: 56 mm | Fjernstyret | ABS \/ St\u00e5l | Sort &#8211; TVWM5860BK og k\u00f8b online til den billigste pris, samt p\u00e5 tilbud!\u00a0\u00a0Tjek den bedste pris, produkt beskrivelse, video, test, anmeldelser osv.<\/p>\n<p><strong>Brand: <\/strong>Nedis<br \/>\n<strong>EAN: <\/strong>5412810450565<br \/>\n<strong>Producentens varenr.:<\/strong> 5412810450565<\/p>\n<p><strong>P.S.<\/strong><br \/>\nTilmeld dig til &#8220;Opret Gratis Prisfald Alarm&#8221;, og bliv underrettet med det samme om prisfald p\u00e5 Nedis &#8211; Motoriseret TV V\u00e6gbeslag | 32 &#8211; 75 &quot; | Maksimal v\u00e6gt: 50 kg | Kan drejes | Minimum v\u00e6gafstand: 56 mm | Fjernstyret | ABS \/ St\u00e5l | Sort &#8211; TVWM5860BK, og f\u00e5 den billigste pris!<\/p>\n<p>&nbsp;<\/p>\n<p>&nbsp;<\/p>\n","protected":false},"excerpt":{"rendered":"<p>K\u00f8b billig Nedis &#8211; Motoriseret TV V\u00e6gbeslag | 32 &#8211; 75 &quot; | Maksimal v\u00e6gt: 50 kg | Kan drejes | Minimum v\u00e6gafstand: 56 mm | Fjernstyret | ABS \/ St\u00e5l | Sort &#8211; TVWM5860BK! Nedis motoriseret mellemst\u00f8rrelse svingbeslag er den ideelle l\u00f8sning til en problemfri og dynamisk tv-oplevelse. Dette TV-beslag er kompatibelt med tv-sk\u00e6rme [&hellip;]<\/p>\n","protected":false},"featured_media":999980000004461930,"template":"","meta":[],"store":[1272516],"product_brand":[1272517],"product_cat":[1272427],"product_tag":[1272678,1275178],"class_list":{"0":"post-446193","1":"product","2":"type-product","3":"status-publish","4":"has-post-thumbnail","6":"store-butik24","7":"product_brand-nedis","8":"product_cat-beslag","9":"product_tag-beslag","10":"product_tag-nedis","11":"pa_maerke-nedis","13":"first","14":"instock","15":"product-type-external"},"_links":{"self":[{"href":"https:\/\/www.pricetornado.com\/da\/wp-json\/wp\/v2\/product\/446193","targetHints":{"allow":["GET"]}}],"collection":[{"href":"https:\/\/www.pricetornado.com\/da\/wp-json\/wp\/v2\/product"}],"about":[{"href":"https:\/\/www.pricetornado.com\/da\/wp-json\/wp\/v2\/types\/product"}],"wp:featuredmedia":[{"embeddable":true,"href":"https:\/\/www.pricetornado.com\/da\/wp-json\/"}],"wp:attachment":[{"href":"https:\/\/www.pricetornado.com\/da\/wp-json\/wp\/v2\/media?parent=446193"}],"wp:term":[{"taxonomy":"store","embeddable":true,"href":"https:\/\/www.pricetornado.com\/da\/wp-json\/wp\/v2\/store?post=446193"},{"taxonomy":"product_brand","embeddable":true,"href":"https:\/\/www.pricetornado.com\/da\/wp-json\/wp\/v2\/product_brand?post=446193"},{"taxonomy":"product_cat","embeddable":true,"href":"https:\/\/www.pricetornado.com\/da\/wp-json\/wp\/v2\/product_cat?post=446193"},{"taxonomy":"product_tag","embeddable":true,"href":"https:\/\/www.pricetornado.com\/da\/wp-json\/wp\/v2\/product_tag?post=446193"}],"curies":[{"name":"wp","href":"https:\/\/api.w.org\/{rel}","templated":true}]}}