{"id":446191,"date":"2025-02-27T00:46:12","date_gmt":"2025-02-26T23:46:12","guid":{"rendered":"https:\/\/www.pricetornado.com\/da\/produkt\/nedis-kawk130ebk-elkedel-sort\/"},"modified":"2026-04-20T04:50:28","modified_gmt":"2026-04-20T02:50:28","slug":"nedis-kawk130ebk-elkedel-sort","status":"publish","type":"product","link":"https:\/\/www.pricetornado.com\/da\/produkt\/nedis-kawk130ebk-elkedel-sort\/","title":{"rendered":"Nedis KAWK130EBK Elkedel &#8211; Sort"},"content":{"rendered":"<p>K\u00f8b billig Nedis KAWK130EBK Elkedel &#8211; Sort!<br \/>\nDenne elkedel fra Nedis er designet med en rummelig 1,7 liters kapacitet, hvilket g\u00f8r den ideel til b\u00e5de hverdagens behov og n\u00e5r du f\u00e5r g\u00e6ster. Elkedlens lette og holdbare plastkonstruktion g\u00f8r den nem at flytte og placer i ethvert k\u00f8kken. En ledningsfri 360\u00b0 roterbar base sikrer, at elkedlen kan l\u00f8ftes og s\u00e6ttes p\u00e5 plads fra alle vinkler, hvilket g\u00f8r den velegnet til b\u00e5de h\u00f8jre- og venstreh\u00e5ndede.Elkedlen er udstyret med automatisk sluk-funktion og t\u00f8rkogssikring, s\u00e5 den slukker selv, n\u00e5r vandet n\u00e5r kogepunktet, eller hvis den t\u00e6ndes uden vand. Dette beskytter b\u00e5de elkedlen og brugeren og forl\u00e6nger produktets levetid.Oplev en elkedel, der kombinerer brugervenlighed, sikkerhed og nem vedligeholdelse \u2013 perfekt til alle varme drikke i hverdagen. Se hele udvalget af hos Butik24.<\/p>\n<p>Sammenlign priser p\u00e5 Nedis KAWK130EBK Elkedel &#8211; Sort og k\u00f8b online til den billigste pris, samt p\u00e5 tilbud!\u00a0\u00a0Tjek den bedste pris, produkt beskrivelse, video, test, anmeldelser osv.<\/p>\n<p><strong>Brand: <\/strong>Nedis<br \/>\n<strong>EAN: <\/strong>5412810329885<br \/>\n<strong>Producentens varenr.:<\/strong> 5412810329885<\/p>\n<p><strong>P.S.<\/strong><br \/>\nTilmeld dig til &#8220;Opret Gratis Prisfald Alarm&#8221;, og bliv underrettet med det samme om prisfald p\u00e5 Nedis KAWK130EBK Elkedel &#8211; Sort, og f\u00e5 den billigste pris!<\/p>\n<p>&nbsp;<\/p>\n<p>&nbsp;<\/p>\n","protected":false},"excerpt":{"rendered":"<p>K\u00f8b billig Nedis KAWK130EBK Elkedel &#8211; Sort! Denne elkedel fra Nedis er designet med en rummelig 1,7 liters kapacitet, hvilket g\u00f8r den ideel til b\u00e5de hverdagens behov og n\u00e5r du f\u00e5r g\u00e6ster. Elkedlens lette og holdbare plastkonstruktion g\u00f8r den nem at flytte og placer i ethvert k\u00f8kken. En ledningsfri 360\u00b0 roterbar base sikrer, at elkedlen [&hellip;]<\/p>\n","protected":false},"featured_media":999980000004461910,"template":"","meta":[],"store":[1272516],"product_brand":[1272517],"product_cat":[831418],"product_tag":[1272683,1275178],"class_list":{"0":"post-446191","1":"product","2":"type-product","3":"status-publish","4":"has-post-thumbnail","6":"store-butik24","7":"product_brand-nedis","8":"product_cat-koekkenudstyr","9":"product_tag-koekkenudstyr","10":"product_tag-nedis","11":"pa_maerke-nedis","13":"first","14":"instock","15":"product-type-external"},"_links":{"self":[{"href":"https:\/\/www.pricetornado.com\/da\/wp-json\/wp\/v2\/product\/446191","targetHints":{"allow":["GET"]}}],"collection":[{"href":"https:\/\/www.pricetornado.com\/da\/wp-json\/wp\/v2\/product"}],"about":[{"href":"https:\/\/www.pricetornado.com\/da\/wp-json\/wp\/v2\/types\/product"}],"wp:featuredmedia":[{"embeddable":true,"href":"https:\/\/www.pricetornado.com\/da\/wp-json\/"}],"wp:attachment":[{"href":"https:\/\/www.pricetornado.com\/da\/wp-json\/wp\/v2\/media?parent=446191"}],"wp:term":[{"taxonomy":"store","embeddable":true,"href":"https:\/\/www.pricetornado.com\/da\/wp-json\/wp\/v2\/store?post=446191"},{"taxonomy":"product_brand","embeddable":true,"href":"https:\/\/www.pricetornado.com\/da\/wp-json\/wp\/v2\/product_brand?post=446191"},{"taxonomy":"product_cat","embeddable":true,"href":"https:\/\/www.pricetornado.com\/da\/wp-json\/wp\/v2\/product_cat?post=446191"},{"taxonomy":"product_tag","embeddable":true,"href":"https:\/\/www.pricetornado.com\/da\/wp-json\/wp\/v2\/product_tag?post=446191"}],"curies":[{"name":"wp","href":"https:\/\/api.w.org\/{rel}","templated":true}]}}