{"id":446189,"date":"2025-02-24T23:09:28","date_gmt":"2025-02-24T22:09:28","guid":{"rendered":"https:\/\/www.pricetornado.com\/da\/produkt\/nedis-kaeb120eal-aeggekoger-til-3-aeg\/"},"modified":"2026-04-23T04:10:23","modified_gmt":"2026-04-23T02:10:23","slug":"nedis-kaeb120eal-aeggekoger-til-3-aeg","status":"publish","type":"product","link":"https:\/\/www.pricetornado.com\/da\/produkt\/nedis-kaeb120eal-aeggekoger-til-3-aeg\/","title":{"rendered":"Nedis KAEB120EAL \u00c6ggekoger til 3 \u00e6g"},"content":{"rendered":"<p>K\u00f8b billig Nedis KAEB120EAL \u00c6ggekoger til 3 \u00e6g!<br \/>\nMed denne Nedis \u00e6ggekoger f\u00e5r du hurtigt og nemt perfekte h\u00e5rdkogte, mediumkogte eller bl\u00f8dkogte \u00e6g \u2013 ideel til travle morgener eller for dig, der er ny i k\u00f8kkenet. En p\u00e5lidelig l\u00f8sning til mindre husholdninger, hvor du \u00f8nsker en solid start p\u00e5 dagen med minimal indsats.Du skal blot tils\u00e6tte den rette m\u00e6ngde vand med den medf\u00f8lgende m\u00e5lekop. Brug den indbyggede \u00e6gstikker bag p\u00e5 kanden til at prikke et hul i hvert \u00e6g, s\u00e5 de ikke revner under kogningen. \u00c6ggekogeren overv\u00e5ger b\u00e5de tid og temperatur automatisk, s\u00e5 du trygt kan lave andre ting imens. N\u00e5r lydalarmen aktiveres, er dine \u00e6g perfekte og fri for u\u00f8nsket gr\u00e5 eller bl\u00e5 farve som f\u00f8lge af overtilberedning.\u00c6ggekogeren er fremstillet af aluminium og sorte komponenter, hvilket giver effektiv varmefordeling og \u00f8get holdbarhed. Det slanke, rektangul\u00e6re design g\u00f8r den nem at opbevare i k\u00f8kkenet, og det kompakte format er velegnet til sm\u00e5 husholdninger. T\u00e6nd\/sluk-kontakten sikrer nem betjening, s\u00e5 du ikke beh\u00f8ver tage stikket ud efter brug.Det har aldrig v\u00e6ret nemmere at f\u00e5 en l\u00e6kker og n\u00e6rende morgenmad. Med Nedis \u00e6ggekoger f\u00e5r du hurtigt \u00e6g tilberedt, pr\u00e6cis som du vil have dem \u2013 uden besv\u00e6r og uden risiko for overkogning. Perfekt til b\u00e5de nybegyndere og travle familiemedlemmer.<\/p>\n<p>Sammenlign priser p\u00e5 Nedis KAEB120EAL \u00c6ggekoger til 3 \u00e6g og k\u00f8b online til den billigste pris, samt p\u00e5 tilbud!\u00a0\u00a0Tjek den bedste pris, produkt beskrivelse, video, test, anmeldelser osv.<\/p>\n<p><strong>Brand: <\/strong>Nedis<br \/>\n<strong>EAN: <\/strong>5412810323159<br \/>\n<strong>Producentens varenr.:<\/strong> 5412810323159<\/p>\n<p><strong>P.S.<\/strong><br \/>\nTilmeld dig til &#8220;Opret Gratis Prisfald Alarm&#8221;, og bliv underrettet med det samme om prisfald p\u00e5 Nedis KAEB120EAL \u00c6ggekoger til 3 \u00e6g, og f\u00e5 den billigste pris!<\/p>\n<p>&nbsp;<\/p>\n<p>&nbsp;<\/p>\n","protected":false},"excerpt":{"rendered":"<p>K\u00f8b billig Nedis KAEB120EAL \u00c6ggekoger til 3 \u00e6g! Med denne Nedis \u00e6ggekoger f\u00e5r du hurtigt og nemt perfekte h\u00e5rdkogte, mediumkogte eller bl\u00f8dkogte \u00e6g \u2013 ideel til travle morgener eller for dig, der er ny i k\u00f8kkenet. En p\u00e5lidelig l\u00f8sning til mindre husholdninger, hvor du \u00f8nsker en solid start p\u00e5 dagen med minimal indsats.Du skal blot [&hellip;]<\/p>\n","protected":false},"featured_media":999980000004461890,"template":"","meta":[],"store":[1272516],"product_brand":[1272517],"product_cat":[1272418],"product_tag":[1272757,1275178],"class_list":{"0":"post-446189","1":"product","2":"type-product","3":"status-publish","4":"has-post-thumbnail","6":"store-butik24","7":"product_brand-nedis","8":"product_cat-koekkenmaskiner","9":"product_tag-koekkenmaskiner","10":"product_tag-nedis","11":"pa_maerke-nedis","13":"first","14":"instock","15":"product-type-external"},"_links":{"self":[{"href":"https:\/\/www.pricetornado.com\/da\/wp-json\/wp\/v2\/product\/446189","targetHints":{"allow":["GET"]}}],"collection":[{"href":"https:\/\/www.pricetornado.com\/da\/wp-json\/wp\/v2\/product"}],"about":[{"href":"https:\/\/www.pricetornado.com\/da\/wp-json\/wp\/v2\/types\/product"}],"wp:featuredmedia":[{"embeddable":true,"href":"https:\/\/www.pricetornado.com\/da\/wp-json\/"}],"wp:attachment":[{"href":"https:\/\/www.pricetornado.com\/da\/wp-json\/wp\/v2\/media?parent=446189"}],"wp:term":[{"taxonomy":"store","embeddable":true,"href":"https:\/\/www.pricetornado.com\/da\/wp-json\/wp\/v2\/store?post=446189"},{"taxonomy":"product_brand","embeddable":true,"href":"https:\/\/www.pricetornado.com\/da\/wp-json\/wp\/v2\/product_brand?post=446189"},{"taxonomy":"product_cat","embeddable":true,"href":"https:\/\/www.pricetornado.com\/da\/wp-json\/wp\/v2\/product_cat?post=446189"},{"taxonomy":"product_tag","embeddable":true,"href":"https:\/\/www.pricetornado.com\/da\/wp-json\/wp\/v2\/product_tag?post=446189"}],"curies":[{"name":"wp","href":"https:\/\/api.w.org\/{rel}","templated":true}]}}