{"id":446187,"date":"2025-02-20T11:18:34","date_gmt":"2025-02-20T10:18:34","guid":{"rendered":"https:\/\/www.pricetornado.com\/da\/produkt\/nedis-wifihs10wt-smartlife-personvaegt\/"},"modified":"2026-04-18T02:30:57","modified_gmt":"2026-04-18T00:30:57","slug":"nedis-wifihs10wt-smartlife-personvaegt","status":"publish","type":"product","link":"https:\/\/www.pricetornado.com\/da\/produkt\/nedis-wifihs10wt-smartlife-personvaegt\/","title":{"rendered":"Nedis WIFIHS10WT SmartLife Personv\u00e6gt"},"content":{"rendered":"<p>K\u00f8b billig Nedis WIFIHS10WT SmartLife Personv\u00e6gt!<br \/>\nOplev nem og pr\u00e6cis vejning med Nedis SmartLife Wi-Fi personv\u00e6gt, der hurtigt viser din v\u00e6gt p\u00e5 et klart, digitalt og bl\u00e5t display. Udover v\u00e6gtm\u00e5ling foretager v\u00e6gten en komplet kropsanalyse og m\u00e5ler bl.a. fedt-, vand-, muskel-, knogle- og proteinniveau, BMI, BMR og metabolisk alder. Dermed kan du nemt holde styr p\u00e5 dine sundhedsdata og udvikling.Personv\u00e6gten er ideel til hele familien, da den underst\u00f8tter op til otte individuelle brugerkonti via den intuitive Nedis SmartLife-app. Alle m\u00e5linger gemmes automatisk p\u00e5 den korrekte brugerprofil, uden at du skal skifte konto manuelt. Appen g\u00f8r det let at f\u00f8lge udviklingen over tid med tydelige grafer og statistik, s\u00e5 du kan registrere \u00e6ndringer og fastholde motivationen i din livsstil.V\u00e6gten er fremstillet med en platform i h\u00e6rdet glas, som g\u00f8r overfladen robust og let at reng\u00f8re. Glasset er modstandsdygtigt overfor ridser og slitage, hvilket sikrer b\u00e5de holdbarhed og et stilrent udseende i lang tid. Designet er kompakt og batteridrevet, s\u00e5 v\u00e6gten nemt kan flyttes og placeres fleksibelt uden generende kabler.Med Nedis SmartLife Wi-Fi personv\u00e6gt f\u00e5r du et brugervenligt redskab, der g\u00f8r det nemt at holde \u00f8je med b\u00e5de din egen og familiens sundhed. Alt du skal g\u00f8re, er at tr\u00e6de op p\u00e5 v\u00e6gten \u2013 resten klarer appen for dig. Overv\u00e5g dine m\u00e5l og fremgang, og oplev motivationen, n\u00e5r du n\u00e6rmer dig den \u00f8nskede v\u00e6gt eller forbedrer din kropssammens\u00e6tning. G\u00f8r sundhedsoverv\u00e5gning let og overskuelig for hele familien..<\/p>\n<p>Sammenlign priser p\u00e5 Nedis WIFIHS10WT SmartLife Personv\u00e6gt og k\u00f8b online til den billigste pris, samt p\u00e5 tilbud!\u00a0\u00a0Tjek den bedste pris, produkt beskrivelse, video, test, anmeldelser osv.<\/p>\n<p><strong>Brand: <\/strong>Nedis<br \/>\n<strong>EAN: <\/strong>5412810306312<br \/>\n<strong>Producentens varenr.:<\/strong> 5412810306312<\/p>\n<p><strong>P.S.<\/strong><br \/>\nTilmeld dig til &#8220;Opret Gratis Prisfald Alarm&#8221;, og bliv underrettet med det samme om prisfald p\u00e5 Nedis WIFIHS10WT SmartLife Personv\u00e6gt, og f\u00e5 den billigste pris!<\/p>\n<p>&nbsp;<\/p>\n<p>&nbsp;<\/p>\n","protected":false},"excerpt":{"rendered":"<p>K\u00f8b billig Nedis WIFIHS10WT SmartLife Personv\u00e6gt! Oplev nem og pr\u00e6cis vejning med Nedis SmartLife Wi-Fi personv\u00e6gt, der hurtigt viser din v\u00e6gt p\u00e5 et klart, digitalt og bl\u00e5t display. Udover v\u00e6gtm\u00e5ling foretager v\u00e6gten en komplet kropsanalyse og m\u00e5ler bl.a. fedt-, vand-, muskel-, knogle- og proteinniveau, BMI, BMR og metabolisk alder. Dermed kan du nemt holde styr [&hellip;]<\/p>\n","protected":false},"featured_media":999980000004461870,"template":"","meta":[],"store":[1272516],"product_brand":[1272517],"product_cat":[1272412],"product_tag":[1275178,1272807],"class_list":{"0":"post-446187","1":"product","2":"type-product","3":"status-publish","4":"has-post-thumbnail","6":"store-butik24","7":"product_brand-nedis","8":"product_cat-sundhed-og-velvaere","9":"product_tag-nedis","10":"product_tag-sundhed-og-velvaere","11":"pa_maerke-nedis","13":"first","14":"instock","15":"product-type-external"},"_links":{"self":[{"href":"https:\/\/www.pricetornado.com\/da\/wp-json\/wp\/v2\/product\/446187","targetHints":{"allow":["GET"]}}],"collection":[{"href":"https:\/\/www.pricetornado.com\/da\/wp-json\/wp\/v2\/product"}],"about":[{"href":"https:\/\/www.pricetornado.com\/da\/wp-json\/wp\/v2\/types\/product"}],"wp:featuredmedia":[{"embeddable":true,"href":"https:\/\/www.pricetornado.com\/da\/wp-json\/"}],"wp:attachment":[{"href":"https:\/\/www.pricetornado.com\/da\/wp-json\/wp\/v2\/media?parent=446187"}],"wp:term":[{"taxonomy":"store","embeddable":true,"href":"https:\/\/www.pricetornado.com\/da\/wp-json\/wp\/v2\/store?post=446187"},{"taxonomy":"product_brand","embeddable":true,"href":"https:\/\/www.pricetornado.com\/da\/wp-json\/wp\/v2\/product_brand?post=446187"},{"taxonomy":"product_cat","embeddable":true,"href":"https:\/\/www.pricetornado.com\/da\/wp-json\/wp\/v2\/product_cat?post=446187"},{"taxonomy":"product_tag","embeddable":true,"href":"https:\/\/www.pricetornado.com\/da\/wp-json\/wp\/v2\/product_tag?post=446187"}],"curies":[{"name":"wp","href":"https:\/\/api.w.org\/{rel}","templated":true}]}}