{"id":446186,"date":"2025-02-21T04:33:52","date_gmt":"2025-02-21T03:33:52","guid":{"rendered":"https:\/\/www.pricetornado.com\/da\/produkt\/philips-i9000-prestige-ultra-elektrisk-shaver-vaad-og-toer-barbering-med-skiniq-pro-xp9404-46\/"},"modified":"2026-04-20T08:10:33","modified_gmt":"2026-04-20T06:10:33","slug":"philips-i9000-prestige-ultra-elektrisk-shaver-vaad-og-toer-barbering-med-skiniq-pro-xp9404-46","status":"publish","type":"product","link":"https:\/\/www.pricetornado.com\/da\/produkt\/philips-i9000-prestige-ultra-elektrisk-shaver-vaad-og-toer-barbering-med-skiniq-pro-xp9404-46\/","title":{"rendered":"Philips i9000 Prestige Ultra Elektrisk shaver v\u00e5d og t\u00f8r barbering med SkinIQ Pro &#8211; XP9404\/46"},"content":{"rendered":"<p>K\u00f8b billig Philips i9000 Prestige Ultra Elektrisk shaver v\u00e5d og t\u00f8r barbering med SkinIQ Pro &#8211; XP9404\/46!<br \/>\nOplev en t\u00e6t barbering, der varer hele dagen, og ultimativ hudkomfort med Philips i9000 Prestige Ultra. Denne innovative barbermaskine er udstyret med Triple Action Lift &amp; Cut-system, der l\u00f8fter og sk\u00e6rer h\u00e5ret helt ned til -0,08 mm under hudniveau. Med SkinIQ Pro-teknologi f\u00e5r du nu hele fem barberingstilstande, som giver optimal komfort uanset hudtype, og sikrer en pr\u00e6cis barbering selv p\u00e5 sv\u00e6rt tilg\u00e6ngelige omr\u00e5der.Barbermaskinen er udstyret med NanoTech Dual Precision-klinger i rumfartsst\u00e5l, der selvsliber og holder i op til to \u00e5r mellem udskiftninger. Hydro SkinGlide-bel\u00e6gningen med 500.000 mikroteknologiske perler pr. cm\u00b2 reducerer friktion og giver en glidende, behagelig barbering. Det 360\u00b0 fleksible hoved tilpasser sig ansigtets konturer og sikrer en ensartet barbering uden un\u00f8dig irritation.Philips i9000 Prestige Ultra er vandt\u00e6t, s\u00e5 du kan barbere dig b\u00e5de t\u00f8rt, med skum eller under bruseren. Barbermaskinen \u00e5bnes med \u00e9t tryk for nem reng\u00f8ring, og den medf\u00f8lgende UV-reng\u00f8ringsstation desinficerer hovedet p\u00e5 blot 10 minutter. Dette dr\u00e6ber 99,9 % af bakterier s\u00e5som Escherichia coli og Staphylococcus aureus for en hygiejnisk barbering hver gang.F\u00e5 op til 60 minutters drift p\u00e5 \u00e9n opladning, og drag fordel af langtidsholdbarhed med 7 \u00e5rs garanti p\u00e5 motor og batteri, n\u00e5r du registrerer produktet p\u00e5 Philips.com inden for 90 dage efter k\u00f8bet. Den robuste konstruktion og materialernes kvalitet sikrer p\u00e5lidelig ydeevne \u00e5r efter \u00e5r.Opgrader din barberingsrutine med Philips i9000 Prestige Ultra, og oplev en t\u00e6t, behagelig og personlig barbering hver dag. Find flere innovative produkter fra hos Butik24.<\/p>\n<p>Sammenlign priser p\u00e5 Philips i9000 Prestige Ultra Elektrisk shaver v\u00e5d og t\u00f8r barbering med SkinIQ Pro &#8211; XP9404\/46 og k\u00f8b online til den billigste pris, samt p\u00e5 tilbud!\u00a0\u00a0Tjek den bedste pris, produkt beskrivelse, video, test, anmeldelser osv.<\/p>\n<p><strong>Brand: <\/strong>Philips<br \/>\n<strong>EAN: <\/strong>8720689037112<br \/>\n<strong>Producentens varenr.:<\/strong> 8720689037112<\/p>\n<p><strong>P.S.<\/strong><br \/>\nTilmeld dig til &#8220;Opret Gratis Prisfald Alarm&#8221;, og bliv underrettet med det samme om prisfald p\u00e5 Philips i9000 Prestige Ultra Elektrisk shaver v\u00e5d og t\u00f8r barbering med SkinIQ Pro &#8211; XP9404\/46, og f\u00e5 den billigste pris!<\/p>\n<p>&nbsp;<\/p>\n<p>&nbsp;<\/p>\n","protected":false},"excerpt":{"rendered":"<p>K\u00f8b billig Philips i9000 Prestige Ultra Elektrisk shaver v\u00e5d og t\u00f8r barbering med SkinIQ Pro &#8211; XP9404\/46! Oplev en t\u00e6t barbering, der varer hele dagen, og ultimativ hudkomfort med Philips i9000 Prestige Ultra. Denne innovative barbermaskine er udstyret med Triple Action Lift &amp; Cut-system, der l\u00f8fter og sk\u00e6rer h\u00e5ret helt ned til -0,08 mm under [&hellip;]<\/p>\n","protected":false},"featured_media":999980000004461860,"template":"","meta":[],"store":[1272516],"product_brand":[1272519],"product_cat":[1272413],"product_tag":[1272706,1275180],"class_list":{"0":"post-446186","1":"product","2":"type-product","3":"status-publish","4":"has-post-thumbnail","6":"store-butik24","7":"product_brand-philips","8":"product_cat-personlig-pleje","9":"product_tag-personlig-pleje","10":"product_tag-philips","11":"pa_maerke-philips","13":"first","14":"instock","15":"product-type-external"},"_links":{"self":[{"href":"https:\/\/www.pricetornado.com\/da\/wp-json\/wp\/v2\/product\/446186","targetHints":{"allow":["GET"]}}],"collection":[{"href":"https:\/\/www.pricetornado.com\/da\/wp-json\/wp\/v2\/product"}],"about":[{"href":"https:\/\/www.pricetornado.com\/da\/wp-json\/wp\/v2\/types\/product"}],"wp:featuredmedia":[{"embeddable":true,"href":"https:\/\/www.pricetornado.com\/da\/wp-json\/"}],"wp:attachment":[{"href":"https:\/\/www.pricetornado.com\/da\/wp-json\/wp\/v2\/media?parent=446186"}],"wp:term":[{"taxonomy":"store","embeddable":true,"href":"https:\/\/www.pricetornado.com\/da\/wp-json\/wp\/v2\/store?post=446186"},{"taxonomy":"product_brand","embeddable":true,"href":"https:\/\/www.pricetornado.com\/da\/wp-json\/wp\/v2\/product_brand?post=446186"},{"taxonomy":"product_cat","embeddable":true,"href":"https:\/\/www.pricetornado.com\/da\/wp-json\/wp\/v2\/product_cat?post=446186"},{"taxonomy":"product_tag","embeddable":true,"href":"https:\/\/www.pricetornado.com\/da\/wp-json\/wp\/v2\/product_tag?post=446186"}],"curies":[{"name":"wp","href":"https:\/\/api.w.org\/{rel}","templated":true}]}}