{"id":446182,"date":"2025-02-25T07:08:23","date_gmt":"2025-02-25T06:08:23","guid":{"rendered":"https:\/\/www.pricetornado.com\/da\/produkt\/lenco-lanterne-med-indbygget-bluetooth-hoejttaler-bamboo-btl-030ba\/"},"modified":"2026-04-29T01:20:57","modified_gmt":"2026-04-28T23:20:57","slug":"lenco-lanterne-med-indbygget-bluetooth-hoejttaler-bamboo-btl-030ba","status":"publish","type":"product","link":"https:\/\/www.pricetornado.com\/da\/produkt\/lenco-lanterne-med-indbygget-bluetooth-hoejttaler-bamboo-btl-030ba\/","title":{"rendered":"Lenco &#8211; Lanterne med indbygget Bluetooth\u00ae-h\u00f8jttaler Bamboo &#8211; BTL-030BA"},"content":{"rendered":"<p>K\u00f8b billig Lenco &#8211; Lanterne med indbygget Bluetooth\u00ae-h\u00f8jttaler Bamboo &#8211; BTL-030BA!<br \/>\nOplev Lenco BTL-030BA \u2013 en multifunktionel lanterne med indbygget Bluetooth\u00ae-h\u00f8jttaler, ideel til b\u00e5de udend\u00f8rs eventyr, hyggelige stunder p\u00e5 terrassen og afslapning indend\u00f8rs. Med sit eksklusive bambushus kombineret med aluminium og plastik f\u00e5r du et holdbart, let og milj\u00f8venligt design, der b\u00e5de er elegant og robust.Den integrerede genopladelige Li-ion batteri p\u00e5 800 mAh giver dig op til 40 timers brug p\u00e5 \u00e9n opladning. Du oplader nemt enheden via USB-C-porten med det medf\u00f8lgende kabel, s\u00e5 lanternen altid er klar til lange aftener og udeliv uden bekymringer om str\u00f8m.Stabil tr\u00e5dl\u00f8s lyd via Bluetooth 5.3Lenco lanterne er udstyret med Bluetooth 5.3, der sikrer en problemfri og stabil tr\u00e5dl\u00f8s forbindelse p\u00e5 op til 10 meter. Med en udgangseffekt p\u00e5 3 watt (RMS) f\u00e5r du klar og fyldig lyd, uanset om du streamer fra din mobil, tablet eller anden kompatibel enhed.Den integrerede lampe tilbyder tre forskellige lysstyrkeniveauer, s\u00e5 du altid kan tilpasse belysningen efter omgivelserne \u2013 uanset om du har brug for funktionelt lys p\u00e5 campingturen eller hyggestemning i haven. Det praktiske h\u00e5ndtag g\u00f8r det nemt at b\u00e6re eller h\u00e6nge lanternen, lige hvor du \u00f8nsker det.Med sin IPX4-certificering er Lenco BTL-030BA splashproof og beskyttet mod vandst\u00e6nk og let regn, hvilket g\u00f8r den perfekt til udend\u00f8rs brug \u00e5ret rundt. Bambushuset tilf\u00f8jer ikke kun et naturligt pr\u00e6g, men \u00f8ger ogs\u00e5 modstandsdygtigheden overfor st\u00f8d og daglig slitage.Bluetooth 5.3 med cirka 10 meters r\u00e6kkeviddeOpgrader dine oplevelser med Lenco lanterne med Bluetooth-h\u00f8jttaler og LED-lys. Perfekt til camping, havefester eller hyggelige aftener derhjemme \u2013 alt-i-en l\u00f8sning til dig, der \u00f8nsker b\u00e5de mobilitet, lydkvalitet og stemningsfuld belysning i et b\u00e6redygtigt design.<\/p>\n<p>Sammenlign priser p\u00e5 Lenco &#8211; Lanterne med indbygget Bluetooth\u00ae-h\u00f8jttaler Bamboo &#8211; BTL-030BA og k\u00f8b online til den billigste pris, samt p\u00e5 tilbud!\u00a0\u00a0Tjek den bedste pris, produkt beskrivelse, video, test, anmeldelser osv.<\/p>\n<p><strong>Brand: <\/strong>Lenco<br \/>\n<strong>EAN: <\/strong>8711902072362<br \/>\n<strong>Producentens varenr.:<\/strong> 8711902072362<\/p>\n<p><strong>P.S.<\/strong><br \/>\nTilmeld dig til &#8220;Opret Gratis Prisfald Alarm&#8221;, og bliv underrettet med det samme om prisfald p\u00e5 Lenco &#8211; Lanterne med indbygget Bluetooth\u00ae-h\u00f8jttaler Bamboo &#8211; BTL-030BA, og f\u00e5 den billigste pris!<\/p>\n<p>&nbsp;<\/p>\n<p>&nbsp;<\/p>\n","protected":false},"excerpt":{"rendered":"<p>K\u00f8b billig Lenco &#8211; Lanterne med indbygget Bluetooth\u00ae-h\u00f8jttaler Bamboo &#8211; BTL-030BA! Oplev Lenco BTL-030BA \u2013 en multifunktionel lanterne med indbygget Bluetooth\u00ae-h\u00f8jttaler, ideel til b\u00e5de udend\u00f8rs eventyr, hyggelige stunder p\u00e5 terrassen og afslapning indend\u00f8rs. Med sit eksklusive bambushus kombineret med aluminium og plastik f\u00e5r du et holdbart, let og milj\u00f8venligt design, der b\u00e5de er elegant og [&hellip;]<\/p>\n","protected":false},"featured_media":0,"template":"","meta":[],"store":[1272516],"product_brand":[1272526],"product_cat":[1272426],"product_tag":[1272704,1275188],"class_list":{"0":"post-446182","1":"product","2":"type-product","3":"status-publish","5":"store-butik24","6":"product_brand-lenco","7":"product_cat-hoejttalere","8":"product_tag-hoejttalere","9":"product_tag-lenco","10":"pa_maerke-lenco","12":"first","13":"instock","14":"product-type-external"},"_links":{"self":[{"href":"https:\/\/www.pricetornado.com\/da\/wp-json\/wp\/v2\/product\/446182","targetHints":{"allow":["GET"]}}],"collection":[{"href":"https:\/\/www.pricetornado.com\/da\/wp-json\/wp\/v2\/product"}],"about":[{"href":"https:\/\/www.pricetornado.com\/da\/wp-json\/wp\/v2\/types\/product"}],"wp:attachment":[{"href":"https:\/\/www.pricetornado.com\/da\/wp-json\/wp\/v2\/media?parent=446182"}],"wp:term":[{"taxonomy":"store","embeddable":true,"href":"https:\/\/www.pricetornado.com\/da\/wp-json\/wp\/v2\/store?post=446182"},{"taxonomy":"product_brand","embeddable":true,"href":"https:\/\/www.pricetornado.com\/da\/wp-json\/wp\/v2\/product_brand?post=446182"},{"taxonomy":"product_cat","embeddable":true,"href":"https:\/\/www.pricetornado.com\/da\/wp-json\/wp\/v2\/product_cat?post=446182"},{"taxonomy":"product_tag","embeddable":true,"href":"https:\/\/www.pricetornado.com\/da\/wp-json\/wp\/v2\/product_tag?post=446182"}],"curies":[{"name":"wp","href":"https:\/\/api.w.org\/{rel}","templated":true}]}}