{"id":446165,"date":"2025-02-20T10:02:25","date_gmt":"2025-02-20T09:02:25","guid":{"rendered":"https:\/\/www.pricetornado.com\/da\/produkt\/nedis-broedrister-2-broedskiver-2-pladser-niveau-6-sort-kabt150ebk\/"},"modified":"2026-04-17T06:40:04","modified_gmt":"2026-04-17T04:40:04","slug":"nedis-broedrister-2-broedskiver-2-pladser-niveau-6-sort-kabt150ebk","status":"publish","type":"product","link":"https:\/\/www.pricetornado.com\/da\/produkt\/nedis-broedrister-2-broedskiver-2-pladser-niveau-6-sort-kabt150ebk\/","title":{"rendered":"Nedis &#8211; Br\u00f8drister | 2 Br\u00f8dskiver | 2 Pladser | Niveau: 6 | Sort &#8211; KABT150EBK"},"content":{"rendered":"<p>K\u00f8b billig Nedis &#8211; Br\u00f8drister | 2 Br\u00f8dskiver | 2 Pladser | Niveau: 6 | Sort &#8211; KABT150EBK!<br \/>\nF\u00e5 perfekt ristet br\u00f8d hver gang med denne kompakte Nedis br\u00f8drister, der nemt kan riste op til 2 skiver br\u00f8d ad gangen. Med 6 forskellige risteindstillinger kan du tilpasse resultatet efter din smag \u2013 fra let ristet til gyldenbrunt og spr\u00f8dt br\u00f8d. Den kompakte st\u00f8rrelse g\u00f8r den ideel til sm\u00e5 k\u00f8kkener, og den integrerede ledningsopbevaring hj\u00e6lper med at holde k\u00f8kkenbordet ryddeligt.Br\u00f8dristeren er fremstillet hovedsageligt af plast, hvilket g\u00f8r den let og nem at h\u00e5ndtere. Det stilrene og pladsbesparende design passer ind i alle k\u00f8kkener og g\u00f8r opbevaring bekvem. V\u00e6lg Nedis br\u00f8dristeren for en smart og effektiv l\u00f8sning til hverdagen.<\/p>\n<p>Sammenlign priser p\u00e5 Nedis &#8211; Br\u00f8drister | 2 Br\u00f8dskiver | 2 Pladser | Niveau: 6 | Sort &#8211; KABT150EBK og k\u00f8b online til den billigste pris, samt p\u00e5 tilbud!\u00a0\u00a0Tjek den bedste pris, produkt beskrivelse, video, test, anmeldelser osv.<\/p>\n<p><strong>Brand: <\/strong>Nedis<br \/>\n<strong>EAN: <\/strong>5412810334346<br \/>\n<strong>Producentens varenr.:<\/strong> 5412810334346<\/p>\n<p><strong>P.S.<\/strong><br \/>\nTilmeld dig til &#8220;Opret Gratis Prisfald Alarm&#8221;, og bliv underrettet med det samme om prisfald p\u00e5 Nedis &#8211; Br\u00f8drister | 2 Br\u00f8dskiver | 2 Pladser | Niveau: 6 | Sort &#8211; KABT150EBK, og f\u00e5 den billigste pris!<\/p>\n<p>&nbsp;<\/p>\n<p>&nbsp;<\/p>\n","protected":false},"excerpt":{"rendered":"<p>K\u00f8b billig Nedis &#8211; Br\u00f8drister | 2 Br\u00f8dskiver | 2 Pladser | Niveau: 6 | Sort &#8211; KABT150EBK! F\u00e5 perfekt ristet br\u00f8d hver gang med denne kompakte Nedis br\u00f8drister, der nemt kan riste op til 2 skiver br\u00f8d ad gangen. Med 6 forskellige risteindstillinger kan du tilpasse resultatet efter din smag \u2013 fra let ristet [&hellip;]<\/p>\n","protected":false},"featured_media":999980000004461650,"template":"","meta":[],"store":[1272516],"product_brand":[1272517],"product_cat":[1272480],"product_tag":[1274958,1275178],"class_list":{"0":"post-446165","1":"product","2":"type-product","3":"status-publish","4":"has-post-thumbnail","6":"store-butik24","7":"product_brand-nedis","8":"product_cat-grills-og-broedristere","9":"product_tag-grills-og-broedristere","10":"product_tag-nedis","11":"pa_maerke-nedis","13":"first","14":"instock","15":"product-type-external"},"_links":{"self":[{"href":"https:\/\/www.pricetornado.com\/da\/wp-json\/wp\/v2\/product\/446165","targetHints":{"allow":["GET"]}}],"collection":[{"href":"https:\/\/www.pricetornado.com\/da\/wp-json\/wp\/v2\/product"}],"about":[{"href":"https:\/\/www.pricetornado.com\/da\/wp-json\/wp\/v2\/types\/product"}],"wp:featuredmedia":[{"embeddable":true,"href":"https:\/\/www.pricetornado.com\/da\/wp-json\/"}],"wp:attachment":[{"href":"https:\/\/www.pricetornado.com\/da\/wp-json\/wp\/v2\/media?parent=446165"}],"wp:term":[{"taxonomy":"store","embeddable":true,"href":"https:\/\/www.pricetornado.com\/da\/wp-json\/wp\/v2\/store?post=446165"},{"taxonomy":"product_brand","embeddable":true,"href":"https:\/\/www.pricetornado.com\/da\/wp-json\/wp\/v2\/product_brand?post=446165"},{"taxonomy":"product_cat","embeddable":true,"href":"https:\/\/www.pricetornado.com\/da\/wp-json\/wp\/v2\/product_cat?post=446165"},{"taxonomy":"product_tag","embeddable":true,"href":"https:\/\/www.pricetornado.com\/da\/wp-json\/wp\/v2\/product_tag?post=446165"}],"curies":[{"name":"wp","href":"https:\/\/api.w.org\/{rel}","templated":true}]}}