{"id":446162,"date":"2025-02-21T23:33:08","date_gmt":"2025-02-21T22:33:08","guid":{"rendered":"https:\/\/www.pricetornado.com\/da\/produkt\/scanpan-30-cm-stegepande-i-omslag-black-iron\/"},"modified":"2026-04-30T11:20:40","modified_gmt":"2026-04-30T09:20:40","slug":"scanpan-30-cm-stegepande-i-omslag-black-iron","status":"publish","type":"product","link":"https:\/\/www.pricetornado.com\/da\/produkt\/scanpan-30-cm-stegepande-i-omslag-black-iron\/","title":{"rendered":"Scanpan 30 cm stegepande i omslag &#8211; Black Iron"},"content":{"rendered":"<p>K\u00f8b billig Scanpan 30 cm stegepande i omslag &#8211; Black Iron!<br \/>\nBlack Iron-stegepanden er omhyggeligt fremstillet af f\u00f8rsteklasses sort kulstofst\u00e5l for ekstra lang holdbarhed og evnen til at modst\u00e5 meget h\u00f8je temperaturer. Panden fungerer perfekt p\u00e5 komfur, i ovn, p\u00e5 grill og over b\u00e5l, hvilket g\u00f8r den s\u00e6rdeles alsidig til b\u00e5de stegning, bagning og svitsning. Hver tilberedning sikrer ensartede og pr\u00e6cise resultater, uanset varmekilden.Pandens ekstra lange h\u00e5ndtag i rustfrit st\u00e5l er fastgjort med solide st\u00e5lnitter for b\u00e5de komfort og sikkerhed under brug. Det ergonomiske design sikrer brugervenlighed og fuld kontrol under madlavningen.Bredt, vinklet sideskr\u00e5r giver rigelig plads til at vende maden \u2013 ideelt til sarte ingredienser som fisk.Buede og flared sider letter madens slip og fremmer en j\u00e6vn, l\u00e6kker stegning uden brug af nonstick-bel\u00e6gning.Black Iron-stegepanden er specialdesignet til at klare ekstrem varme, hvilket g\u00f8r den perfekt til searing og stegning ved h\u00f8je temperaturer. For at beskytte pandens levetid b\u00f8r du undg\u00e5 at tilberede meget sure f\u00f8devarer som tomater og citrus direkte i panden.<\/p>\n<p>Sammenlign priser p\u00e5 Scanpan 30 cm stegepande i omslag &#8211; Black Iron og k\u00f8b online til den billigste pris, samt p\u00e5 tilbud!\u00a0\u00a0Tjek den bedste pris, produkt beskrivelse, video, test, anmeldelser osv.<\/p>\n<p><strong>Brand: <\/strong>Scanpan<br \/>\n<strong>EAN: <\/strong>0083421209900<br \/>\n<strong>Producentens varenr.:<\/strong> 0083421209900<\/p>\n<p><strong>P.S.<\/strong><br \/>\nTilmeld dig til &#8220;Opret Gratis Prisfald Alarm&#8221;, og bliv underrettet med det samme om prisfald p\u00e5 Scanpan 30 cm stegepande i omslag &#8211; Black Iron, og f\u00e5 den billigste pris!<\/p>\n<p>&nbsp;<\/p>\n<p>&nbsp;<\/p>\n","protected":false},"excerpt":{"rendered":"<p>K\u00f8b billig Scanpan 30 cm stegepande i omslag &#8211; Black Iron! Black Iron-stegepanden er omhyggeligt fremstillet af f\u00f8rsteklasses sort kulstofst\u00e5l for ekstra lang holdbarhed og evnen til at modst\u00e5 meget h\u00f8je temperaturer. Panden fungerer perfekt p\u00e5 komfur, i ovn, p\u00e5 grill og over b\u00e5l, hvilket g\u00f8r den s\u00e6rdeles alsidig til b\u00e5de stegning, bagning og svitsning. [&hellip;]<\/p>\n","protected":false},"featured_media":999980000004461620,"template":"","meta":[],"store":[1272516],"product_brand":[1272521],"product_cat":[1272410],"product_tag":[1272681,1275184],"class_list":{"0":"post-446162","1":"product","2":"type-product","3":"status-publish","4":"has-post-thumbnail","6":"store-butik24","7":"product_brand-scanpan","8":"product_cat-koekkengrej","9":"product_tag-koekkengrej","10":"product_tag-scanpan","11":"pa_maerke-scanpan","13":"first","14":"instock","15":"product-type-external"},"_links":{"self":[{"href":"https:\/\/www.pricetornado.com\/da\/wp-json\/wp\/v2\/product\/446162","targetHints":{"allow":["GET"]}}],"collection":[{"href":"https:\/\/www.pricetornado.com\/da\/wp-json\/wp\/v2\/product"}],"about":[{"href":"https:\/\/www.pricetornado.com\/da\/wp-json\/wp\/v2\/types\/product"}],"wp:featuredmedia":[{"embeddable":true,"href":"https:\/\/www.pricetornado.com\/da\/wp-json\/"}],"wp:attachment":[{"href":"https:\/\/www.pricetornado.com\/da\/wp-json\/wp\/v2\/media?parent=446162"}],"wp:term":[{"taxonomy":"store","embeddable":true,"href":"https:\/\/www.pricetornado.com\/da\/wp-json\/wp\/v2\/store?post=446162"},{"taxonomy":"product_brand","embeddable":true,"href":"https:\/\/www.pricetornado.com\/da\/wp-json\/wp\/v2\/product_brand?post=446162"},{"taxonomy":"product_cat","embeddable":true,"href":"https:\/\/www.pricetornado.com\/da\/wp-json\/wp\/v2\/product_cat?post=446162"},{"taxonomy":"product_tag","embeddable":true,"href":"https:\/\/www.pricetornado.com\/da\/wp-json\/wp\/v2\/product_tag?post=446162"}],"curies":[{"name":"wp","href":"https:\/\/api.w.org\/{rel}","templated":true}]}}