{"id":446160,"date":"2025-02-21T07:23:27","date_gmt":"2025-02-21T06:23:27","guid":{"rendered":"https:\/\/www.pricetornado.com\/da\/produkt\/philips-x3051-00-elektrisk-shaver-til-vaad-og-toer-barbering\/"},"modified":"2026-04-19T02:20:10","modified_gmt":"2026-04-19T00:20:10","slug":"philips-x3051-00-elektrisk-shaver-til-vaad-og-toer-barbering","status":"publish","type":"product","link":"https:\/\/www.pricetornado.com\/da\/produkt\/philips-x3051-00-elektrisk-shaver-til-vaad-og-toer-barbering\/","title":{"rendered":"Philips X3051\/00 Elektrisk shaver til v\u00e5d og t\u00f8r barbering"},"content":{"rendered":"<p>K\u00f8b billig Philips X3051\/00 Elektrisk shaver til v\u00e5d og t\u00f8r barbering!<br \/>\nPhilips elektrisk shaver til v\u00e5d og t\u00f8r barbering er designet til at levere en behagelig og effektiv barbering, uanset om du foretr\u00e6kker at barbere dig med skum, gel eller direkte under bruseren. Denne shaver kombinerer avanceret teknologi og brugervenlighed, s\u00e5 du altid opn\u00e5r et glat resultat og god v\u00e6rdi for pengene.Udstyret med 27 selvsk\u00e6rende PowerCut-knive i kirurgisk kvalitets rustfrit st\u00e5l, f\u00e5r du en langtidsholdbar og korrosionsbestandig barbering, der bevarer skarpheden i op til 2 \u00e5r. PowerCut-teknologien leverer op til 55.000 sk\u00e6ringer pr. minut, hvilket sikrer en ensartet og effektiv barbering \u2013 hver gang.De fleksible 4D Flex-hoveder med 360\u00b0 rotation tilpasser sig ansigtets konturer, for en glat, t\u00e6t og behagelig barbering. Den indbyggede hudbeskyttelsesteknologi og det hypoallergene barbersystem g\u00f8r shaveren sk\u00e5nsom mod huden og egnet selv til sensitiv hud.Philips elektrisk shaver til v\u00e5d og t\u00f8r barbering kombinerer PowerCut-sk\u00e6resystem, sk\u00e5nsomme materialer og fleksibel anvendelse, s\u00e5 du f\u00e5r en brugervenlig og p\u00e5lidelig l\u00f8sning til din daglige barbering. Oplev den perfekte balance mellem kvalitet, komfort og funktionalitet \u2013 se flere muligheder i vores til personlig pleje.<\/p>\n<p>Sammenlign priser p\u00e5 Philips X3051\/00 Elektrisk shaver til v\u00e5d og t\u00f8r barbering og k\u00f8b online til den billigste pris, samt p\u00e5 tilbud!\u00a0\u00a0Tjek den bedste pris, produkt beskrivelse, video, test, anmeldelser osv.<\/p>\n<p><strong>Brand: <\/strong>Philips<br \/>\n<strong>EAN: <\/strong>8720689019019<br \/>\n<strong>Producentens varenr.:<\/strong> 8720689019019<\/p>\n<p><strong>P.S.<\/strong><br \/>\nTilmeld dig til &#8220;Opret Gratis Prisfald Alarm&#8221;, og bliv underrettet med det samme om prisfald p\u00e5 Philips X3051\/00 Elektrisk shaver til v\u00e5d og t\u00f8r barbering, og f\u00e5 den billigste pris!<\/p>\n<p>&nbsp;<\/p>\n<p>&nbsp;<\/p>\n","protected":false},"excerpt":{"rendered":"<p>K\u00f8b billig Philips X3051\/00 Elektrisk shaver til v\u00e5d og t\u00f8r barbering! Philips elektrisk shaver til v\u00e5d og t\u00f8r barbering er designet til at levere en behagelig og effektiv barbering, uanset om du foretr\u00e6kker at barbere dig med skum, gel eller direkte under bruseren. Denne shaver kombinerer avanceret teknologi og brugervenlighed, s\u00e5 du altid opn\u00e5r et [&hellip;]<\/p>\n","protected":false},"featured_media":999980000004461600,"template":"","meta":[],"store":[1272516],"product_brand":[1272519],"product_cat":[1272429,1272413],"product_tag":[1272711,1272706,1275180],"class_list":{"0":"post-446160","1":"product","2":"type-product","3":"status-publish","4":"has-post-thumbnail","6":"store-butik24","7":"product_brand-philips","8":"product_cat-maend-personlig-pleje","9":"product_cat-personlig-pleje","10":"product_tag-maend","11":"product_tag-personlig-pleje","12":"product_tag-philips","13":"pa_maerke-philips","15":"first","16":"instock","17":"product-type-external"},"_links":{"self":[{"href":"https:\/\/www.pricetornado.com\/da\/wp-json\/wp\/v2\/product\/446160","targetHints":{"allow":["GET"]}}],"collection":[{"href":"https:\/\/www.pricetornado.com\/da\/wp-json\/wp\/v2\/product"}],"about":[{"href":"https:\/\/www.pricetornado.com\/da\/wp-json\/wp\/v2\/types\/product"}],"wp:featuredmedia":[{"embeddable":true,"href":"https:\/\/www.pricetornado.com\/da\/wp-json\/"}],"wp:attachment":[{"href":"https:\/\/www.pricetornado.com\/da\/wp-json\/wp\/v2\/media?parent=446160"}],"wp:term":[{"taxonomy":"store","embeddable":true,"href":"https:\/\/www.pricetornado.com\/da\/wp-json\/wp\/v2\/store?post=446160"},{"taxonomy":"product_brand","embeddable":true,"href":"https:\/\/www.pricetornado.com\/da\/wp-json\/wp\/v2\/product_brand?post=446160"},{"taxonomy":"product_cat","embeddable":true,"href":"https:\/\/www.pricetornado.com\/da\/wp-json\/wp\/v2\/product_cat?post=446160"},{"taxonomy":"product_tag","embeddable":true,"href":"https:\/\/www.pricetornado.com\/da\/wp-json\/wp\/v2\/product_tag?post=446160"}],"curies":[{"name":"wp","href":"https:\/\/api.w.org\/{rel}","templated":true}]}}