{"id":446159,"date":"2025-02-23T15:11:23","date_gmt":"2025-02-23T14:11:23","guid":{"rendered":"https:\/\/www.pricetornado.com\/da\/produkt\/wiz-led-strip-forlaenger-1-m-daempmbar\/"},"modified":"2026-04-30T02:00:27","modified_gmt":"2026-04-30T00:00:27","slug":"wiz-led-strip-forlaenger-1-m-daempmbar","status":"publish","type":"product","link":"https:\/\/www.pricetornado.com\/da\/produkt\/wiz-led-strip-forlaenger-1-m-daempmbar\/","title":{"rendered":"WIZ LED-strip forl\u00e6nger 1 m, D\u00e6mpmbar"},"content":{"rendered":"<p>K\u00f8b billig WIZ LED-strip forl\u00e6nger 1 m, D\u00e6mpmbar!<br \/>\nForl\u00e6ng dit WiZ LED-strip med denne fleksible forl\u00e6nger p\u00e5 1 meter, s\u00e5 du kan bringe endnu flere farver ind i hjemmet. Forl\u00e6ngeren er let, lavet af holdbart plast og er designet til nem plug-and-play installation uden behov for ekstra gateway.Med WiZ-appen kan du nemt styre LED-strippen \u2013 uanset hvor du befinder dig. Just\u00e9r millioner af farver og tilpas lysstyrken pr\u00e6cist til din \u00f8nskede stemning direkte fra mobilen eller med stemmekommandoer. Tidsstyring og planl\u00e6gning af belysningen klares nemt i appen.LED-strip forl\u00e6ngeren er energieffektiv og giver dig mulighed for at overv\u00e5ge og optimere str\u00f8mforbruget via appen. Det fleksible design g\u00f8r installationen enkel, og strippen kan tilpasses i l\u00e6ngden ved at klippe den til \u2013 bem\u00e6rk, at klippede dele ikke kan genbruges.Integrer LED-strippen med popul\u00e6re smart home-assistenter som Alexa og Google Assistant for problemfri stemmestyring og \u00f8get bekvemmelighed i hjemmet.Opgrader din belysning og f\u00e5 fuld kontrol over farver og effekt med denne smarte og fleksible WiZ LED-strip forl\u00e6nger.<\/p>\n<p>Sammenlign priser p\u00e5 WIZ LED-strip forl\u00e6nger 1 m, D\u00e6mpmbar og k\u00f8b online til den billigste pris, samt p\u00e5 tilbud!\u00a0\u00a0Tjek den bedste pris, produkt beskrivelse, video, test, anmeldelser osv.<\/p>\n<p><strong>Brand: <\/strong>Wiz<br \/>\n<strong>EAN: <\/strong>8719514261082<br \/>\n<strong>Producentens varenr.:<\/strong> 8719514261082<\/p>\n<p><strong>P.S.<\/strong><br \/>\nTilmeld dig til &#8220;Opret Gratis Prisfald Alarm&#8221;, og bliv underrettet med det samme om prisfald p\u00e5 WIZ LED-strip forl\u00e6nger 1 m, D\u00e6mpmbar, og f\u00e5 den billigste pris!<\/p>\n<p>&nbsp;<\/p>\n<p>&nbsp;<\/p>\n","protected":false},"excerpt":{"rendered":"<p>K\u00f8b billig WIZ LED-strip forl\u00e6nger 1 m, D\u00e6mpmbar! Forl\u00e6ng dit WiZ LED-strip med denne fleksible forl\u00e6nger p\u00e5 1 meter, s\u00e5 du kan bringe endnu flere farver ind i hjemmet. Forl\u00e6ngeren er let, lavet af holdbart plast og er designet til nem plug-and-play installation uden behov for ekstra gateway.Med WiZ-appen kan du nemt styre LED-strippen \u2013 [&hellip;]<\/p>\n","protected":false},"featured_media":999980000004461590,"template":"","meta":[],"store":[1272516],"product_brand":[1272522],"product_cat":[1272407],"product_tag":[1272697,1275183],"class_list":{"0":"post-446159","1":"product","2":"type-product","3":"status-publish","4":"has-post-thumbnail","6":"store-butik24","7":"product_brand-wiz","8":"product_cat-belysning-2","9":"product_tag-belysning","10":"product_tag-wiz","11":"pa_maerke-wiz","13":"first","14":"instock","15":"product-type-external"},"_links":{"self":[{"href":"https:\/\/www.pricetornado.com\/da\/wp-json\/wp\/v2\/product\/446159","targetHints":{"allow":["GET"]}}],"collection":[{"href":"https:\/\/www.pricetornado.com\/da\/wp-json\/wp\/v2\/product"}],"about":[{"href":"https:\/\/www.pricetornado.com\/da\/wp-json\/wp\/v2\/types\/product"}],"wp:featuredmedia":[{"embeddable":true,"href":"https:\/\/www.pricetornado.com\/da\/wp-json\/"}],"wp:attachment":[{"href":"https:\/\/www.pricetornado.com\/da\/wp-json\/wp\/v2\/media?parent=446159"}],"wp:term":[{"taxonomy":"store","embeddable":true,"href":"https:\/\/www.pricetornado.com\/da\/wp-json\/wp\/v2\/store?post=446159"},{"taxonomy":"product_brand","embeddable":true,"href":"https:\/\/www.pricetornado.com\/da\/wp-json\/wp\/v2\/product_brand?post=446159"},{"taxonomy":"product_cat","embeddable":true,"href":"https:\/\/www.pricetornado.com\/da\/wp-json\/wp\/v2\/product_cat?post=446159"},{"taxonomy":"product_tag","embeddable":true,"href":"https:\/\/www.pricetornado.com\/da\/wp-json\/wp\/v2\/product_tag?post=446159"}],"curies":[{"name":"wp","href":"https:\/\/api.w.org\/{rel}","templated":true}]}}