{"id":446158,"date":"2025-02-26T12:30:10","date_gmt":"2025-02-26T11:30:10","guid":{"rendered":"https:\/\/www.pricetornado.com\/da\/produkt\/philips-hr3760-00-hoejhastighedsblender-problend-ultra-teknologi\/"},"modified":"2026-04-18T01:49:50","modified_gmt":"2026-04-17T23:49:50","slug":"philips-hr3760-00-hoejhastighedsblender-problend-ultra-teknologi","status":"publish","type":"product","link":"https:\/\/www.pricetornado.com\/da\/produkt\/philips-hr3760-00-hoejhastighedsblender-problend-ultra-teknologi\/","title":{"rendered":"Philips HR3760\/00 H\u00f8jhastighedsblender ProBlend Ultra-teknologi"},"content":{"rendered":"<p>K\u00f8b billig Philips HR3760\/00 H\u00f8jhastighedsblender ProBlend Ultra-teknologi!<br \/>\nOplev uendelig inspiration og j\u00e6vne blandinger med Philips HR3760\/00 h\u00f8jhastighedsblender. Takket v\u00e6re ProBlend Ultra-teknologien f\u00e5r du en kombination af kraftfuld ydeevne og alsidighed: Blenderen har en holdbar glasbeholder p\u00e5 2 liter (1,8 liter effektiv kapacitet), som er varmebestandig og modstandsdygtig over for misfarvning og lugt, samt en robust metal-hovedenhed, der st\u00e5r stabilt p\u00e5 k\u00f8kkenbordet. Skridsikre f\u00f8dder sikrer ekstra sikkerhed under brug.Philips HR3760\/00 er udstyret med en kraftfuld 1500W motor, serrerede og skarpe hybridknive samt et ribbet blenderglas-design. Denne teknologi g\u00f8r det muligt at knuse h\u00e5rde ingredienser som is og n\u00f8dder effektivt og opn\u00e5 en glat og ensartet tekstur \u2013 ideel til alt fra smoothies og supper til saucer og n\u00f8ddesm\u00f8r. G\u00f8r det enkelt at tilberede forskellige drikke og retter som smoothies, supper og n\u00f8ddesm\u00f8r med et tryk. Reng\u00f8r blenderen effektivt med vand og opvaskemiddel p\u00e5 bare 2 minutter. Alle aftagelige dele, inklusiv glasbeholder og l\u00e5g, kan vaskes i opvaskemaskinen for nem vedligeholdelse.Udvid dit opskriftrepertoire med HomeID-app&apos;en (tidligere kendt som NutriU), der tilbyder hj\u00e6lp, inspiration og muligheden for at tilpasse dine opskrifter efter behov.Den energioptimerede motor leverer h\u00f8j ydelse uden un\u00f8digt energispild, og den solide kvalitet sikrer langvarig brug. Den skridsikre base giver ekstra stabilitet, ogs\u00e5 ved h\u00f8j belastning, mens glasbeholderen garanterer hygiejne og modstandsdygtighed mod pletter og lugt..<\/p>\n<p>Sammenlign priser p\u00e5 Philips HR3760\/00 H\u00f8jhastighedsblender ProBlend Ultra-teknologi og k\u00f8b online til den billigste pris, samt p\u00e5 tilbud!\u00a0\u00a0Tjek den bedste pris, produkt beskrivelse, video, test, anmeldelser osv.<\/p>\n<p><strong>Brand: <\/strong>Philips<br \/>\n<strong>EAN: <\/strong>8720389013539<br \/>\n<strong>Producentens varenr.:<\/strong> 8720389013539<\/p>\n<p><strong>P.S.<\/strong><br \/>\nTilmeld dig til &#8220;Opret Gratis Prisfald Alarm&#8221;, og bliv underrettet med det samme om prisfald p\u00e5 Philips HR3760\/00 H\u00f8jhastighedsblender ProBlend Ultra-teknologi, og f\u00e5 den billigste pris!<\/p>\n<p>&nbsp;<\/p>\n<p>&nbsp;<\/p>\n","protected":false},"excerpt":{"rendered":"<p>K\u00f8b billig Philips HR3760\/00 H\u00f8jhastighedsblender ProBlend Ultra-teknologi! Oplev uendelig inspiration og j\u00e6vne blandinger med Philips HR3760\/00 h\u00f8jhastighedsblender. Takket v\u00e6re ProBlend Ultra-teknologien f\u00e5r du en kombination af kraftfuld ydeevne og alsidighed: Blenderen har en holdbar glasbeholder p\u00e5 2 liter (1,8 liter effektiv kapacitet), som er varmebestandig og modstandsdygtig over for misfarvning og lugt, samt en robust [&hellip;]<\/p>\n","protected":false},"featured_media":999980000004461580,"template":"","meta":[],"store":[1272516],"product_brand":[1272519],"product_cat":[831418],"product_tag":[1272683,1275180],"class_list":{"0":"post-446158","1":"product","2":"type-product","3":"status-publish","4":"has-post-thumbnail","6":"store-butik24","7":"product_brand-philips","8":"product_cat-koekkenudstyr","9":"product_tag-koekkenudstyr","10":"product_tag-philips","11":"pa_maerke-philips","13":"first","14":"instock","15":"product-type-external"},"_links":{"self":[{"href":"https:\/\/www.pricetornado.com\/da\/wp-json\/wp\/v2\/product\/446158","targetHints":{"allow":["GET"]}}],"collection":[{"href":"https:\/\/www.pricetornado.com\/da\/wp-json\/wp\/v2\/product"}],"about":[{"href":"https:\/\/www.pricetornado.com\/da\/wp-json\/wp\/v2\/types\/product"}],"wp:featuredmedia":[{"embeddable":true,"href":"https:\/\/www.pricetornado.com\/da\/wp-json\/"}],"wp:attachment":[{"href":"https:\/\/www.pricetornado.com\/da\/wp-json\/wp\/v2\/media?parent=446158"}],"wp:term":[{"taxonomy":"store","embeddable":true,"href":"https:\/\/www.pricetornado.com\/da\/wp-json\/wp\/v2\/store?post=446158"},{"taxonomy":"product_brand","embeddable":true,"href":"https:\/\/www.pricetornado.com\/da\/wp-json\/wp\/v2\/product_brand?post=446158"},{"taxonomy":"product_cat","embeddable":true,"href":"https:\/\/www.pricetornado.com\/da\/wp-json\/wp\/v2\/product_cat?post=446158"},{"taxonomy":"product_tag","embeddable":true,"href":"https:\/\/www.pricetornado.com\/da\/wp-json\/wp\/v2\/product_tag?post=446158"}],"curies":[{"name":"wp","href":"https:\/\/api.w.org\/{rel}","templated":true}]}}