{"id":446156,"date":"2025-02-20T12:45:08","date_gmt":"2025-02-20T11:45:08","guid":{"rendered":"https:\/\/www.pricetornado.com\/da\/produkt\/scanpan-baguettekniv-14-cm-classic\/"},"modified":"2026-04-17T09:10:19","modified_gmt":"2026-04-17T07:10:19","slug":"scanpan-baguettekniv-14-cm-classic","status":"publish","type":"product","link":"https:\/\/www.pricetornado.com\/da\/produkt\/scanpan-baguettekniv-14-cm-classic\/","title":{"rendered":"Scanpan baguettekniv 14 cm &#8211; Classic"},"content":{"rendered":"<p>K\u00f8b billig Scanpan baguettekniv 14 cm &#8211; Classic!<br \/>\nScanpan baguettekniv 14 cm &#8211; Classic er en kompakt og let kniv, der er ideel til at sk\u00e6re baguetter, minibr\u00f8d og andre bagv\u00e6rk med pr\u00e6cision. Den lille st\u00f8rrelse g\u00f8r kniven nem at h\u00e5ndtere, is\u00e6r for h\u00e6nder der har sv\u00e6rt ved at styre en stor br\u00f8dkniv. Desuden passer kniven perfekt ned i br\u00f8dkurve, s\u00e5 den nemt kan f\u00f8lge med rundt om bordet sammen med br\u00f8det.Baguettekniven er fremstillet i rustfrit st\u00e5l, som er kendt fra Scanpans Classic-serie for sin slidstyrke og modstandsdygtighed overfor korrosion. Dette sikrer, at kniven bevarer sin skarphed og holdbarhed over tid og forbliver p\u00e5lidelig i daglig brug. for flere lignende produkter.<\/p>\n<p>Sammenlign priser p\u00e5 Scanpan baguettekniv 14 cm &#8211; Classic og k\u00f8b online til den billigste pris, samt p\u00e5 tilbud!\u00a0\u00a0Tjek den bedste pris, produkt beskrivelse, video, test, anmeldelser osv.<\/p>\n<p><strong>Brand: <\/strong>Scanpan<br \/>\n<strong>EAN: <\/strong>083421180384<br \/>\n<strong>Producentens varenr.:<\/strong> 083421180384<\/p>\n<p><strong>P.S.<\/strong><br \/>\nTilmeld dig til &#8220;Opret Gratis Prisfald Alarm&#8221;, og bliv underrettet med det samme om prisfald p\u00e5 Scanpan baguettekniv 14 cm &#8211; Classic, og f\u00e5 den billigste pris!<\/p>\n<p>&nbsp;<\/p>\n<p>&nbsp;<\/p>\n","protected":false},"excerpt":{"rendered":"<p>K\u00f8b billig Scanpan baguettekniv 14 cm &#8211; Classic! Scanpan baguettekniv 14 cm &#8211; Classic er en kompakt og let kniv, der er ideel til at sk\u00e6re baguetter, minibr\u00f8d og andre bagv\u00e6rk med pr\u00e6cision. Den lille st\u00f8rrelse g\u00f8r kniven nem at h\u00e5ndtere, is\u00e6r for h\u00e6nder der har sv\u00e6rt ved at styre en stor br\u00f8dkniv. Desuden passer [&hellip;]<\/p>\n","protected":false},"featured_media":999980000004461560,"template":"","meta":[],"store":[1272516],"product_brand":[1272521],"product_cat":[1272410],"product_tag":[1272681,1275184],"class_list":{"0":"post-446156","1":"product","2":"type-product","3":"status-publish","4":"has-post-thumbnail","6":"store-butik24","7":"product_brand-scanpan","8":"product_cat-koekkengrej","9":"product_tag-koekkengrej","10":"product_tag-scanpan","11":"pa_maerke-scanpan","13":"first","14":"instock","15":"product-type-external"},"_links":{"self":[{"href":"https:\/\/www.pricetornado.com\/da\/wp-json\/wp\/v2\/product\/446156","targetHints":{"allow":["GET"]}}],"collection":[{"href":"https:\/\/www.pricetornado.com\/da\/wp-json\/wp\/v2\/product"}],"about":[{"href":"https:\/\/www.pricetornado.com\/da\/wp-json\/wp\/v2\/types\/product"}],"wp:featuredmedia":[{"embeddable":true,"href":"https:\/\/www.pricetornado.com\/da\/wp-json\/"}],"wp:attachment":[{"href":"https:\/\/www.pricetornado.com\/da\/wp-json\/wp\/v2\/media?parent=446156"}],"wp:term":[{"taxonomy":"store","embeddable":true,"href":"https:\/\/www.pricetornado.com\/da\/wp-json\/wp\/v2\/store?post=446156"},{"taxonomy":"product_brand","embeddable":true,"href":"https:\/\/www.pricetornado.com\/da\/wp-json\/wp\/v2\/product_brand?post=446156"},{"taxonomy":"product_cat","embeddable":true,"href":"https:\/\/www.pricetornado.com\/da\/wp-json\/wp\/v2\/product_cat?post=446156"},{"taxonomy":"product_tag","embeddable":true,"href":"https:\/\/www.pricetornado.com\/da\/wp-json\/wp\/v2\/product_tag?post=446156"}],"curies":[{"name":"wp","href":"https:\/\/api.w.org\/{rel}","templated":true}]}}