{"id":446155,"date":"2025-02-24T18:17:05","date_gmt":"2025-02-24T17:17:05","guid":{"rendered":"https:\/\/www.pricetornado.com\/da\/produkt\/scanpan-25-l-18-cm-kasserolle-m-laag-ctx\/"},"modified":"2026-04-30T01:41:05","modified_gmt":"2026-04-29T23:41:05","slug":"scanpan-25-l-18-cm-kasserolle-m-laag-ctx","status":"publish","type":"product","link":"https:\/\/www.pricetornado.com\/da\/produkt\/scanpan-25-l-18-cm-kasserolle-m-laag-ctx\/","title":{"rendered":"Scanpan 2,5 l\/18 cm kasserolle m. l\u00e5g &#8211; CTX"},"content":{"rendered":"<p>K\u00f8b billig Scanpan 2,5 l\/18 cm kasserolle m. l\u00e5g &#8211; CTX!<br \/>\nScanpan CTX kasserollen er produceret i Danmark og byder p\u00e5 en kombination af kvalitet, funktionalitet og elegant design. Den er fremstillet med en fem-lags konstruktion, der sammensmelter genanvendt st\u00f8bt aluminium og rustfrit st\u00e5l, hvilket sikrer optimal holdbarhed og en hurtig, j\u00e6vn varmefordeling. Dette giver dig perfekte resultater i k\u00f8kkenet \u2013 hver gang.Kasserollen er udstyret med Scanpans ber\u00f8mte, unikke Stratanium non-stick bel\u00e6gning, som er b\u00e5de slidst\u00e6rk og utrolig nem at reng\u00f8re. Bel\u00e6gningen best\u00e5r af flere lag, der smeltes sammen til \u00e9n solid overflade under produktionen. Den t\u00e5ler metalredskaber og kr\u00e6ver kun lidt eller ingen olie ved tilberedning, hvilket er ideelt til retter med ost eller m\u00e6lk, hvor almindelige gryder ofte kan v\u00e6re sv\u00e6re at reng\u00f8re. For at bevare bel\u00e6gningen anbefales altid reng\u00f8ring med opvaskemiddel og undg\u00e5else af hurtig opvarmning og nedk\u00f8ling.Kasserollen er s\u00e6rligt velegnet til alle typer retter, is\u00e6r dem med m\u00e6lk eller ost, og g\u00f8r det nemt at opn\u00e5 perfekte resultater og let reng\u00f8ring hver gang. Den leveres inklusiv l\u00e5g..<\/p>\n<p>Sammenlign priser p\u00e5 Scanpan 2,5 l\/18 cm kasserolle m. l\u00e5g &#8211; CTX og k\u00f8b online til den billigste pris, samt p\u00e5 tilbud!\u00a0\u00a0Tjek den bedste pris, produkt beskrivelse, video, test, anmeldelser osv.<\/p>\n<p><strong>Brand: <\/strong>Scanpan<br \/>\n<strong>EAN: <\/strong>083421652386<br \/>\n<strong>Producentens varenr.:<\/strong> 083421652386<\/p>\n<p><strong>P.S.<\/strong><br \/>\nTilmeld dig til &#8220;Opret Gratis Prisfald Alarm&#8221;, og bliv underrettet med det samme om prisfald p\u00e5 Scanpan 2,5 l\/18 cm kasserolle m. l\u00e5g &#8211; CTX, og f\u00e5 den billigste pris!<\/p>\n<p>&nbsp;<\/p>\n<p>&nbsp;<\/p>\n","protected":false},"excerpt":{"rendered":"<p>K\u00f8b billig Scanpan 2,5 l\/18 cm kasserolle m. l\u00e5g &#8211; CTX! Scanpan CTX kasserollen er produceret i Danmark og byder p\u00e5 en kombination af kvalitet, funktionalitet og elegant design. Den er fremstillet med en fem-lags konstruktion, der sammensmelter genanvendt st\u00f8bt aluminium og rustfrit st\u00e5l, hvilket sikrer optimal holdbarhed og en hurtig, j\u00e6vn varmefordeling. Dette giver [&hellip;]<\/p>\n","protected":false},"featured_media":999980000004461550,"template":"","meta":[],"store":[1272516],"product_brand":[1272521],"product_cat":[1272410],"product_tag":[1272681,1275184],"class_list":{"0":"post-446155","1":"product","2":"type-product","3":"status-publish","4":"has-post-thumbnail","6":"store-butik24","7":"product_brand-scanpan","8":"product_cat-koekkengrej","9":"product_tag-koekkengrej","10":"product_tag-scanpan","11":"pa_maerke-scanpan","13":"first","14":"instock","15":"product-type-external"},"_links":{"self":[{"href":"https:\/\/www.pricetornado.com\/da\/wp-json\/wp\/v2\/product\/446155","targetHints":{"allow":["GET"]}}],"collection":[{"href":"https:\/\/www.pricetornado.com\/da\/wp-json\/wp\/v2\/product"}],"about":[{"href":"https:\/\/www.pricetornado.com\/da\/wp-json\/wp\/v2\/types\/product"}],"wp:featuredmedia":[{"embeddable":true,"href":"https:\/\/www.pricetornado.com\/da\/wp-json\/"}],"wp:attachment":[{"href":"https:\/\/www.pricetornado.com\/da\/wp-json\/wp\/v2\/media?parent=446155"}],"wp:term":[{"taxonomy":"store","embeddable":true,"href":"https:\/\/www.pricetornado.com\/da\/wp-json\/wp\/v2\/store?post=446155"},{"taxonomy":"product_brand","embeddable":true,"href":"https:\/\/www.pricetornado.com\/da\/wp-json\/wp\/v2\/product_brand?post=446155"},{"taxonomy":"product_cat","embeddable":true,"href":"https:\/\/www.pricetornado.com\/da\/wp-json\/wp\/v2\/product_cat?post=446155"},{"taxonomy":"product_tag","embeddable":true,"href":"https:\/\/www.pricetornado.com\/da\/wp-json\/wp\/v2\/product_tag?post=446155"}],"curies":[{"name":"wp","href":"https:\/\/api.w.org\/{rel}","templated":true}]}}