{"id":446149,"date":"2025-02-26T14:39:12","date_gmt":"2025-02-26T13:39:12","guid":{"rendered":"https:\/\/www.pricetornado.com\/da\/produkt\/gense-twist-bestiksaet-60-dele-blankt-staal\/"},"modified":"2026-04-19T02:40:11","modified_gmt":"2026-04-19T00:40:11","slug":"gense-twist-bestiksaet-60-dele-blankt-staal","status":"publish","type":"product","link":"https:\/\/www.pricetornado.com\/da\/produkt\/gense-twist-bestiksaet-60-dele-blankt-staal\/","title":{"rendered":"Gense Twist Bestiks\u00e6t 60 dele Blankt st\u00e5l"},"content":{"rendered":"<p>K\u00f8b billig Gense Twist Bestiks\u00e6t 60 dele Blankt st\u00e5l!<br \/>\nGense Twist bestiks\u00e6t i blankt, nikkelfrit rustfrit st\u00e5l er et elegant og funktionelt valg til b\u00e5de hverdagsbrug og festlige lejligheder. S\u00e6ttet best\u00e5r af 60 dele og rummer alt, du skal bruge til et d\u00e6kket bord: 12 bordknive (21,6 cm), 12 bordgafler (19,4 cm), 12 spiseskeer (19 cm), 12 dessertskeer (15,5 cm) og 12 teskeer (13,5 cm).Twist bestikket er fremstillet i nikkelfrit rustfrit st\u00e5l, hvilket g\u00f8r det ideelt til dig med f\u00f8lsom hud eller nikkelallergi. Materialet sikrer lang holdbarhed og flot glans, samtidig med at du undg\u00e5r risiko for allergiske reaktioner, s\u00e5 du kan nyde din bordd\u00e6kning uden bekymring.Kendetegnes af et dekorativt og legende design med et lille vrid i formgivningen, der skaber illusionen af bev\u00e6gelse og giver s\u00e6ttet et eksklusivt, moderne udtryk.Den blankpolerede overflade og de bl\u00f8de kurver tilf\u00f8jer personlighed og \u00e6stetik til bordet.T\u00e5ler opvaskemaskine, s\u00e5 du f\u00e5r maksimal brugervenlighed og nem reng\u00f8ring i hverdagen.Twist bestiks\u00e6ttet fra Gense er designet til at begejstre enhver med sans for kvalitet og detaljer. Med den nikkelfrie sammens\u00e6tning, det eksklusive look og den h\u00f8je funktionalitet f\u00e5r du et bestiks\u00e6t, der b\u00e5de matcher det moderne hjem og hverdagens praktiske behov. for flere design og st\u00f8rrelser til din bordd\u00e6kning.<\/p>\n<p>Sammenlign priser p\u00e5 Gense Twist Bestiks\u00e6t 60 dele Blankt st\u00e5l og k\u00f8b online til den billigste pris, samt p\u00e5 tilbud!\u00a0\u00a0Tjek den bedste pris, produkt beskrivelse, video, test, anmeldelser osv.<\/p>\n<p><strong>Brand: <\/strong>Gense<br \/>\n<strong>EAN: <\/strong>7319011077912<br \/>\n<strong>Producentens varenr.:<\/strong> 7319011077912<\/p>\n<p><strong>P.S.<\/strong><br \/>\nTilmeld dig til &#8220;Opret Gratis Prisfald Alarm&#8221;, og bliv underrettet med det samme om prisfald p\u00e5 Gense Twist Bestiks\u00e6t 60 dele Blankt st\u00e5l, og f\u00e5 den billigste pris!<\/p>\n<p>&nbsp;<\/p>\n<p>&nbsp;<\/p>\n","protected":false},"excerpt":{"rendered":"<p>K\u00f8b billig Gense Twist Bestiks\u00e6t 60 dele Blankt st\u00e5l! Gense Twist bestiks\u00e6t i blankt, nikkelfrit rustfrit st\u00e5l er et elegant og funktionelt valg til b\u00e5de hverdagsbrug og festlige lejligheder. S\u00e6ttet best\u00e5r af 60 dele og rummer alt, du skal bruge til et d\u00e6kket bord: 12 bordknive (21,6 cm), 12 bordgafler (19,4 cm), 12 spiseskeer (19 [&hellip;]<\/p>\n","protected":false},"featured_media":999980000004461490,"template":"","meta":[],"store":[1272516],"product_brand":[1272532],"product_cat":[1272410],"product_tag":[1275181,1272681],"class_list":{"0":"post-446149","1":"product","2":"type-product","3":"status-publish","4":"has-post-thumbnail","6":"store-butik24","7":"product_brand-gense","8":"product_cat-koekkengrej","9":"product_tag-gense","10":"product_tag-koekkengrej","11":"pa_maerke-gense","13":"first","14":"instock","15":"product-type-external"},"_links":{"self":[{"href":"https:\/\/www.pricetornado.com\/da\/wp-json\/wp\/v2\/product\/446149","targetHints":{"allow":["GET"]}}],"collection":[{"href":"https:\/\/www.pricetornado.com\/da\/wp-json\/wp\/v2\/product"}],"about":[{"href":"https:\/\/www.pricetornado.com\/da\/wp-json\/wp\/v2\/types\/product"}],"wp:featuredmedia":[{"embeddable":true,"href":"https:\/\/www.pricetornado.com\/da\/wp-json\/"}],"wp:attachment":[{"href":"https:\/\/www.pricetornado.com\/da\/wp-json\/wp\/v2\/media?parent=446149"}],"wp:term":[{"taxonomy":"store","embeddable":true,"href":"https:\/\/www.pricetornado.com\/da\/wp-json\/wp\/v2\/store?post=446149"},{"taxonomy":"product_brand","embeddable":true,"href":"https:\/\/www.pricetornado.com\/da\/wp-json\/wp\/v2\/product_brand?post=446149"},{"taxonomy":"product_cat","embeddable":true,"href":"https:\/\/www.pricetornado.com\/da\/wp-json\/wp\/v2\/product_cat?post=446149"},{"taxonomy":"product_tag","embeddable":true,"href":"https:\/\/www.pricetornado.com\/da\/wp-json\/wp\/v2\/product_tag?post=446149"}],"curies":[{"name":"wp","href":"https:\/\/api.w.org\/{rel}","templated":true}]}}