{"id":446147,"date":"2025-02-23T20:48:23","date_gmt":"2025-02-23T19:48:23","guid":{"rendered":"https:\/\/www.pricetornado.com\/da\/produkt\/scanpan-staenklaag-i-silikone\/"},"modified":"2026-04-17T01:30:19","modified_gmt":"2026-04-16T23:30:19","slug":"scanpan-staenklaag-i-silikone","status":"publish","type":"product","link":"https:\/\/www.pricetornado.com\/da\/produkt\/scanpan-staenklaag-i-silikone\/","title":{"rendered":"Scanpan St\u00e6nkl\u00e5g i silikone"},"content":{"rendered":"<p>K\u00f8b billig Scanpan St\u00e6nkl\u00e5g i silikone!<br \/>\nBeskyt b\u00e5de dit k\u00f8kken og dit t\u00f8j mod st\u00e6nk med Scanpan st\u00e6nkl\u00e5g i silikone. Dette st\u00e6nkl\u00e5g passer til pander og gryder med en diameter p\u00e5 24-32 cm (op til 12 tommer), hvilket g\u00f8r det alsidigt og praktisk til daglig madlavning.L\u00e5get er fremstillet af varmebestandig silikone, s\u00e5 det t\u00e5ler h\u00f8je temperaturer uden at deformere eller smelte. Det robuste materiale g\u00f8r st\u00e6nkl\u00e5get b\u00e5de slidst\u00e6rkt og let at reng\u00f8re efter brug. Holder varm olie, fedt og madrester inde i gryden eller panden, s\u00e5 dit komfur og k\u00f8kken forbliver rent. Tillader damp at slippe ud, hvilket forhindrer trykopbygning og forbedrer sikkerheden under madlavning. Praktisk \u00e5bning i midten g\u00f8r det muligt at blende direkte i gryden eller panden uden at fjerne l\u00e5get.Scanpan st\u00e6nkl\u00e5g i silikone er et ideelt tilbeh\u00f8r til Scanpan gryder og pander, men kan ogs\u00e5 anvendes sammen med mange andre m\u00e6rker takket v\u00e6re den fleksible st\u00f8rrelse.Med dette st\u00e6nkl\u00e5g f\u00e5r du et funktionelt og sikkerhedsfremmende redskab, der sikrer en nemmere, renere og mere bekvem madlavning.<\/p>\n<p>Sammenlign priser p\u00e5 Scanpan St\u00e6nkl\u00e5g i silikone og k\u00f8b online til den billigste pris, samt p\u00e5 tilbud!\u00a0\u00a0Tjek den bedste pris, produkt beskrivelse, video, test, anmeldelser osv.<\/p>\n<p><strong>Brand: <\/strong>Scanpan<br \/>\n<strong>EAN: <\/strong>083421208774<br \/>\n<strong>Producentens varenr.:<\/strong> 083421208774<\/p>\n<p><strong>P.S.<\/strong><br \/>\nTilmeld dig til &#8220;Opret Gratis Prisfald Alarm&#8221;, og bliv underrettet med det samme om prisfald p\u00e5 Scanpan St\u00e6nkl\u00e5g i silikone, og f\u00e5 den billigste pris!<\/p>\n<p>&nbsp;<\/p>\n<p>&nbsp;<\/p>\n","protected":false},"excerpt":{"rendered":"<p>K\u00f8b billig Scanpan St\u00e6nkl\u00e5g i silikone! Beskyt b\u00e5de dit k\u00f8kken og dit t\u00f8j mod st\u00e6nk med Scanpan st\u00e6nkl\u00e5g i silikone. Dette st\u00e6nkl\u00e5g passer til pander og gryder med en diameter p\u00e5 24-32 cm (op til 12 tommer), hvilket g\u00f8r det alsidigt og praktisk til daglig madlavning.L\u00e5get er fremstillet af varmebestandig silikone, s\u00e5 det t\u00e5ler h\u00f8je [&hellip;]<\/p>\n","protected":false},"featured_media":999980000004461470,"template":"","meta":[],"store":[1272516],"product_brand":[1272521],"product_cat":[1272410],"product_tag":[1272681,1275184],"class_list":{"0":"post-446147","1":"product","2":"type-product","3":"status-publish","4":"has-post-thumbnail","6":"store-butik24","7":"product_brand-scanpan","8":"product_cat-koekkengrej","9":"product_tag-koekkengrej","10":"product_tag-scanpan","11":"pa_maerke-scanpan","13":"first","14":"instock","15":"product-type-external"},"_links":{"self":[{"href":"https:\/\/www.pricetornado.com\/da\/wp-json\/wp\/v2\/product\/446147","targetHints":{"allow":["GET"]}}],"collection":[{"href":"https:\/\/www.pricetornado.com\/da\/wp-json\/wp\/v2\/product"}],"about":[{"href":"https:\/\/www.pricetornado.com\/da\/wp-json\/wp\/v2\/types\/product"}],"wp:featuredmedia":[{"embeddable":true,"href":"https:\/\/www.pricetornado.com\/da\/wp-json\/"}],"wp:attachment":[{"href":"https:\/\/www.pricetornado.com\/da\/wp-json\/wp\/v2\/media?parent=446147"}],"wp:term":[{"taxonomy":"store","embeddable":true,"href":"https:\/\/www.pricetornado.com\/da\/wp-json\/wp\/v2\/store?post=446147"},{"taxonomy":"product_brand","embeddable":true,"href":"https:\/\/www.pricetornado.com\/da\/wp-json\/wp\/v2\/product_brand?post=446147"},{"taxonomy":"product_cat","embeddable":true,"href":"https:\/\/www.pricetornado.com\/da\/wp-json\/wp\/v2\/product_cat?post=446147"},{"taxonomy":"product_tag","embeddable":true,"href":"https:\/\/www.pricetornado.com\/da\/wp-json\/wp\/v2\/product_tag?post=446147"}],"curies":[{"name":"wp","href":"https:\/\/api.w.org\/{rel}","templated":true}]}}