{"id":446140,"date":"2025-02-27T19:36:00","date_gmt":"2025-02-27T18:36:00","guid":{"rendered":"https:\/\/www.pricetornado.com\/da\/produkt\/melissa-vakuumrulle-20x300cm\/"},"modified":"2026-04-17T07:00:30","modified_gmt":"2026-04-17T05:00:30","slug":"melissa-vakuumrulle-20x300cm","status":"publish","type":"product","link":"https:\/\/www.pricetornado.com\/da\/produkt\/melissa-vakuumrulle-20x300cm\/","title":{"rendered":"Melissa Vakuumrulle 20x300cm"},"content":{"rendered":"<p>K\u00f8b billig Melissa Vakuumrulle 20x300cm!<br \/>\nMelissa vakuumrulle p\u00e5 20 cm x 3 meter er ideel til dig, der \u00f8nsker at holde dine f\u00f8devarer friske i l\u00e6ngere tid og samtidig udnytte fordelene ved sous vide-tilberedning. Rullen best\u00e5r af klare vakuumposer, hvilket giver dig mulighed for nemt at se indholdet, mens den kompakte rulleform g\u00f8r det let at opbevare og transportere produktet.Med en vakuumrulle kan du selv bestemme l\u00e6ngden p\u00e5 posen, der skal bruges. Du klipper den \u00f8nskede l\u00e6ngde, svejser den ene ende, fylder f\u00f8devarerne i posen og afslutter med vakuum og svejsning i den anden ende. Dette giver maksimal fleksibilitet, minimerer spild og sikrer, at du altid har den rette pose til r\u00e5dighed.Vakuumposernes luftt\u00e6tte indpakning er afg\u00f8rende for at bevare madens vigtige vitaminer, mineraler og naturlige smag. Holdbarheden \u00f8ges op til 6 gange sammenlignet med almindelig opbevaring i k\u00f8leskabet, og du kan fryse madvarer ned uden risiko for frostskader. Perfekt til b\u00e5de sous vide-tilberedning og generel opbevaring af f\u00f8devarer.Rullen indeholder 3 meter vakuumposer med en praktisk bredde p\u00e5 20 cm, hvilket d\u00e6kker de fleste behov i k\u00f8kkenet. Har du brug for bredere poser, f\u00e5s vakuumrullen ogs\u00e5 i 28 cm-bredde. Se her.Med Melissa vakuumrulle f\u00e5r du fleksibilitet og kvalitet til b\u00e5de sous vide og opbevaring, s\u00e5 du kan holde maden frisk og velsmagende i l\u00e6ngere tid.<\/p>\n<p>Sammenlign priser p\u00e5 Melissa Vakuumrulle 20x300cm og k\u00f8b online til den billigste pris, samt p\u00e5 tilbud!\u00a0\u00a0Tjek den bedste pris, produkt beskrivelse, video, test, anmeldelser osv.<\/p>\n<p><strong>Brand: <\/strong>Melissa<br \/>\n<strong>EAN: <\/strong>5707160021030<br \/>\n<strong>Producentens varenr.:<\/strong> 5707160021030<\/p>\n<p><strong>P.S.<\/strong><br \/>\nTilmeld dig til &#8220;Opret Gratis Prisfald Alarm&#8221;, og bliv underrettet med det samme om prisfald p\u00e5 Melissa Vakuumrulle 20x300cm, og f\u00e5 den billigste pris!<\/p>\n<p>&nbsp;<\/p>\n<p>&nbsp;<\/p>\n","protected":false},"excerpt":{"rendered":"<p>K\u00f8b billig Melissa Vakuumrulle 20x300cm! Melissa vakuumrulle p\u00e5 20 cm x 3 meter er ideel til dig, der \u00f8nsker at holde dine f\u00f8devarer friske i l\u00e6ngere tid og samtidig udnytte fordelene ved sous vide-tilberedning. Rullen best\u00e5r af klare vakuumposer, hvilket giver dig mulighed for nemt at se indholdet, mens den kompakte rulleform g\u00f8r det let [&hellip;]<\/p>\n","protected":false},"featured_media":999980000004461400,"template":"","meta":[],"store":[1272516],"product_brand":[1272531],"product_cat":[1272418],"product_tag":[1272757,1275189],"class_list":{"0":"post-446140","1":"product","2":"type-product","3":"status-publish","4":"has-post-thumbnail","6":"store-butik24","7":"product_brand-melissa","8":"product_cat-koekkenmaskiner","9":"product_tag-koekkenmaskiner","10":"product_tag-melissa","11":"pa_maerke-melissa","13":"first","14":"instock","15":"product-type-external"},"_links":{"self":[{"href":"https:\/\/www.pricetornado.com\/da\/wp-json\/wp\/v2\/product\/446140","targetHints":{"allow":["GET"]}}],"collection":[{"href":"https:\/\/www.pricetornado.com\/da\/wp-json\/wp\/v2\/product"}],"about":[{"href":"https:\/\/www.pricetornado.com\/da\/wp-json\/wp\/v2\/types\/product"}],"wp:featuredmedia":[{"embeddable":true,"href":"https:\/\/www.pricetornado.com\/da\/wp-json\/"}],"wp:attachment":[{"href":"https:\/\/www.pricetornado.com\/da\/wp-json\/wp\/v2\/media?parent=446140"}],"wp:term":[{"taxonomy":"store","embeddable":true,"href":"https:\/\/www.pricetornado.com\/da\/wp-json\/wp\/v2\/store?post=446140"},{"taxonomy":"product_brand","embeddable":true,"href":"https:\/\/www.pricetornado.com\/da\/wp-json\/wp\/v2\/product_brand?post=446140"},{"taxonomy":"product_cat","embeddable":true,"href":"https:\/\/www.pricetornado.com\/da\/wp-json\/wp\/v2\/product_cat?post=446140"},{"taxonomy":"product_tag","embeddable":true,"href":"https:\/\/www.pricetornado.com\/da\/wp-json\/wp\/v2\/product_tag?post=446140"}],"curies":[{"name":"wp","href":"https:\/\/api.w.org\/{rel}","templated":true}]}}