{"id":446137,"date":"2025-02-20T12:42:06","date_gmt":"2025-02-20T11:42:06","guid":{"rendered":"https:\/\/www.pricetornado.com\/da\/produkt\/peugeot-elis-us-peberkvaern-elektrisk-20-cm-mat-staal-klar\/"},"modified":"2026-04-17T03:59:54","modified_gmt":"2026-04-17T01:59:54","slug":"peugeot-elis-us-peberkvaern-elektrisk-20-cm-mat-staal-klar","status":"publish","type":"product","link":"https:\/\/www.pricetornado.com\/da\/produkt\/peugeot-elis-us-peberkvaern-elektrisk-20-cm-mat-staal-klar\/","title":{"rendered":"Peugeot Elis uS Peberkv\u00e6rn elektrisk 20 cm Mat st\u00e5l\/Klar"},"content":{"rendered":"<p>K\u00f8b billig Peugeot Elis uS Peberkv\u00e6rn elektrisk 20 cm Mat st\u00e5l\/Klar!<br \/>\nOplev Peugeot Elis elektriske peberkv\u00e6rn, skabt i slidst\u00e6rkt rustfrit st\u00e5l kombineret med let akryl for b\u00e5de holdbarhed og en moderne \u00e6stetik. Kv\u00e6rnen drives af brugervenlig touch-sensitiv teknologi, der aktiveres med blot \u00e9n ber\u00f8ring p\u00e5 toppen, mens du holder den i h\u00e5nden. Et indbygget LED-lys viser, n\u00e5r kv\u00e6rnen er i funktion, hvilket g\u00f8r det nemt at dosere pr\u00e6cist.Det patenterede u\u2019Select-system giver dig seks faste valg af malingsgrad \u2013 fra ultrafint til groft. N\u00e5r du f\u00f8rst har valgt indstillingen ved at dreje ringen i bunden af kv\u00e6rnen, forbliver denne u\u00e6ndret, indtil du selv vil \u00e6ndre den. Dette sikrer ensartede resultater ved hver brug.Ergonomisk touch-aktiveret betjening for nem brug og komfort.LED-indikator, der tydeligt viser, n\u00e5r kv\u00e6rnen er aktiv.Inklusiv krydderiglas, der samtidig fungerer som m\u00e5letragt for enkel og pr\u00e6cis p\u00e5fyldning af peberkorn.Kv\u00e6rnen benytter 6 AAA-batterier (medf\u00f8lger ikke).Med Peugeot Elis elektrisk peberkv\u00e6rn f\u00e5r du et effektivt og elegant k\u00f8kkenredskab, der g\u00f8r det let at tilf\u00f8je den \u00f8nskede m\u00e6ngde peber til dine retter. Perfekt til dig, der \u00f8nsker b\u00e5de pr\u00e6cision og et flot design. Se alle vores for flere valgmuligheder.<\/p>\n<p>Sammenlign priser p\u00e5 Peugeot Elis uS Peberkv\u00e6rn elektrisk 20 cm Mat st\u00e5l\/Klar og k\u00f8b online til den billigste pris, samt p\u00e5 tilbud!\u00a0\u00a0Tjek den bedste pris, produkt beskrivelse, video, test, anmeldelser osv.<\/p>\n<p><strong>Brand: <\/strong>Peugeot<br \/>\n<strong>EAN: <\/strong>4006950027162<br \/>\n<strong>Producentens varenr.:<\/strong> 4006950027162<\/p>\n<p><strong>P.S.<\/strong><br \/>\nTilmeld dig til &#8220;Opret Gratis Prisfald Alarm&#8221;, og bliv underrettet med det samme om prisfald p\u00e5 Peugeot Elis uS Peberkv\u00e6rn elektrisk 20 cm Mat st\u00e5l\/Klar, og f\u00e5 den billigste pris!<\/p>\n<p>&nbsp;<\/p>\n<p>&nbsp;<\/p>\n","protected":false},"excerpt":{"rendered":"<p>K\u00f8b billig Peugeot Elis uS Peberkv\u00e6rn elektrisk 20 cm Mat st\u00e5l\/Klar! Oplev Peugeot Elis elektriske peberkv\u00e6rn, skabt i slidst\u00e6rkt rustfrit st\u00e5l kombineret med let akryl for b\u00e5de holdbarhed og en moderne \u00e6stetik. Kv\u00e6rnen drives af brugervenlig touch-sensitiv teknologi, der aktiveres med blot \u00e9n ber\u00f8ring p\u00e5 toppen, mens du holder den i h\u00e5nden. Et indbygget LED-lys [&hellip;]<\/p>\n","protected":false},"featured_media":999980000004461370,"template":"","meta":[],"store":[1272516],"product_brand":[1272520],"product_cat":[1272410],"product_tag":[1272681,1275187],"class_list":{"0":"post-446137","1":"product","2":"type-product","3":"status-publish","4":"has-post-thumbnail","6":"store-butik24","7":"product_brand-peugeot","8":"product_cat-koekkengrej","9":"product_tag-koekkengrej","10":"product_tag-peugeot","11":"pa_maerke-peugeot","13":"first","14":"instock","15":"product-type-external"},"_links":{"self":[{"href":"https:\/\/www.pricetornado.com\/da\/wp-json\/wp\/v2\/product\/446137","targetHints":{"allow":["GET"]}}],"collection":[{"href":"https:\/\/www.pricetornado.com\/da\/wp-json\/wp\/v2\/product"}],"about":[{"href":"https:\/\/www.pricetornado.com\/da\/wp-json\/wp\/v2\/types\/product"}],"wp:featuredmedia":[{"embeddable":true,"href":"https:\/\/www.pricetornado.com\/da\/wp-json\/"}],"wp:attachment":[{"href":"https:\/\/www.pricetornado.com\/da\/wp-json\/wp\/v2\/media?parent=446137"}],"wp:term":[{"taxonomy":"store","embeddable":true,"href":"https:\/\/www.pricetornado.com\/da\/wp-json\/wp\/v2\/store?post=446137"},{"taxonomy":"product_brand","embeddable":true,"href":"https:\/\/www.pricetornado.com\/da\/wp-json\/wp\/v2\/product_brand?post=446137"},{"taxonomy":"product_cat","embeddable":true,"href":"https:\/\/www.pricetornado.com\/da\/wp-json\/wp\/v2\/product_cat?post=446137"},{"taxonomy":"product_tag","embeddable":true,"href":"https:\/\/www.pricetornado.com\/da\/wp-json\/wp\/v2\/product_tag?post=446137"}],"curies":[{"name":"wp","href":"https:\/\/api.w.org\/{rel}","templated":true}]}}