{"id":446134,"date":"2025-02-22T22:35:32","date_gmt":"2025-02-22T21:35:32","guid":{"rendered":"https:\/\/www.pricetornado.com\/da\/produkt\/philips-hue-lucca-udendoers-vaegbelysning\/"},"modified":"2026-04-17T07:40:35","modified_gmt":"2026-04-17T05:40:35","slug":"philips-hue-lucca-udendoers-vaegbelysning","status":"publish","type":"product","link":"https:\/\/www.pricetornado.com\/da\/produkt\/philips-hue-lucca-udendoers-vaegbelysning\/","title":{"rendered":"Philips HUE Lucca udend\u00f8rs v\u00e6gbelysning"},"content":{"rendered":"<p>K\u00f8b billig Philips HUE Lucca udend\u00f8rs v\u00e6gbelysning!<br \/>\nUdvid dit Philips Hue-system til haven eller indk\u00f8rslen med Philips Hue Lucca udend\u00f8rs v\u00e6glampe. Denne elegante v\u00e6glanterne er designet til at modst\u00e5 det danske vejr takket v\u00e6re et robust kabinet i aluminium og antracitfinish. Med Hue Lucca f\u00e5r du smart lysstyring af dine udend\u00f8rsomr\u00e5der, hvor du kan fjernbetjene, programmere og automatisere lyset via Philips Hue appen eller stemmeassistenter som Amazon Alexa, Apple HomeKit og Google Assistant \u2013 alt sammen ved tilslutning til en Philips Hue Bridge (s\u00e6lges separat).Forbind lampen til din Hue Bridge for at f\u00e5 adgang til alle funktioner \u2013 styr belysningen, uanset hvor du er, direkte fra din smartphone eller tablet.Brug geofencing til automatisk at t\u00e6nde lyset, n\u00e5r du kommer hjem, og slukke det, n\u00e5r du g\u00e5r \u2013 helt uden at trykke p\u00e5 en knap.Opret personlige tidsplaner og timere, f.eks. baseret p\u00e5 solopgang eller solnedgang, s\u00e5 lampen t\u00e6nder eller slukker pr\u00e6cis, n\u00e5r du \u00f8nsker det.Mulighed for d\u00e6mpning uden installation \u2013 just\u00e9r lysstyrken nemt i appen eller via Hue kompatible kontakter.Stemmekontrol via Amazon Alexa, Apple HomeKit og Google Assistant g\u00f8r det let og bekvemt at styre lyset direkte med stemmen.Kan kombineres med hele Philips Hue sortimentet for en komplet smartlysoplevelse.IP44-certificering betyder, at lampen er st\u00e6nkt\u00e6t og ideel til de fleste udend\u00f8rsarealer.Huset er udf\u00f8rt i aluminium og syntetisk materiale af h\u00f8j kvalitet for optimal holdbarhed og god radiotransmission.Leveres med en udskiftelig 9W E27 LED-p\u00e6re (806 lumen, 2700K varmt hvidt lys) i energiklasse A+ og med en levetid op til 25.000 timer.Kompatibel med andre Philips Hue E27 p\u00e6rer, inkl. farveskiftende eller justerbare hvide p\u00e6rer alt efter behov.Dobbelt isolering (klasse II) sikrer h\u00f8j elektrisk sikkerhed uden behov for jordforbindelse.Philips Hue Lucca giver dig let, bekvemt og trygt lys p\u00e5 altanen, ved hovedd\u00f8ren eller i g\u00e5rdhaven. Med smarte funktioner som automatiske tidsplaner, fjernstyring og indstilling af belysningsscenarier bliver det nemmere at komme hjem, tage skraldet ud eller forl\u00e6nge haveaftenen. Det vejrbestandige design og den energieffektive LED g\u00f8r lampen ideel til udend\u00f8rs brug \u00e5ret rundt.Husk: For at f\u00e5 adgang til alle smart-funktioner skal lampen forbindes til en Philips Hue Bridge (medf\u00f8lger ikke). Integrer den med resten af din belysning og oplev alle fordelene ved intelligent udend\u00f8rslys.<\/p>\n<p>Sammenlign priser p\u00e5 Philips HUE Lucca udend\u00f8rs v\u00e6gbelysning og k\u00f8b online til den billigste pris, samt p\u00e5 tilbud!\u00a0\u00a0Tjek den bedste pris, produkt beskrivelse, video, test, anmeldelser osv.<\/p>\n<p><strong>Brand: <\/strong>Philips Hue<br \/>\n<strong>EAN: <\/strong>8718696166048<br \/>\n<strong>Producentens varenr.:<\/strong> 8718696166048<\/p>\n<p><strong>P.S.<\/strong><br \/>\nTilmeld dig til &#8220;Opret Gratis Prisfald Alarm&#8221;, og bliv underrettet med det samme om prisfald p\u00e5 Philips HUE Lucca udend\u00f8rs v\u00e6gbelysning, og f\u00e5 den billigste pris!<\/p>\n<p>&nbsp;<\/p>\n<p>&nbsp;<\/p>\n","protected":false},"excerpt":{"rendered":"<p>K\u00f8b billig Philips HUE Lucca udend\u00f8rs v\u00e6gbelysning! Udvid dit Philips Hue-system til haven eller indk\u00f8rslen med Philips Hue Lucca udend\u00f8rs v\u00e6glampe. Denne elegante v\u00e6glanterne er designet til at modst\u00e5 det danske vejr takket v\u00e6re et robust kabinet i aluminium og antracitfinish. Med Hue Lucca f\u00e5r du smart lysstyring af dine udend\u00f8rsomr\u00e5der, hvor du kan fjernbetjene, [&hellip;]<\/p>\n","protected":false},"featured_media":999980000004461340,"template":"","meta":[],"store":[1272516],"product_brand":[1272523],"product_cat":[1272407],"product_tag":[1272697,1272767],"class_list":{"0":"post-446134","1":"product","2":"type-product","3":"status-publish","4":"has-post-thumbnail","6":"store-butik24","7":"product_brand-philips-hue","8":"product_cat-belysning-2","9":"product_tag-belysning","10":"product_tag-philips-hue","11":"pa_maerke-philips-hue","13":"first","14":"instock","15":"product-type-external"},"_links":{"self":[{"href":"https:\/\/www.pricetornado.com\/da\/wp-json\/wp\/v2\/product\/446134","targetHints":{"allow":["GET"]}}],"collection":[{"href":"https:\/\/www.pricetornado.com\/da\/wp-json\/wp\/v2\/product"}],"about":[{"href":"https:\/\/www.pricetornado.com\/da\/wp-json\/wp\/v2\/types\/product"}],"wp:featuredmedia":[{"embeddable":true,"href":"https:\/\/www.pricetornado.com\/da\/wp-json\/"}],"wp:attachment":[{"href":"https:\/\/www.pricetornado.com\/da\/wp-json\/wp\/v2\/media?parent=446134"}],"wp:term":[{"taxonomy":"store","embeddable":true,"href":"https:\/\/www.pricetornado.com\/da\/wp-json\/wp\/v2\/store?post=446134"},{"taxonomy":"product_brand","embeddable":true,"href":"https:\/\/www.pricetornado.com\/da\/wp-json\/wp\/v2\/product_brand?post=446134"},{"taxonomy":"product_cat","embeddable":true,"href":"https:\/\/www.pricetornado.com\/da\/wp-json\/wp\/v2\/product_cat?post=446134"},{"taxonomy":"product_tag","embeddable":true,"href":"https:\/\/www.pricetornado.com\/da\/wp-json\/wp\/v2\/product_tag?post=446134"}],"curies":[{"name":"wp","href":"https:\/\/api.w.org\/{rel}","templated":true}]}}