{"id":446128,"date":"2025-02-27T10:06:02","date_gmt":"2025-02-27T09:06:02","guid":{"rendered":"https:\/\/www.pricetornado.com\/da\/produkt\/philips-fc9556-09-poseloes-stoevsuger-powerpro-active\/"},"modified":"2026-04-17T01:30:30","modified_gmt":"2026-04-16T23:30:30","slug":"philips-fc9556-09-poseloes-stoevsuger-powerpro-active","status":"publish","type":"product","link":"https:\/\/www.pricetornado.com\/da\/produkt\/philips-fc9556-09-poseloes-stoevsuger-powerpro-active\/","title":{"rendered":"Philips FC9556\/09 Posel\u00f8s st\u00f8vsuger PowerPro Active"},"content":{"rendered":"<p>K\u00f8b billig Philips FC9556\/09 Posel\u00f8s st\u00f8vsuger PowerPro Active!<br \/>\nPhilips PowerPro Active posel\u00f8s st\u00f8vsuger er udviklet til grundig og effektiv reng\u00f8ring med minimal indsats. Den avancerede PowerCyclone 7-teknologi sikrer vedvarende st\u00e6rk sugestyrke ved effektivt at adskille st\u00f8v fra luftstr\u00f8mmen, s\u00e5 tilstopning reduceres og reng\u00f8ringen bliver mere effektiv.Med en 900 W motor (IEC-rated 899 W) f\u00e5r du forbedret sugestyrke og 50 % kraftigere sugeevne, der sikrer effektiv opsamling af mere end 99,9 % af fine st\u00f8vpartikler. TriActive+ mundstykket kombinerer tre reng\u00f8ringsmetoder i \u00e9t og leverer h\u00f8j ydeevne p\u00e5 b\u00e5de h\u00e5rde gulve og t\u00e6pper, mens turbob\u00f8rsten effektivt fjerner indlejret dyreh\u00e5r og fnug.V\u00e6lg Philips PowerPro Active posel\u00f8s st\u00f8vsuger for en effektiv, st\u00e6rk og allergivenlig reng\u00f8ringsoplevelse, der b\u00e5de beskytter dit hjem og g\u00f8r reng\u00f8ringen nemmere. Se hele udvalget af produkter hos Butik24.<\/p>\n<p>Sammenlign priser p\u00e5 Philips FC9556\/09 Posel\u00f8s st\u00f8vsuger PowerPro Active og k\u00f8b online til den billigste pris, samt p\u00e5 tilbud!\u00a0\u00a0Tjek den bedste pris, produkt beskrivelse, video, test, anmeldelser osv.<\/p>\n<p><strong>Brand: <\/strong>Philips<br \/>\n<strong>EAN: <\/strong>8710103860587<br \/>\n<strong>Producentens varenr.:<\/strong> 8710103860587<\/p>\n<p><strong>P.S.<\/strong><br \/>\nTilmeld dig til &#8220;Opret Gratis Prisfald Alarm&#8221;, og bliv underrettet med det samme om prisfald p\u00e5 Philips FC9556\/09 Posel\u00f8s st\u00f8vsuger PowerPro Active, og f\u00e5 den billigste pris!<\/p>\n<p>&nbsp;<\/p>\n<p>&nbsp;<\/p>\n","protected":false},"excerpt":{"rendered":"<p>K\u00f8b billig Philips FC9556\/09 Posel\u00f8s st\u00f8vsuger PowerPro Active! Philips PowerPro Active posel\u00f8s st\u00f8vsuger er udviklet til grundig og effektiv reng\u00f8ring med minimal indsats. Den avancerede PowerCyclone 7-teknologi sikrer vedvarende st\u00e6rk sugestyrke ved effektivt at adskille st\u00f8v fra luftstr\u00f8mmen, s\u00e5 tilstopning reduceres og reng\u00f8ringen bliver mere effektiv.Med en 900 W motor (IEC-rated 899 W) f\u00e5r du [&hellip;]<\/p>\n","protected":false},"featured_media":999980000004461280,"template":"","meta":[],"store":[1272516],"product_brand":[1272519],"product_cat":[1272411],"product_tag":[1275180,1272720],"class_list":{"0":"post-446128","1":"product","2":"type-product","3":"status-publish","4":"has-post-thumbnail","6":"store-butik24","7":"product_brand-philips","8":"product_cat-stoevsugere","9":"product_tag-philips","10":"product_tag-stoevsugere","11":"pa_maerke-philips","13":"first","14":"instock","15":"product-type-external"},"_links":{"self":[{"href":"https:\/\/www.pricetornado.com\/da\/wp-json\/wp\/v2\/product\/446128","targetHints":{"allow":["GET"]}}],"collection":[{"href":"https:\/\/www.pricetornado.com\/da\/wp-json\/wp\/v2\/product"}],"about":[{"href":"https:\/\/www.pricetornado.com\/da\/wp-json\/wp\/v2\/types\/product"}],"wp:featuredmedia":[{"embeddable":true,"href":"https:\/\/www.pricetornado.com\/da\/wp-json\/"}],"wp:attachment":[{"href":"https:\/\/www.pricetornado.com\/da\/wp-json\/wp\/v2\/media?parent=446128"}],"wp:term":[{"taxonomy":"store","embeddable":true,"href":"https:\/\/www.pricetornado.com\/da\/wp-json\/wp\/v2\/store?post=446128"},{"taxonomy":"product_brand","embeddable":true,"href":"https:\/\/www.pricetornado.com\/da\/wp-json\/wp\/v2\/product_brand?post=446128"},{"taxonomy":"product_cat","embeddable":true,"href":"https:\/\/www.pricetornado.com\/da\/wp-json\/wp\/v2\/product_cat?post=446128"},{"taxonomy":"product_tag","embeddable":true,"href":"https:\/\/www.pricetornado.com\/da\/wp-json\/wp\/v2\/product_tag?post=446128"}],"curies":[{"name":"wp","href":"https:\/\/api.w.org\/{rel}","templated":true}]}}