{"id":446118,"date":"2025-02-20T08:36:47","date_gmt":"2025-02-20T07:36:47","guid":{"rendered":"https:\/\/www.pricetornado.com\/da\/produkt\/philips-hr3705-00-haandmixer-300w-hvid\/"},"modified":"2026-04-19T07:20:35","modified_gmt":"2026-04-19T05:20:35","slug":"philips-hr3705-00-haandmixer-300w-hvid","status":"publish","type":"product","link":"https:\/\/www.pricetornado.com\/da\/produkt\/philips-hr3705-00-haandmixer-300w-hvid\/","title":{"rendered":"Philips HR3705\/00 H\u00e5ndmixer 300W &#8211; Hvid"},"content":{"rendered":"<p>K\u00f8b billig Philips HR3705\/00 H\u00e5ndmixer 300W &#8211; Hvid!<br \/>\nG\u00f8r bagningen lettere og hurtigere med Philips Daily Collection mixer. Denne h\u00e5ndmixer er designet til at levere luftige kager og lind dej p\u00e5 ingen tid, takket v\u00e6re en kraftfuld 300 W motor og et let, ergonomisk design, der sikrer maksimal komfort under brug.De innovative kegleformede b\u00e5ndpiskeris pisker op til 20 % hurtigere end traditionelle modeller. Formen sikrer et st\u00f8rre d\u00e6kningsomr\u00e5de og indarbejder mere luft, hvilket giver en j\u00e6vn og luftig konsistens i b\u00e5de kagedej og andre blandinger.Mixeren er let og ergonomisk udformet for at g\u00f8re miksning nem og behagelig, selv ved l\u00e6ngerevarende brug. Det skridsikre greb giver sikker h\u00e5ndtering, og de ekstra store betjeningselementer g\u00f8r det nemt at skifte mellem hastigheder. En stor udl\u00f8serknap frig\u00f8r tilbeh\u00f8ret hurtigt og nemt med blot \u00e9t tryk.Philips Daily Collection h\u00e5ndmixer kombinerer effektivitet, holdbarhed og brugervenlighed, s\u00e5 du altid opn\u00e5r perfekte resultater i k\u00f8kkenet. Se flere smarte k\u00f8kkenprodukter i vores .<\/p>\n<p>Sammenlign priser p\u00e5 Philips HR3705\/00 H\u00e5ndmixer 300W &#8211; Hvid og k\u00f8b online til den billigste pris, samt p\u00e5 tilbud!\u00a0\u00a0Tjek den bedste pris, produkt beskrivelse, video, test, anmeldelser osv.<\/p>\n<p><strong>Brand: <\/strong>Philips<br \/>\n<strong>EAN: <\/strong>8710103855804<br \/>\n<strong>Producentens varenr.:<\/strong> 8710103855804<\/p>\n<p><strong>P.S.<\/strong><br \/>\nTilmeld dig til &#8220;Opret Gratis Prisfald Alarm&#8221;, og bliv underrettet med det samme om prisfald p\u00e5 Philips HR3705\/00 H\u00e5ndmixer 300W &#8211; Hvid, og f\u00e5 den billigste pris!<\/p>\n<p>&nbsp;<\/p>\n<p>&nbsp;<\/p>\n","protected":false},"excerpt":{"rendered":"<p>K\u00f8b billig Philips HR3705\/00 H\u00e5ndmixer 300W &#8211; Hvid! G\u00f8r bagningen lettere og hurtigere med Philips Daily Collection mixer. Denne h\u00e5ndmixer er designet til at levere luftige kager og lind dej p\u00e5 ingen tid, takket v\u00e6re en kraftfuld 300 W motor og et let, ergonomisk design, der sikrer maksimal komfort under brug.De innovative kegleformede b\u00e5ndpiskeris pisker [&hellip;]<\/p>\n","protected":false},"featured_media":999980000004461180,"template":"","meta":[],"store":[1272516],"product_brand":[1272519],"product_cat":[831418],"product_tag":[1272683,1275180],"class_list":{"0":"post-446118","1":"product","2":"type-product","3":"status-publish","4":"has-post-thumbnail","6":"store-butik24","7":"product_brand-philips","8":"product_cat-koekkenudstyr","9":"product_tag-koekkenudstyr","10":"product_tag-philips","11":"pa_maerke-philips","13":"first","14":"instock","15":"product-type-external"},"_links":{"self":[{"href":"https:\/\/www.pricetornado.com\/da\/wp-json\/wp\/v2\/product\/446118","targetHints":{"allow":["GET"]}}],"collection":[{"href":"https:\/\/www.pricetornado.com\/da\/wp-json\/wp\/v2\/product"}],"about":[{"href":"https:\/\/www.pricetornado.com\/da\/wp-json\/wp\/v2\/types\/product"}],"wp:featuredmedia":[{"embeddable":true,"href":"https:\/\/www.pricetornado.com\/da\/wp-json\/"}],"wp:attachment":[{"href":"https:\/\/www.pricetornado.com\/da\/wp-json\/wp\/v2\/media?parent=446118"}],"wp:term":[{"taxonomy":"store","embeddable":true,"href":"https:\/\/www.pricetornado.com\/da\/wp-json\/wp\/v2\/store?post=446118"},{"taxonomy":"product_brand","embeddable":true,"href":"https:\/\/www.pricetornado.com\/da\/wp-json\/wp\/v2\/product_brand?post=446118"},{"taxonomy":"product_cat","embeddable":true,"href":"https:\/\/www.pricetornado.com\/da\/wp-json\/wp\/v2\/product_cat?post=446118"},{"taxonomy":"product_tag","embeddable":true,"href":"https:\/\/www.pricetornado.com\/da\/wp-json\/wp\/v2\/product_tag?post=446118"}],"curies":[{"name":"wp","href":"https:\/\/api.w.org\/{rel}","templated":true}]}}