{"id":446114,"date":"2025-02-21T13:20:04","date_gmt":"2025-02-21T12:20:04","guid":{"rendered":"https:\/\/www.pricetornado.com\/da\/produkt\/scanpan-48-l-24-cm-gryde-med-glaslaag-ctx\/"},"modified":"2026-04-17T08:00:20","modified_gmt":"2026-04-17T06:00:20","slug":"scanpan-48-l-24-cm-gryde-med-glaslaag-ctx","status":"publish","type":"product","link":"https:\/\/www.pricetornado.com\/da\/produkt\/scanpan-48-l-24-cm-gryde-med-glaslaag-ctx\/","title":{"rendered":"Scanpan 4,8 l\/24 cm gryde med glasl\u00e5g- CTX"},"content":{"rendered":"<p>K\u00f8b billig Scanpan 4,8 l\/24 cm gryde med glasl\u00e5g- CTX!<br \/>\nScanpan CTX gryde p\u00e5 4,8 liter med glasl\u00e5g kombinerer overlegne materialer, funktionalitet og \u00e6gte dansk design. Gryden er udviklet og produceret i Danmark med fokus p\u00e5 slidstyrke, brugervenlighed og en elegant \u00e6stetik. L\u00e5get i b\u00f8rstet rustfrit st\u00e5l har en praktisk glasindsats, s\u00e5 du altid kan holde \u00f8je med maden under tilberedningen. De st\u00e6rke sideh\u00e5ndtag i rustfrit st\u00e5l er fastgjort med nitter og forbliver kolde under brug \u2013 s\u00e5 du undg\u00e5r br\u00e6ndte fingre.CTX-serien er opbygget af fem lag, herunder en kerne af genanvendt aluminium og lag af rustfrit st\u00e5l, som giver hurtig, j\u00e6vn varmefordeling og g\u00f8r gryderne velegnede til alle komfurtyper, inklusive induktion. Det ydre af b\u00f8rstet rustfrit st\u00e5l sikrer b\u00e5de stil og robusthed, s\u00e5 gryden holder mange \u00e5rs brug i k\u00f8kkenet.Den patenterede STRATANIUM non-stick bel\u00e6gning g\u00f8r gryden ekstra slidst\u00e6rk, let at reng\u00f8re og sikker at bruge med alle former for k\u00f8kkenredskaber \u2013 ogs\u00e5 i metal. Bel\u00e6gningen er PFOA-fri og best\u00e5r af flere sammenbr\u00e6ndte lag, som sikrer solid holdbarhed og h\u00f8j funktionalitet.Leveres inkl. l\u00e5g med glasindsatsOvnfast op til 260\u00b0C \u2013 ideel til f.eks. grydebr\u00f8d og retter fra komfur til ovnGryden t\u00e5ler opvaskemaskine. For at bevare det b\u00f8rstede ydre og sikre l\u00e6ngst mulig levetid anbefales h\u00e5ndvask med opvaskemiddel samt at undg\u00e5 hurtig opvarmning og nedk\u00f8ling.V\u00e6lg Scanpan CTX gryden, hvis du \u00f8nsker et robust, elegant og effektivt k\u00f8kkenredskab, designet til daglig brug og avancerede retter. Perfekt til b\u00e5de intensive madoplevelser og hverdagsretter.. Find alle .<\/p>\n<p>Sammenlign priser p\u00e5 Scanpan 4,8 l\/24 cm gryde med glasl\u00e5g- CTX og k\u00f8b online til den billigste pris, samt p\u00e5 tilbud!\u00a0\u00a0Tjek den bedste pris, produkt beskrivelse, video, test, anmeldelser osv.<\/p>\n<p><strong>Brand: <\/strong>Scanpan<br \/>\n<strong>EAN: <\/strong>083421652546<br \/>\n<strong>Producentens varenr.:<\/strong> 083421652546<\/p>\n<p><strong>P.S.<\/strong><br \/>\nTilmeld dig til &#8220;Opret Gratis Prisfald Alarm&#8221;, og bliv underrettet med det samme om prisfald p\u00e5 Scanpan 4,8 l\/24 cm gryde med glasl\u00e5g- CTX, og f\u00e5 den billigste pris!<\/p>\n<p>&nbsp;<\/p>\n<p>&nbsp;<\/p>\n","protected":false},"excerpt":{"rendered":"<p>K\u00f8b billig Scanpan 4,8 l\/24 cm gryde med glasl\u00e5g- CTX! Scanpan CTX gryde p\u00e5 4,8 liter med glasl\u00e5g kombinerer overlegne materialer, funktionalitet og \u00e6gte dansk design. Gryden er udviklet og produceret i Danmark med fokus p\u00e5 slidstyrke, brugervenlighed og en elegant \u00e6stetik. L\u00e5get i b\u00f8rstet rustfrit st\u00e5l har en praktisk glasindsats, s\u00e5 du altid kan [&hellip;]<\/p>\n","protected":false},"featured_media":999980000004461140,"template":"","meta":[],"store":[1272516],"product_brand":[1272521],"product_cat":[1272410],"product_tag":[1272681,1275184],"class_list":{"0":"post-446114","1":"product","2":"type-product","3":"status-publish","4":"has-post-thumbnail","6":"store-butik24","7":"product_brand-scanpan","8":"product_cat-koekkengrej","9":"product_tag-koekkengrej","10":"product_tag-scanpan","11":"pa_maerke-scanpan","13":"first","14":"instock","15":"product-type-external"},"_links":{"self":[{"href":"https:\/\/www.pricetornado.com\/da\/wp-json\/wp\/v2\/product\/446114","targetHints":{"allow":["GET"]}}],"collection":[{"href":"https:\/\/www.pricetornado.com\/da\/wp-json\/wp\/v2\/product"}],"about":[{"href":"https:\/\/www.pricetornado.com\/da\/wp-json\/wp\/v2\/types\/product"}],"wp:featuredmedia":[{"embeddable":true,"href":"https:\/\/www.pricetornado.com\/da\/wp-json\/"}],"wp:attachment":[{"href":"https:\/\/www.pricetornado.com\/da\/wp-json\/wp\/v2\/media?parent=446114"}],"wp:term":[{"taxonomy":"store","embeddable":true,"href":"https:\/\/www.pricetornado.com\/da\/wp-json\/wp\/v2\/store?post=446114"},{"taxonomy":"product_brand","embeddable":true,"href":"https:\/\/www.pricetornado.com\/da\/wp-json\/wp\/v2\/product_brand?post=446114"},{"taxonomy":"product_cat","embeddable":true,"href":"https:\/\/www.pricetornado.com\/da\/wp-json\/wp\/v2\/product_cat?post=446114"},{"taxonomy":"product_tag","embeddable":true,"href":"https:\/\/www.pricetornado.com\/da\/wp-json\/wp\/v2\/product_tag?post=446114"}],"curies":[{"name":"wp","href":"https:\/\/api.w.org\/{rel}","templated":true}]}}