{"id":446113,"date":"2025-02-27T00:13:41","date_gmt":"2025-02-26T23:13:41","guid":{"rendered":"https:\/\/www.pricetornado.com\/da\/produkt\/scanpan-technlq-rist-27-x-27-cm\/"},"modified":"2026-04-19T02:19:58","modified_gmt":"2026-04-19T00:19:58","slug":"scanpan-technlq-rist-27-x-27-cm","status":"publish","type":"product","link":"https:\/\/www.pricetornado.com\/da\/produkt\/scanpan-technlq-rist-27-x-27-cm\/","title":{"rendered":"Scanpan TechnlQ Rist 27 x 27 Cm"},"content":{"rendered":"<p>K\u00f8b billig Scanpan TechnlQ Rist 27 x 27 Cm!<br \/>\nDenne rist er fremstillet i robust rustfrit st\u00e5l og passer til TechnIQ bradepander p\u00e5 33 x 33 cm*. Risten g\u00f8r det nemt at l\u00f8fte maden fri af bradepanden, s\u00e5 du opn\u00e5r effektiv varmefordeling og mulighed for tilberedning med mindre fedtstof. Den solide konstruktion sikrer h\u00f8j holdbarhed og matcher Scanpans kendte kvalitetsstandard.T\u00e5ler ovn, hvilket g\u00f8r den ideel til b\u00e5de stegning og bagning ved h\u00f8je temperaturer.Kan g\u00e5 i opvaskemaskinen, hvilket g\u00f8r reng\u00f8ringen nem. H\u00e5ndvask anbefales for lang holdbarhed.Fremstillet af rustfrit st\u00e5l, som er modstandsdygtigt overfor ridser og sikrer lang levetid.TechnIQ-serien fra Scanpan er kendt for innovative materialevalg og funktionelle detaljer. Serien byder blandt andet p\u00e5 presst\u00f8bt aluminium med j\u00e6vn varmefordeling og ergonomiske h\u00e5ndtag i 18\/10 rustfrit st\u00e5l. De fleste produkter i serien er desuden kompatible med alle varmekilder, herunder induktion, og t\u00e5ler ovn op til 250\u2013260\u00b0C. Bem\u00e6rk, at TechnIQ pander har Stratanium+ nonstick-bel\u00e6gning, men denne rist er af rustfrit st\u00e5l og har derfor ikke nonstick-bel\u00e6gning.Kontroll\u00e9r altid, at ristens m\u00e5l (33 x 33 cm*) passer til din TechnIQ bradepande for optimal anvendelse og funktionalitet. sortiment for at finde flere kvalitetsprodukter til dit k\u00f8kken.<\/p>\n<p>Sammenlign priser p\u00e5 Scanpan TechnlQ Rist 27 x 27 Cm og k\u00f8b online til den billigste pris, samt p\u00e5 tilbud!\u00a0\u00a0Tjek den bedste pris, produkt beskrivelse, video, test, anmeldelser osv.<\/p>\n<p><strong>Brand: <\/strong>Scanpan<br \/>\n<strong>EAN: <\/strong>083421184641<br \/>\n<strong>Producentens varenr.:<\/strong> 083421184641<\/p>\n<p><strong>P.S.<\/strong><br \/>\nTilmeld dig til &#8220;Opret Gratis Prisfald Alarm&#8221;, og bliv underrettet med det samme om prisfald p\u00e5 Scanpan TechnlQ Rist 27 x 27 Cm, og f\u00e5 den billigste pris!<\/p>\n<p>&nbsp;<\/p>\n<p>&nbsp;<\/p>\n","protected":false},"excerpt":{"rendered":"<p>K\u00f8b billig Scanpan TechnlQ Rist 27 x 27 Cm! Denne rist er fremstillet i robust rustfrit st\u00e5l og passer til TechnIQ bradepander p\u00e5 33 x 33 cm*. Risten g\u00f8r det nemt at l\u00f8fte maden fri af bradepanden, s\u00e5 du opn\u00e5r effektiv varmefordeling og mulighed for tilberedning med mindre fedtstof. Den solide konstruktion sikrer h\u00f8j holdbarhed [&hellip;]<\/p>\n","protected":false},"featured_media":999980000004461130,"template":"","meta":[],"store":[1272516],"product_brand":[1272521],"product_cat":[1272410],"product_tag":[1272681,1275184],"class_list":{"0":"post-446113","1":"product","2":"type-product","3":"status-publish","4":"has-post-thumbnail","6":"store-butik24","7":"product_brand-scanpan","8":"product_cat-koekkengrej","9":"product_tag-koekkengrej","10":"product_tag-scanpan","11":"pa_maerke-scanpan","13":"first","14":"instock","15":"product-type-external"},"_links":{"self":[{"href":"https:\/\/www.pricetornado.com\/da\/wp-json\/wp\/v2\/product\/446113","targetHints":{"allow":["GET"]}}],"collection":[{"href":"https:\/\/www.pricetornado.com\/da\/wp-json\/wp\/v2\/product"}],"about":[{"href":"https:\/\/www.pricetornado.com\/da\/wp-json\/wp\/v2\/types\/product"}],"wp:featuredmedia":[{"embeddable":true,"href":"https:\/\/www.pricetornado.com\/da\/wp-json\/"}],"wp:attachment":[{"href":"https:\/\/www.pricetornado.com\/da\/wp-json\/wp\/v2\/media?parent=446113"}],"wp:term":[{"taxonomy":"store","embeddable":true,"href":"https:\/\/www.pricetornado.com\/da\/wp-json\/wp\/v2\/store?post=446113"},{"taxonomy":"product_brand","embeddable":true,"href":"https:\/\/www.pricetornado.com\/da\/wp-json\/wp\/v2\/product_brand?post=446113"},{"taxonomy":"product_cat","embeddable":true,"href":"https:\/\/www.pricetornado.com\/da\/wp-json\/wp\/v2\/product_cat?post=446113"},{"taxonomy":"product_tag","embeddable":true,"href":"https:\/\/www.pricetornado.com\/da\/wp-json\/wp\/v2\/product_tag?post=446113"}],"curies":[{"name":"wp","href":"https:\/\/api.w.org\/{rel}","templated":true}]}}