{"id":446105,"date":"2025-02-24T01:18:51","date_gmt":"2025-02-24T00:18:51","guid":{"rendered":"https:\/\/www.pricetornado.com\/da\/produkt\/philips-master-pl-s-7w-830-4p\/"},"modified":"2026-04-20T10:40:32","modified_gmt":"2026-04-20T08:40:32","slug":"philips-master-pl-s-7w-830-4p","status":"publish","type":"product","link":"https:\/\/www.pricetornado.com\/da\/produkt\/philips-master-pl-s-7w-830-4p\/","title":{"rendered":"Philips MASTER PL-S 7W\/830\/4P"},"content":{"rendered":"<p>K\u00f8b billig Philips MASTER PL-S 7W\/830\/4P!<br \/>\nPhilips MASTER PL-S 7W\/830\/4P er en kompakt lysstofr\u00f8rslampe designet til dekorativ og orienterende belysning. Lampen anvender fluorescerende tri-fosfor teknologi, hvor fosforbel\u00e6gninger inde i glasset sikrer effektiv lysproduktion og lang levetid. Den stabile og holdbare keramiske 4-benede 2G7-fatning g\u00f8r installationen nem og p\u00e5lidelig.Med den innovative Philips bridge-teknologi opn\u00e5r lampen et forbedret lysudbytte og h\u00f8jere effektivitet sammenlignet med \u00e6ldre b\u00f8jet-r\u00f8rsmodeller. Lampen er beregnet til brug sammen med elektronisk t\u00e6ndingsudstyr og har en plug-in\/pull-out 4-pins fatning, hvilket g\u00f8r det hurtigt og enkelt at udskifte lampen.Lampen har en h\u00f8j farvegengivelse (CRI &gt; 80) og en varm hvid farvetemperatur p\u00e5 3000 K, hvilket skaber en behagelig og indbydende atmosf\u00e6re. Dette g\u00f8r den ideel til b\u00e5de hjemmebelysning, hotelbranchen og andre omr\u00e5der, hvor stemningsfuldt lys er vigtigt.Philips MASTER PL-S 7W\/830\/4P kan d\u00e6mpes helt ned til 10 %, hvilket giver fleksibel lysstyring til forskellige form\u00e5l og milj\u00f8er. Lampen har energim\u00e6rke B, hvilket sikrer lavt energiforbrug og besparelser p\u00e5 elregningen uden at g\u00e5 p\u00e5 kompromis med kvaliteten af lyset.Lampen har en forventet levetid p\u00e5 op til 13.000 timer (ved 50 % svigt), s\u00e5 du f\u00e5r en vedvarende og stabil belysning med minimal lysnedgang over tid. Den bevarer dermed et klart og behageligt lys gennem hele sin levetid.Lampen indeholder 1,4 mg kviks\u00f8lv, som er sikkert indkapslet i glasset. I tilf\u00e6lde af brud anbefales det at lufte grundigt ud og bortskaffe lampen korrekt. Lampen er ikke s\u00e6rlig vandt\u00e6t eller st\u00f8dresistent, men er beregnet til sikker indend\u00f8rs brug i kontrollerede omgivelser.Lang levetid p\u00e5 op til 13.000 timer med lav lysnedgangV\u00e6lg Philips MASTER PL-S 7W\/830\/4P for en p\u00e5lidelig, energieffektiv og stemningsskabende lyskilde til dine belysningsbehov.<\/p>\n<p>Sammenlign priser p\u00e5 Philips MASTER PL-S 7W\/830\/4P og k\u00f8b online til den billigste pris, samt p\u00e5 tilbud!\u00a0\u00a0Tjek den bedste pris, produkt beskrivelse, video, test, anmeldelser osv.<\/p>\n<p><strong>Brand: <\/strong>Philips<br \/>\n<strong>EAN: <\/strong>8711500260734<br \/>\n<strong>Producentens varenr.:<\/strong> 8711500260734<\/p>\n<p><strong>P.S.<\/strong><br \/>\nTilmeld dig til &#8220;Opret Gratis Prisfald Alarm&#8221;, og bliv underrettet med det samme om prisfald p\u00e5 Philips MASTER PL-S 7W\/830\/4P, og f\u00e5 den billigste pris!<\/p>\n<p>&nbsp;<\/p>\n<p>&nbsp;<\/p>\n","protected":false},"excerpt":{"rendered":"<p>K\u00f8b billig Philips MASTER PL-S 7W\/830\/4P! Philips MASTER PL-S 7W\/830\/4P er en kompakt lysstofr\u00f8rslampe designet til dekorativ og orienterende belysning. Lampen anvender fluorescerende tri-fosfor teknologi, hvor fosforbel\u00e6gninger inde i glasset sikrer effektiv lysproduktion og lang levetid. Den stabile og holdbare keramiske 4-benede 2G7-fatning g\u00f8r installationen nem og p\u00e5lidelig.Med den innovative Philips bridge-teknologi opn\u00e5r lampen et [&hellip;]<\/p>\n","protected":false},"featured_media":999980000004461050,"template":"","meta":[],"store":[1272516],"product_brand":[1272519],"product_cat":[1272407],"product_tag":[1272697,1275180],"class_list":{"0":"post-446105","1":"product","2":"type-product","3":"status-publish","4":"has-post-thumbnail","6":"store-butik24","7":"product_brand-philips","8":"product_cat-belysning-2","9":"product_tag-belysning","10":"product_tag-philips","11":"pa_maerke-philips","13":"first","14":"instock","15":"product-type-external"},"_links":{"self":[{"href":"https:\/\/www.pricetornado.com\/da\/wp-json\/wp\/v2\/product\/446105","targetHints":{"allow":["GET"]}}],"collection":[{"href":"https:\/\/www.pricetornado.com\/da\/wp-json\/wp\/v2\/product"}],"about":[{"href":"https:\/\/www.pricetornado.com\/da\/wp-json\/wp\/v2\/types\/product"}],"wp:featuredmedia":[{"embeddable":true,"href":"https:\/\/www.pricetornado.com\/da\/wp-json\/"}],"wp:attachment":[{"href":"https:\/\/www.pricetornado.com\/da\/wp-json\/wp\/v2\/media?parent=446105"}],"wp:term":[{"taxonomy":"store","embeddable":true,"href":"https:\/\/www.pricetornado.com\/da\/wp-json\/wp\/v2\/store?post=446105"},{"taxonomy":"product_brand","embeddable":true,"href":"https:\/\/www.pricetornado.com\/da\/wp-json\/wp\/v2\/product_brand?post=446105"},{"taxonomy":"product_cat","embeddable":true,"href":"https:\/\/www.pricetornado.com\/da\/wp-json\/wp\/v2\/product_cat?post=446105"},{"taxonomy":"product_tag","embeddable":true,"href":"https:\/\/www.pricetornado.com\/da\/wp-json\/wp\/v2\/product_tag?post=446105"}],"curies":[{"name":"wp","href":"https:\/\/api.w.org\/{rel}","templated":true}]}}