{"id":446103,"date":"2025-02-20T21:21:22","date_gmt":"2025-02-20T20:21:22","guid":{"rendered":"https:\/\/www.pricetornado.com\/da\/produkt\/nedis-glas-kaffe-kande-kompatibel-med-moccamaster-k-kb-1-0pl-excellent-10s-1-2-l-sort-kacm100cpbk\/"},"modified":"2026-04-20T05:50:29","modified_gmt":"2026-04-20T03:50:29","slug":"nedis-glas-kaffe-kande-kompatibel-med-moccamaster-k-kb-1-0pl-excellent-10s-1-2-l-sort-kacm100cpbk","status":"publish","type":"product","link":"https:\/\/www.pricetornado.com\/da\/produkt\/nedis-glas-kaffe-kande-kompatibel-med-moccamaster-k-kb-1-0pl-excellent-10s-1-2-l-sort-kacm100cpbk\/","title":{"rendered":"Nedis &#8211; Glas Kaffe Kande | Kompatibel med: Moccamaster K \/ KB\/ 1 0PL \/ Excellent 10S | 1.2 l | Sort &#8211; KACM100CPBK"},"content":{"rendered":"<p>K\u00f8b billig Nedis &#8211; Glas Kaffe Kande | Kompatibel med: Moccamaster K \/ KB\/ 1 0PL \/ Excellent 10S | 1.2 l | Sort &#8211; KACM100CPBK!<br \/>\nDenne Nedis kaffe kande er designet som en erstatningskande til Moccamaster kaffemaskiner og er kompatibel med modellerne K, KB, 1 0PL samt Excellent 10S. Med en kapacitet p\u00e5 1,2 liter er kanden ideel til daglig brug samt servering af friskbrygget kaffe.Selvom kanden omtales som en glaskande, er den fremstillet af robust plastik. Dette sikrer \u00f8get modstandsdygtighed over for slag og g\u00f8r kanden lettere at h\u00e5ndtere uden risiko for, at den g\u00e5r i stykker \u2013 perfekt til b\u00e5de daglig brug og transport.Med denne kande f\u00e5r du et praktisk reservedel, der sikrer, at din Moccamaster kaffemaskine fungerer optimalt hver dag.<\/p>\n<p>Sammenlign priser p\u00e5 Nedis &#8211; Glas Kaffe Kande | Kompatibel med: Moccamaster K \/ KB\/ 1 0PL \/ Excellent 10S | 1.2 l | Sort &#8211; KACM100CPBK og k\u00f8b online til den billigste pris, samt p\u00e5 tilbud!\u00a0\u00a0Tjek den bedste pris, produkt beskrivelse, video, test, anmeldelser osv.<\/p>\n<p><strong>Brand: <\/strong>Nedis<br \/>\n<strong>EAN: <\/strong>5412810331000<br \/>\n<strong>Producentens varenr.:<\/strong> 5412810331000<\/p>\n<p><strong>P.S.<\/strong><br \/>\nTilmeld dig til &#8220;Opret Gratis Prisfald Alarm&#8221;, og bliv underrettet med det samme om prisfald p\u00e5 Nedis &#8211; Glas Kaffe Kande | Kompatibel med: Moccamaster K \/ KB\/ 1 0PL \/ Excellent 10S | 1.2 l | Sort &#8211; KACM100CPBK, og f\u00e5 den billigste pris!<\/p>\n<p>&nbsp;<\/p>\n<p>&nbsp;<\/p>\n","protected":false},"excerpt":{"rendered":"<p>K\u00f8b billig Nedis &#8211; Glas Kaffe Kande | Kompatibel med: Moccamaster K \/ KB\/ 1 0PL \/ Excellent 10S | 1.2 l | Sort &#8211; KACM100CPBK! Denne Nedis kaffe kande er designet som en erstatningskande til Moccamaster kaffemaskiner og er kompatibel med modellerne K, KB, 1 0PL samt Excellent 10S. Med en kapacitet p\u00e5 1,2 [&hellip;]<\/p>\n","protected":false},"featured_media":999980000004461030,"template":"","meta":[],"store":[1272516],"product_brand":[1272517],"product_cat":[1272453],"product_tag":[1272769,1275178],"class_list":{"0":"post-446103","1":"product","2":"type-product","3":"status-publish","4":"has-post-thumbnail","6":"store-butik24","7":"product_brand-nedis","8":"product_cat-kaffe-og-te","9":"product_tag-kaffe-og-te","10":"product_tag-nedis","11":"pa_maerke-nedis","13":"first","14":"instock","15":"product-type-external"},"_links":{"self":[{"href":"https:\/\/www.pricetornado.com\/da\/wp-json\/wp\/v2\/product\/446103","targetHints":{"allow":["GET"]}}],"collection":[{"href":"https:\/\/www.pricetornado.com\/da\/wp-json\/wp\/v2\/product"}],"about":[{"href":"https:\/\/www.pricetornado.com\/da\/wp-json\/wp\/v2\/types\/product"}],"wp:featuredmedia":[{"embeddable":true,"href":"https:\/\/www.pricetornado.com\/da\/wp-json\/"}],"wp:attachment":[{"href":"https:\/\/www.pricetornado.com\/da\/wp-json\/wp\/v2\/media?parent=446103"}],"wp:term":[{"taxonomy":"store","embeddable":true,"href":"https:\/\/www.pricetornado.com\/da\/wp-json\/wp\/v2\/store?post=446103"},{"taxonomy":"product_brand","embeddable":true,"href":"https:\/\/www.pricetornado.com\/da\/wp-json\/wp\/v2\/product_brand?post=446103"},{"taxonomy":"product_cat","embeddable":true,"href":"https:\/\/www.pricetornado.com\/da\/wp-json\/wp\/v2\/product_cat?post=446103"},{"taxonomy":"product_tag","embeddable":true,"href":"https:\/\/www.pricetornado.com\/da\/wp-json\/wp\/v2\/product_tag?post=446103"}],"curies":[{"name":"wp","href":"https:\/\/api.w.org\/{rel}","templated":true}]}}