{"id":446101,"date":"2025-02-21T14:45:00","date_gmt":"2025-02-21T13:45:00","guid":{"rendered":"https:\/\/www.pricetornado.com\/da\/produkt\/gastronoma-paalaegsmaskine-soelv-160w\/"},"modified":"2026-04-16T08:50:39","modified_gmt":"2026-04-16T06:50:39","slug":"gastronoma-paalaegsmaskine-soelv-160w","status":"publish","type":"product","link":"https:\/\/www.pricetornado.com\/da\/produkt\/gastronoma-paalaegsmaskine-soelv-160w\/","title":{"rendered":"Gastronoma P\u00e5l\u00e6gsmaskine, s\u00f8lv, 160W"},"content":{"rendered":"<p>K\u00f8b billig Gastronoma P\u00e5l\u00e6gsmaskine, s\u00f8lv, 160W!<br \/>\nBr\u00f8d- og p\u00e5l\u00e6gssk\u00e6remaskinen tager dig tilbage til en tid, hvor kvalitet og god smag var i h\u00f8js\u00e6det. Hvor spegep\u00f8lse og lunt rugbr\u00f8d altid blev sat frisksk\u00e5ret p\u00e5 bordet, og duften af \u200b\u200bde veltilberedte r\u00e5varer og smagsoplevelsen var i top.Sk\u00e6remaskinen fra Gastronoma giver dig en unik mulighed for at lave dit eget, frisksk\u00e5rne p\u00e5l\u00e6g og sk\u00e6re nybagt br\u00f8d i perfekte skiver. Sk\u00e6ret er justerbart fra 1\u201320 mm, s\u00e5 p\u00e5l\u00e6g og br\u00f8dskiver f\u00e5r netop den tykkelse, du foretr\u00e6kker. Bring en smuk tradition ind i dit hjem og nyd godt af den sublime hjemmelavede smag, du ikke kan k\u00f8be dig til.<\/p>\n<p>Sammenlign priser p\u00e5 Gastronoma P\u00e5l\u00e6gsmaskine, s\u00f8lv, 160W og k\u00f8b online til den billigste pris, samt p\u00e5 tilbud!\u00a0\u00a0Tjek den bedste pris, produkt beskrivelse, video, test, anmeldelser osv.<\/p>\n<p><strong>Brand: <\/strong>Gastronoma<br \/>\n<strong>EAN: <\/strong>5707442001606<br \/>\n<strong>Producentens varenr.:<\/strong> 5707442001606<\/p>\n<p><strong>P.S.<\/strong><br \/>\nTilmeld dig til &#8220;Opret Gratis Prisfald Alarm&#8221;, og bliv underrettet med det samme om prisfald p\u00e5 Gastronoma P\u00e5l\u00e6gsmaskine, s\u00f8lv, 160W, og f\u00e5 den billigste pris!<\/p>\n<p>&nbsp;<\/p>\n<p>&nbsp;<\/p>\n","protected":false},"excerpt":{"rendered":"<p>K\u00f8b billig Gastronoma P\u00e5l\u00e6gsmaskine, s\u00f8lv, 160W! Br\u00f8d- og p\u00e5l\u00e6gssk\u00e6remaskinen tager dig tilbage til en tid, hvor kvalitet og god smag var i h\u00f8js\u00e6det. Hvor spegep\u00f8lse og lunt rugbr\u00f8d altid blev sat frisksk\u00e5ret p\u00e5 bordet, og duften af \u200b\u200bde veltilberedte r\u00e5varer og smagsoplevelsen var i top.Sk\u00e6remaskinen fra Gastronoma giver dig en unik mulighed for at lave [&hellip;]<\/p>\n","protected":false},"featured_media":999980000004461010,"template":"","meta":[],"store":[1272516],"product_brand":[1272524],"product_cat":[831418],"product_tag":[1275185,1272683],"class_list":{"0":"post-446101","1":"product","2":"type-product","3":"status-publish","4":"has-post-thumbnail","6":"store-butik24","7":"product_brand-gastronoma","8":"product_cat-koekkenudstyr","9":"product_tag-gastronoma","10":"product_tag-koekkenudstyr","11":"pa_maerke-gastronoma","13":"first","14":"instock","15":"product-type-external"},"_links":{"self":[{"href":"https:\/\/www.pricetornado.com\/da\/wp-json\/wp\/v2\/product\/446101","targetHints":{"allow":["GET"]}}],"collection":[{"href":"https:\/\/www.pricetornado.com\/da\/wp-json\/wp\/v2\/product"}],"about":[{"href":"https:\/\/www.pricetornado.com\/da\/wp-json\/wp\/v2\/types\/product"}],"wp:featuredmedia":[{"embeddable":true,"href":"https:\/\/www.pricetornado.com\/da\/wp-json\/"}],"wp:attachment":[{"href":"https:\/\/www.pricetornado.com\/da\/wp-json\/wp\/v2\/media?parent=446101"}],"wp:term":[{"taxonomy":"store","embeddable":true,"href":"https:\/\/www.pricetornado.com\/da\/wp-json\/wp\/v2\/store?post=446101"},{"taxonomy":"product_brand","embeddable":true,"href":"https:\/\/www.pricetornado.com\/da\/wp-json\/wp\/v2\/product_brand?post=446101"},{"taxonomy":"product_cat","embeddable":true,"href":"https:\/\/www.pricetornado.com\/da\/wp-json\/wp\/v2\/product_cat?post=446101"},{"taxonomy":"product_tag","embeddable":true,"href":"https:\/\/www.pricetornado.com\/da\/wp-json\/wp\/v2\/product_tag?post=446101"}],"curies":[{"name":"wp","href":"https:\/\/api.w.org\/{rel}","templated":true}]}}