{"id":446090,"date":"2025-02-27T11:35:57","date_gmt":"2025-02-27T10:35:57","guid":{"rendered":"https:\/\/www.pricetornado.com\/da\/produkt\/philips-led-classic-standard-40w-e27-varm-hvid-mat-ikke-daempbar-2-pak-box\/"},"modified":"2026-04-20T10:40:31","modified_gmt":"2026-04-20T08:40:31","slug":"philips-led-classic-standard-40w-e27-varm-hvid-mat-ikke-daempbar-2-pak-box","status":"publish","type":"product","link":"https:\/\/www.pricetornado.com\/da\/produkt\/philips-led-classic-standard-40w-e27-varm-hvid-mat-ikke-daempbar-2-pak-box\/","title":{"rendered":"PHILIPS LED Classic standard, 40W, E27, varm hvid, mat ikke d\u00e6mpbar, 2-pak BOX"},"content":{"rendered":"<p>K\u00f8b billig PHILIPS LED Classic standard, 40W, E27, varm hvid, mat ikke d\u00e6mpbar, 2-pak BOX!<br \/>\nPhilips LED Classic standardp\u00e6rer forener det klassiske design, du kender og elsker, med den nyeste energibesparende LED-teknologi. Med et forbrug p\u00e5 kun 4,5W giver p\u00e6ren en lysstyrke svarende til en traditionel 40W gl\u00f8dep\u00e6re. Det betyder, at du kan opn\u00e5 op til 85 % energibesparelse uden at g\u00e5 p\u00e5 kompromis med belysningskvaliteten. P\u00e6ren udsender et behageligt, varmt hvidt lys (2700K), der skaber en hyggelig stemning i hjemmet.LED-p\u00e6ren har en forventet levetid p\u00e5 op til 15.000 timer, hvilket svarer til cirka 15 \u00e5rs dagligt brug (ved tre timers t\u00e6nding om dagen). Den t\u00e5ler op til 20.000 t\u00e6nd\/sluk-cyklusser og er derfor ideel til hyppig brug. P\u00e6ren er fremstillet af holdbare materialer som frostet glas eller plastik, og den varmebestandige E27-fatning sikrer p\u00e5lidelig elektrisk kontakt samt kompatibilitet med de fleste lamper.Bruger kun ca. 4,5W og erstatter traditionelle 40W gl\u00f8dep\u00e6rerLang levetid p\u00e5 op til 15.000 timerT\u00e5ler op til 20.000 t\u00e6nd\/sluk-cyklusser \u2013 ideel til hyppig brugMed Philips LED Classic v\u00e6lger du en \u00f8konomisk, holdbar og driftssikker p\u00e6re, der leverer behageligt, bl\u00f8dt lys i hjemmets rum. Den lave varmeudvikling, robusthed og energibesparende teknologi g\u00f8r denne LED-p\u00e6re til et smart og langsigtet valg i enhver lampe..<\/p>\n<p>Sammenlign priser p\u00e5 PHILIPS LED Classic standard, 40W, E27, varm hvid, mat ikke d\u00e6mpbar, 2-pak BOX og k\u00f8b online til den billigste pris, samt p\u00e5 tilbud!\u00a0\u00a0Tjek den bedste pris, produkt beskrivelse, video, test, anmeldelser osv.<\/p>\n<p><strong>Brand: <\/strong>Philips<br \/>\n<strong>EAN: <\/strong>8718699777654<br \/>\n<strong>Producentens varenr.:<\/strong> 8718699777654<\/p>\n<p><strong>P.S.<\/strong><br \/>\nTilmeld dig til &#8220;Opret Gratis Prisfald Alarm&#8221;, og bliv underrettet med det samme om prisfald p\u00e5 PHILIPS LED Classic standard, 40W, E27, varm hvid, mat ikke d\u00e6mpbar, 2-pak BOX, og f\u00e5 den billigste pris!<\/p>\n<p>&nbsp;<\/p>\n<p>&nbsp;<\/p>\n","protected":false},"excerpt":{"rendered":"<p>K\u00f8b billig PHILIPS LED Classic standard, 40W, E27, varm hvid, mat ikke d\u00e6mpbar, 2-pak BOX! Philips LED Classic standardp\u00e6rer forener det klassiske design, du kender og elsker, med den nyeste energibesparende LED-teknologi. Med et forbrug p\u00e5 kun 4,5W giver p\u00e6ren en lysstyrke svarende til en traditionel 40W gl\u00f8dep\u00e6re. Det betyder, at du kan opn\u00e5 op [&hellip;]<\/p>\n","protected":false},"featured_media":999980000004460900,"template":"","meta":[],"store":[1272516],"product_brand":[1272519],"product_cat":[1272407],"product_tag":[1272697,1275180],"class_list":{"0":"post-446090","1":"product","2":"type-product","3":"status-publish","4":"has-post-thumbnail","6":"store-butik24","7":"product_brand-philips","8":"product_cat-belysning-2","9":"product_tag-belysning","10":"product_tag-philips","11":"pa_maerke-philips","13":"first","14":"instock","15":"product-type-external"},"_links":{"self":[{"href":"https:\/\/www.pricetornado.com\/da\/wp-json\/wp\/v2\/product\/446090","targetHints":{"allow":["GET"]}}],"collection":[{"href":"https:\/\/www.pricetornado.com\/da\/wp-json\/wp\/v2\/product"}],"about":[{"href":"https:\/\/www.pricetornado.com\/da\/wp-json\/wp\/v2\/types\/product"}],"wp:featuredmedia":[{"embeddable":true,"href":"https:\/\/www.pricetornado.com\/da\/wp-json\/"}],"wp:attachment":[{"href":"https:\/\/www.pricetornado.com\/da\/wp-json\/wp\/v2\/media?parent=446090"}],"wp:term":[{"taxonomy":"store","embeddable":true,"href":"https:\/\/www.pricetornado.com\/da\/wp-json\/wp\/v2\/store?post=446090"},{"taxonomy":"product_brand","embeddable":true,"href":"https:\/\/www.pricetornado.com\/da\/wp-json\/wp\/v2\/product_brand?post=446090"},{"taxonomy":"product_cat","embeddable":true,"href":"https:\/\/www.pricetornado.com\/da\/wp-json\/wp\/v2\/product_cat?post=446090"},{"taxonomy":"product_tag","embeddable":true,"href":"https:\/\/www.pricetornado.com\/da\/wp-json\/wp\/v2\/product_tag?post=446090"}],"curies":[{"name":"wp","href":"https:\/\/api.w.org\/{rel}","templated":true}]}}