{"id":446081,"date":"2025-02-22T18:18:42","date_gmt":"2025-02-22T17:18:42","guid":{"rendered":"https:\/\/www.pricetornado.com\/da\/produkt\/scanpan-31-cm-suppeske-karboniseret-ask\/"},"modified":"2026-04-17T10:00:16","modified_gmt":"2026-04-17T08:00:16","slug":"scanpan-31-cm-suppeske-karboniseret-ask","status":"publish","type":"product","link":"https:\/\/www.pricetornado.com\/da\/produkt\/scanpan-31-cm-suppeske-karboniseret-ask\/","title":{"rendered":"Scanpan 31 cm Suppeske &#8211; Karboniseret Ask"},"content":{"rendered":"<p>K\u00f8b billig Scanpan 31 cm Suppeske &#8211; Karboniseret Ask!<br \/>\nOpgrader dit k\u00f8kken med Scanpans 31 cm suppeske, der er designet til at klare de fleste opgaver i k\u00f8kkenet. Grebet er udf\u00f8rt i karboniseret ask med en varm, gylden farve, som b\u00e5de giver en smuk finish og har lang holdbarhed ved korrekt vedligeholdelse med Scanpan tr\u00e6olie. Suppeskens hoved er fremstillet af mat, m\u00f8rkegr\u00e5 silikone, der er ekstra slidst\u00e6rkt og t\u00e5ler temperaturer op til 230 grader.Skeen er udstyret med et aftageligt hoved, hvilket g\u00f8r reng\u00f8ringen enkel og hygiejnisk. Hovederne p\u00e5 koge- og stegeredskaber fra Scanpan er forst\u00e6rket med fikseret st\u00e5l, som \u00f8ger redskabets holdbarhed og stabilitet under brug. Det ergonomiske tr\u00e6greb sikrer desuden en komfortabel h\u00e5ndtering ved madlavning.Scanpan er anerkendt for deres fokus p\u00e5 holdbarhed og praktisk design. Deres produkter fremstilles med milj\u00f8venlige processer, s\u00e5 du f\u00e5r et kvalitetsredskab med omtanke for b\u00e6redygtighed. G\u00e5 p\u00e5 opdagelse i vores for flere solide redskaber til dit k\u00f8kken.<\/p>\n<p>Sammenlign priser p\u00e5 Scanpan 31 cm Suppeske &#8211; Karboniseret Ask og k\u00f8b online til den billigste pris, samt p\u00e5 tilbud!\u00a0\u00a0Tjek den bedste pris, produkt beskrivelse, video, test, anmeldelser osv.<\/p>\n<p><strong>Brand: <\/strong>Scanpan<br \/>\n<strong>EAN: <\/strong>083421207197<br \/>\n<strong>Producentens varenr.:<\/strong> 083421207197<\/p>\n<p><strong>P.S.<\/strong><br \/>\nTilmeld dig til &#8220;Opret Gratis Prisfald Alarm&#8221;, og bliv underrettet med det samme om prisfald p\u00e5 Scanpan 31 cm Suppeske &#8211; Karboniseret Ask, og f\u00e5 den billigste pris!<\/p>\n<p>&nbsp;<\/p>\n<p>&nbsp;<\/p>\n","protected":false},"excerpt":{"rendered":"<p>K\u00f8b billig Scanpan 31 cm Suppeske &#8211; Karboniseret Ask! Opgrader dit k\u00f8kken med Scanpans 31 cm suppeske, der er designet til at klare de fleste opgaver i k\u00f8kkenet. Grebet er udf\u00f8rt i karboniseret ask med en varm, gylden farve, som b\u00e5de giver en smuk finish og har lang holdbarhed ved korrekt vedligeholdelse med Scanpan tr\u00e6olie. [&hellip;]<\/p>\n","protected":false},"featured_media":999980000004460810,"template":"","meta":[],"store":[1272516],"product_brand":[1272521],"product_cat":[1272410],"product_tag":[1272681,1275184],"class_list":{"0":"post-446081","1":"product","2":"type-product","3":"status-publish","4":"has-post-thumbnail","6":"store-butik24","7":"product_brand-scanpan","8":"product_cat-koekkengrej","9":"product_tag-koekkengrej","10":"product_tag-scanpan","11":"pa_maerke-scanpan","13":"first","14":"instock","15":"product-type-external"},"_links":{"self":[{"href":"https:\/\/www.pricetornado.com\/da\/wp-json\/wp\/v2\/product\/446081","targetHints":{"allow":["GET"]}}],"collection":[{"href":"https:\/\/www.pricetornado.com\/da\/wp-json\/wp\/v2\/product"}],"about":[{"href":"https:\/\/www.pricetornado.com\/da\/wp-json\/wp\/v2\/types\/product"}],"wp:featuredmedia":[{"embeddable":true,"href":"https:\/\/www.pricetornado.com\/da\/wp-json\/"}],"wp:attachment":[{"href":"https:\/\/www.pricetornado.com\/da\/wp-json\/wp\/v2\/media?parent=446081"}],"wp:term":[{"taxonomy":"store","embeddable":true,"href":"https:\/\/www.pricetornado.com\/da\/wp-json\/wp\/v2\/store?post=446081"},{"taxonomy":"product_brand","embeddable":true,"href":"https:\/\/www.pricetornado.com\/da\/wp-json\/wp\/v2\/product_brand?post=446081"},{"taxonomy":"product_cat","embeddable":true,"href":"https:\/\/www.pricetornado.com\/da\/wp-json\/wp\/v2\/product_cat?post=446081"},{"taxonomy":"product_tag","embeddable":true,"href":"https:\/\/www.pricetornado.com\/da\/wp-json\/wp\/v2\/product_tag?post=446081"}],"curies":[{"name":"wp","href":"https:\/\/api.w.org\/{rel}","templated":true}]}}