{"id":446079,"date":"2025-02-26T22:56:35","date_gmt":"2025-02-26T21:56:35","guid":{"rendered":"https:\/\/www.pricetornado.com\/da\/produkt\/philips-master-tl-e-super-80-32w-840-kold-hvid-30cm\/"},"modified":"2026-04-17T08:59:55","modified_gmt":"2026-04-17T06:59:55","slug":"philips-master-tl-e-super-80-32w-840-kold-hvid-30cm","status":"publish","type":"product","link":"https:\/\/www.pricetornado.com\/da\/produkt\/philips-master-tl-e-super-80-32w-840-kold-hvid-30cm\/","title":{"rendered":"Philips MASTER TL &#8211; E Super 80 32W &#8211; 840 kold hvid | 30cm"},"content":{"rendered":"<p>K\u00f8b billig Philips MASTER TL &#8211; E Super 80 32W &#8211; 840 kold hvid | 30cm!<br \/>\nPhilips MASTER TL-E Super 80 32W 840 er et cirkul\u00e6rt lysstofr\u00f8r (ogs\u00e5 kaldet ringlampe) fremstillet i glas og designet til b\u00e5de dekorative og funktionelle anvendelser som butikker, kontorer og skoler. Den leverer et klart og neutralt lys, der fremmer fokus og synskomfort, og den passer til et bredt udvalg af armaturer med G10q-sokkel.Lampen har et str\u00f8mforbrug p\u00e5 32 watt og yder et lysudbytte p\u00e5 2375 lumen (74 lm\/W), hvilket sikrer h\u00f8j energieffektivitet. Med en farvetemperatur p\u00e5 4000K (kold hvid) og en farvegengivelsesindeks (CRI) p\u00e5 80\u201389 gengives farver naturtro og ensartet. Lampens forventede levetid er op til 13.000 timer, s\u00e5 du f\u00e5r f\u00e6rre udskiftninger og lavere vedligeholdelsesomkostninger i det lange l\u00f8b.Cirkul\u00e6rt T9-design med diameter p\u00e5 ca. 31 mm for j\u00e6vn lysfordelingLang levetid op til 13.000 timerIndeholder ca. 8 mg kviks\u00f8lv, hvilket stiller krav til korrekt h\u00e5ndtering og bortskaffelse if\u00f8lge officielle milj\u00f8reglerLampen f\u00f8lger g\u00e6ngse sikkerhedsstandarder for lysstofr\u00f8r. I tilf\u00e6lde af brud anbefales det at lufte ud og undg\u00e5 brug af st\u00f8vsuger ved oprydning. De afbrudte r\u00f8r skal afleveres til korrekt genanvendelse.Philips MASTER TL-E Super 80 32W 840 er velegnet til installationer i detailbutikker, kontormilj\u00f8er, skoler og alle steder, hvor kravet er et funktionelt, energivenligt og langtidsholdbart belysningsprodukt med ensartet, neutral hvidt lys.V\u00e6lg Philips MASTER TL-E Super 80 32W 840 for effektiv, holdbar og professionel belysning til dine erhvervs- eller institutionsbehov.<\/p>\n<p>Sammenlign priser p\u00e5 Philips MASTER TL &#8211; E Super 80 32W &#8211; 840 kold hvid | 30cm og k\u00f8b online til den billigste pris, samt p\u00e5 tilbud!\u00a0\u00a0Tjek den bedste pris, produkt beskrivelse, video, test, anmeldelser osv.<\/p>\n<p><strong>Brand: <\/strong>Philips<br \/>\n<strong>EAN: <\/strong>8711500559685<br \/>\n<strong>Producentens varenr.:<\/strong> 8711500559685<\/p>\n<p><strong>P.S.<\/strong><br \/>\nTilmeld dig til &#8220;Opret Gratis Prisfald Alarm&#8221;, og bliv underrettet med det samme om prisfald p\u00e5 Philips MASTER TL &#8211; E Super 80 32W &#8211; 840 kold hvid | 30cm, og f\u00e5 den billigste pris!<\/p>\n<p>&nbsp;<\/p>\n<p>&nbsp;<\/p>\n","protected":false},"excerpt":{"rendered":"<p>K\u00f8b billig Philips MASTER TL &#8211; E Super 80 32W &#8211; 840 kold hvid | 30cm! Philips MASTER TL-E Super 80 32W 840 er et cirkul\u00e6rt lysstofr\u00f8r (ogs\u00e5 kaldet ringlampe) fremstillet i glas og designet til b\u00e5de dekorative og funktionelle anvendelser som butikker, kontorer og skoler. Den leverer et klart og neutralt lys, der fremmer [&hellip;]<\/p>\n","protected":false},"featured_media":999980000004460790,"template":"","meta":[],"store":[1272516],"product_brand":[1272519],"product_cat":[1272407],"product_tag":[1272697,1275180],"class_list":{"0":"post-446079","1":"product","2":"type-product","3":"status-publish","4":"has-post-thumbnail","6":"store-butik24","7":"product_brand-philips","8":"product_cat-belysning-2","9":"product_tag-belysning","10":"product_tag-philips","11":"pa_maerke-philips","13":"first","14":"instock","15":"product-type-external"},"_links":{"self":[{"href":"https:\/\/www.pricetornado.com\/da\/wp-json\/wp\/v2\/product\/446079","targetHints":{"allow":["GET"]}}],"collection":[{"href":"https:\/\/www.pricetornado.com\/da\/wp-json\/wp\/v2\/product"}],"about":[{"href":"https:\/\/www.pricetornado.com\/da\/wp-json\/wp\/v2\/types\/product"}],"wp:featuredmedia":[{"embeddable":true,"href":"https:\/\/www.pricetornado.com\/da\/wp-json\/"}],"wp:attachment":[{"href":"https:\/\/www.pricetornado.com\/da\/wp-json\/wp\/v2\/media?parent=446079"}],"wp:term":[{"taxonomy":"store","embeddable":true,"href":"https:\/\/www.pricetornado.com\/da\/wp-json\/wp\/v2\/store?post=446079"},{"taxonomy":"product_brand","embeddable":true,"href":"https:\/\/www.pricetornado.com\/da\/wp-json\/wp\/v2\/product_brand?post=446079"},{"taxonomy":"product_cat","embeddable":true,"href":"https:\/\/www.pricetornado.com\/da\/wp-json\/wp\/v2\/product_cat?post=446079"},{"taxonomy":"product_tag","embeddable":true,"href":"https:\/\/www.pricetornado.com\/da\/wp-json\/wp\/v2\/product_tag?post=446079"}],"curies":[{"name":"wp","href":"https:\/\/api.w.org\/{rel}","templated":true}]}}