{"id":446069,"date":"2025-02-24T07:06:28","date_gmt":"2025-02-24T06:06:28","guid":{"rendered":"https:\/\/www.pricetornado.com\/da\/produkt\/philips-hue-white-and-colour-ambience-play-double-pack-sort\/"},"modified":"2026-04-18T01:40:29","modified_gmt":"2026-04-17T23:40:29","slug":"philips-hue-white-and-colour-ambience-play-double-pack-sort","status":"publish","type":"product","link":"https:\/\/www.pricetornado.com\/da\/produkt\/philips-hue-white-and-colour-ambience-play-double-pack-sort\/","title":{"rendered":"Philips Hue White and colour ambience Play double-pack &#8211; Sort"},"content":{"rendered":"<p>K\u00f8b billig Philips Hue White and colour ambience Play double-pack &#8211; Sort!<br \/>\nSkab en levende atmosf\u00e6re i hjemmet med Philips Hue Play dobbelpakke. Med op til 16 millioner farver og 50.000 nuancer af k\u00f8ligt til varmt hvidt lys kan du tilpasse belysningen til enhver stemning, lejlighed eller \u00e5rstid. Hue Play er det perfekte valg til stuen, underholdningsomr\u00e5det eller medierummet, og g\u00f8r det muligt at bringe et unikt farvespil ind i alle rum.Hue Play-lysskinnerne er designet til at kunne placeres st\u00e5ende, liggende eller monteres bag dit TV med de medf\u00f8lgende klemmer og dobbeltkl\u00e6bende tape. Deres alsidige design g\u00f8r dem ideelle til mange forskellige placeringer og form\u00e5l, uanset om du vil skabe omgivende baggrundsbelysning eller fremh\u00e6ve v\u00e6gge og indretning.Takket v\u00e6re kompatibilitet med b\u00e5de Bluetooth og Zigbee f\u00e5r du fleksibel og p\u00e5lidelig styring. Tilslut Hue Play til en Philips Hue Bridge og oplev uendelige muligheder: styr belysningen fra din smartphone eller tablet via Philips Hue-appen, opret timere, alarmer og notifikationer, eller styr alt via stemmekommandoer med Amazon Alexa, Apple HomeKit og Google Home.Skab stemning med over 16 millioner farver og 50.000 hvide nuancerHue Play er fremstillet af syntetiske materialer, som g\u00f8r lamperne lette og holdbare. De er energieffektive med et forbrug p\u00e5 kun 13,2 W (svarer til en traditionel 42 W p\u00e6re) og har en ansl\u00e5et levetid p\u00e5 25.000 timer. Med IP20-klassificering og klasse III-beskyttelse er de sikre at anvende i hjemmet med ekstra lav sp\u00e6nding.Opdag, hvordan Philips Hue Play kan forvandle dit hjem, din tv-oplevelse og din hverdag med intelligent lys. Med betjening via b\u00e5de app og stemme, alsidige placeringsmuligheder og mange farver og funktioner er mulighederne uendelige, n\u00e5r du vil skabe den perfekte atmosf\u00e6re.<\/p>\n<p>Sammenlign priser p\u00e5 Philips Hue White and colour ambience Play double-pack &#8211; Sort og k\u00f8b online til den billigste pris, samt p\u00e5 tilbud!\u00a0\u00a0Tjek den bedste pris, produkt beskrivelse, video, test, anmeldelser osv.<\/p>\n<p><strong>Brand: <\/strong>Philips Hue<br \/>\n<strong>EAN: <\/strong>8718696170724<br \/>\n<strong>Producentens varenr.:<\/strong> 8718696170724<\/p>\n<p><strong>P.S.<\/strong><br \/>\nTilmeld dig til &#8220;Opret Gratis Prisfald Alarm&#8221;, og bliv underrettet med det samme om prisfald p\u00e5 Philips Hue White and colour ambience Play double-pack &#8211; Sort, og f\u00e5 den billigste pris!<\/p>\n<p>&nbsp;<\/p>\n<p>&nbsp;<\/p>\n","protected":false},"excerpt":{"rendered":"<p>K\u00f8b billig Philips Hue White and colour ambience Play double-pack &#8211; Sort! Skab en levende atmosf\u00e6re i hjemmet med Philips Hue Play dobbelpakke. Med op til 16 millioner farver og 50.000 nuancer af k\u00f8ligt til varmt hvidt lys kan du tilpasse belysningen til enhver stemning, lejlighed eller \u00e5rstid. Hue Play er det perfekte valg til [&hellip;]<\/p>\n","protected":false},"featured_media":999980000004460690,"template":"","meta":[],"store":[1272516],"product_brand":[1272523],"product_cat":[1272422],"product_tag":[1272767],"class_list":{"0":"post-446069","1":"product","2":"type-product","3":"status-publish","4":"has-post-thumbnail","6":"store-butik24","7":"product_brand-philips-hue","8":"product_cat-philips-hue","9":"product_tag-philips-hue","10":"pa_maerke-philips-hue","12":"first","13":"instock","14":"product-type-external"},"_links":{"self":[{"href":"https:\/\/www.pricetornado.com\/da\/wp-json\/wp\/v2\/product\/446069","targetHints":{"allow":["GET"]}}],"collection":[{"href":"https:\/\/www.pricetornado.com\/da\/wp-json\/wp\/v2\/product"}],"about":[{"href":"https:\/\/www.pricetornado.com\/da\/wp-json\/wp\/v2\/types\/product"}],"wp:featuredmedia":[{"embeddable":true,"href":"https:\/\/www.pricetornado.com\/da\/wp-json\/"}],"wp:attachment":[{"href":"https:\/\/www.pricetornado.com\/da\/wp-json\/wp\/v2\/media?parent=446069"}],"wp:term":[{"taxonomy":"store","embeddable":true,"href":"https:\/\/www.pricetornado.com\/da\/wp-json\/wp\/v2\/store?post=446069"},{"taxonomy":"product_brand","embeddable":true,"href":"https:\/\/www.pricetornado.com\/da\/wp-json\/wp\/v2\/product_brand?post=446069"},{"taxonomy":"product_cat","embeddable":true,"href":"https:\/\/www.pricetornado.com\/da\/wp-json\/wp\/v2\/product_cat?post=446069"},{"taxonomy":"product_tag","embeddable":true,"href":"https:\/\/www.pricetornado.com\/da\/wp-json\/wp\/v2\/product_tag?post=446069"}],"curies":[{"name":"wp","href":"https:\/\/api.w.org\/{rel}","templated":true}]}}