{"id":446068,"date":"2025-02-24T22:05:26","date_gmt":"2025-02-24T21:05:26","guid":{"rendered":"https:\/\/www.pricetornado.com\/da\/produkt\/lenco-24-tommer-hd-led-tv-med-dvb-t2-dvb-c-dvb-s2-12v-sort-led-2423bk\/"},"modified":"2026-04-17T10:00:33","modified_gmt":"2026-04-17T08:00:33","slug":"lenco-24-tommer-hd-led-tv-med-dvb-t2-dvb-c-dvb-s2-12v-sort-led-2423bk","status":"publish","type":"product","link":"https:\/\/www.pricetornado.com\/da\/produkt\/lenco-24-tommer-hd-led-tv-med-dvb-t2-dvb-c-dvb-s2-12v-sort-led-2423bk\/","title":{"rendered":"Lenco &#8211; 24 tommer HD LED TV med DVB-T2 DVB-C DVB-S2 12V Sort &#8211; LED-2423BK"},"content":{"rendered":"<p>K\u00f8b billig Lenco &#8211; 24 tommer HD LED TV med DVB-T2 DVB-C DVB-S2 12V Sort &#8211; LED-2423BK!<br \/>\nLenco LED-2423BK er et 24&quot; (61 cm) HD Ready LED-tv, der leverer klar og detaljeret billedkvalitet med en opl\u00f8sning p\u00e5 1366 x 768 pixel. Det avancerede HDR (High Dynamic Range) udvider farvespektret og forbedrer kontrasten, s\u00e5 billeder fremst\u00e5r levende og nuancerede \u2013 s\u00e6rligt i m\u00f8rke scener.Dette kompakte LED-tv er ideelt til b\u00e5de hjemmet, bilen, campingvognen eller b\u00e5den takket v\u00e6re den medf\u00f8lgende 12V biladapter. Det stabile design og den lave v\u00e6gt samt det medf\u00f8lgende bordstativ g\u00f8r det nemt at placere tv\u2019et efter behov. Foretr\u00e6kker du at h\u00e6nge det p\u00e5 v\u00e6ggen, underst\u00f8tter det v\u00e6gbeslag med VESA 75 (75 x 75 mm).Kantbelyst lokal d\u00e6mpning (edge-lit local dimming) regulerer LED-zonerne individuelt, s\u00e5 kontrast og sortniveau bliver optimeret \u2013 det giver dig ekstra realistiske billeder med dybere sorte og skarpere farvekontraster uden at \u00f8ge tv\u2019ets tykkelse.Den indbyggede medieafspiller giver mulighed for at afspille eller optage direkte via USB i popul\u00e6re formater som MP3, WAV, JPG, PNG, MP4, M4A, MOV og AVI. Med hele tre HDMI-indgange kan du nemt tilslutte spillekonsol, medieboks, Apple TV eller hjemmebiograf. Tv\u2019et har desuden:Lenco LED-2423BK kommer med indbyggede DVB-T2, DVB-C og DVB-S2 tunere til modtagelse af b\u00e5de terrestrisk, kabel- og satellit-tv uden behov for en ekstern modtager. Brugervenlige funktioner som sleep timer, b\u00f8rnesikring, hotelmode, tekst-tv, fasttext og mulighed for flere sk\u00e6rmsprog (inkl. dansk) g\u00f8r det let at tilpasse tv\u2019et til dine behov.Tv\u2019et byder p\u00e5 stereolyd via 2 x 2,5 W (RMS) h\u00f8jttalere og underst\u00f8tter Dolby Digital Plus (7.1) for fornem surroundlyd direkte fra tv\u2019et \u2013 uden krav om ekstra udstyr.V\u00e6gt: ca. 3,57 kgFjernbetjening inkl. 2 x AAA-batterierManual p\u00e5 flere sprog, inkl. danskLenco LED-2423BK forener h\u00f8j billedkvalitet og fleksible tilslutninger med b\u00e6rbarhed og robust design \u2013 perfekt til dig, der \u00f8nsker et alsidigt tv hjemme, p\u00e5 ferien eller undervejs. Bestil dit nye LED-tv i dag og f\u00e5 maksimal frihed til underholdning, uanset hvor du befinder dig.<\/p>\n<p>Sammenlign priser p\u00e5 Lenco &#8211; 24 tommer HD LED TV med DVB-T2 DVB-C DVB-S2 12V Sort &#8211; LED-2423BK og k\u00f8b online til den billigste pris, samt p\u00e5 tilbud!\u00a0\u00a0Tjek den bedste pris, produkt beskrivelse, video, test, anmeldelser osv.<\/p>\n<p><strong>Brand: <\/strong>Lenco<br \/>\n<strong>EAN: <\/strong>8711902072232<br \/>\n<strong>Producentens varenr.:<\/strong> 8711902072232<\/p>\n<p><strong>P.S.<\/strong><br \/>\nTilmeld dig til &#8220;Opret Gratis Prisfald Alarm&#8221;, og bliv underrettet med det samme om prisfald p\u00e5 Lenco &#8211; 24 tommer HD LED TV med DVB-T2 DVB-C DVB-S2 12V Sort &#8211; LED-2423BK, og f\u00e5 den billigste pris!<\/p>\n<p>&nbsp;<\/p>\n<p>&nbsp;<\/p>\n","protected":false},"excerpt":{"rendered":"<p>K\u00f8b billig Lenco &#8211; 24 tommer HD LED TV med DVB-T2 DVB-C DVB-S2 12V Sort &#8211; LED-2423BK! Lenco LED-2423BK er et 24&quot; (61 cm) HD Ready LED-tv, der leverer klar og detaljeret billedkvalitet med en opl\u00f8sning p\u00e5 1366 x 768 pixel. Det avancerede HDR (High Dynamic Range) udvider farvespektret og forbedrer kontrasten, s\u00e5 billeder fremst\u00e5r [&hellip;]<\/p>\n","protected":false},"featured_media":999980000004460680,"template":"","meta":[],"store":[1272516],"product_brand":[1272526],"product_cat":[1272652],"product_tag":[1272798,1275188],"class_list":{"0":"post-446068","1":"product","2":"type-product","3":"status-publish","4":"has-post-thumbnail","6":"store-butik24","7":"product_brand-lenco","8":"product_cat-fjernsyn","9":"product_tag-fjernsyn","10":"product_tag-lenco","11":"pa_maerke-lenco","13":"first","14":"instock","15":"product-type-external"},"_links":{"self":[{"href":"https:\/\/www.pricetornado.com\/da\/wp-json\/wp\/v2\/product\/446068","targetHints":{"allow":["GET"]}}],"collection":[{"href":"https:\/\/www.pricetornado.com\/da\/wp-json\/wp\/v2\/product"}],"about":[{"href":"https:\/\/www.pricetornado.com\/da\/wp-json\/wp\/v2\/types\/product"}],"wp:featuredmedia":[{"embeddable":true,"href":"https:\/\/www.pricetornado.com\/da\/wp-json\/"}],"wp:attachment":[{"href":"https:\/\/www.pricetornado.com\/da\/wp-json\/wp\/v2\/media?parent=446068"}],"wp:term":[{"taxonomy":"store","embeddable":true,"href":"https:\/\/www.pricetornado.com\/da\/wp-json\/wp\/v2\/store?post=446068"},{"taxonomy":"product_brand","embeddable":true,"href":"https:\/\/www.pricetornado.com\/da\/wp-json\/wp\/v2\/product_brand?post=446068"},{"taxonomy":"product_cat","embeddable":true,"href":"https:\/\/www.pricetornado.com\/da\/wp-json\/wp\/v2\/product_cat?post=446068"},{"taxonomy":"product_tag","embeddable":true,"href":"https:\/\/www.pricetornado.com\/da\/wp-json\/wp\/v2\/product_tag?post=446068"}],"curies":[{"name":"wp","href":"https:\/\/api.w.org\/{rel}","templated":true}]}}