{"id":446052,"date":"2025-02-21T00:10:48","date_gmt":"2025-02-20T23:10:48","guid":{"rendered":"https:\/\/www.pricetornado.com\/da\/produkt\/philips-hue-white-and-color-ambiance-e27-1100-lumen-2-pak\/"},"modified":"2026-04-20T08:10:35","modified_gmt":"2026-04-20T06:10:35","slug":"philips-hue-white-and-color-ambiance-e27-1100-lumen-2-pak","status":"publish","type":"product","link":"https:\/\/www.pricetornado.com\/da\/produkt\/philips-hue-white-and-color-ambiance-e27-1100-lumen-2-pak\/","title":{"rendered":"Philips Hue White and color ambiance E27 1100 Lumen &#8211; 2 pak"},"content":{"rendered":"<p>K\u00f8b billig Philips Hue White and color ambiance E27 1100 Lumen &#8211; 2 pak!<br \/>\nOpgrader hjemmets belysning med Philips Hue White and color ambiance E27 LED-p\u00e6rer i denne praktiske 2-pak. Disse smarte LED-p\u00e6rer passer til de fleste lamper med E27-fatning og giver dig \u00f8jeblikkelig adgang til intelligente lysindstillinger og millioner af nuancer af b\u00e5de hvidt og farvet lys \u2013 perfekt til enhver stemning eller aktivitet.Med en effekt p\u00e5 9 W (svarende til en traditionel 75 W p\u00e6re) leverer hver p\u00e6re op til 1100 lumen og kan justeres fra 2000 K til 6500 K i farvetemperatur. V\u00e6lg blandt 16 millioner farvenuancer og tilpas let lyset til b\u00e5de hverdag og fest. P\u00e6rerne underst\u00f8tter fuld d\u00e6mpning via Hue app eller kompatible kontaktl\u00f8sninger, s\u00e5 du kan skabe netop den belysning, du \u00f8nsker.Styr dine Philips Hue LED-p\u00e6rer direkte via Bluetooth eller f\u00e5 udvidede funktioner ved at tilslutte dem til en Hue Bridge. Integr\u00e9r nemt belysningen i dit smart home-setup med stemmestyring via Google Assistant, Alexa eller Siri for maksimalt brugervenlighed. Hue Bridge og Dimmer Switch s\u00e6lges separat.Designet til lang levetid med op til 25.000 driftstimer og op til 50.000 t\u00e6nd\/sluk-cyklusserPhilips Hue-p\u00e6rerne kan nemt opdateres tr\u00e5dl\u00f8st via Hue Bridge eller Bluetooth-app, s\u00e5 du altid har adgang til de nyeste funktioner og softwareforbedringer. P\u00e6rerne er fremstillet til p\u00e5lidelig ydelse, uanset omgivelsernes temperatur eller fugtighed.F\u00e5 fleksibel, intelligent og energieffektiv belysning, du kan tilpasse efter dine behov. Oplev hele udvalget af produkter hos Butik24.<\/p>\n<p>Sammenlign priser p\u00e5 Philips Hue White and color ambiance E27 1100 Lumen &#8211; 2 pak og k\u00f8b online til den billigste pris, samt p\u00e5 tilbud!\u00a0\u00a0Tjek den bedste pris, produkt beskrivelse, video, test, anmeldelser osv.<\/p>\n<p><strong>Brand: <\/strong>Philips Hue<br \/>\n<strong>EAN: <\/strong>8719514291317<br \/>\n<strong>Producentens varenr.:<\/strong> 8719514291317<\/p>\n<p><strong>P.S.<\/strong><br \/>\nTilmeld dig til &#8220;Opret Gratis Prisfald Alarm&#8221;, og bliv underrettet med det samme om prisfald p\u00e5 Philips Hue White and color ambiance E27 1100 Lumen &#8211; 2 pak, og f\u00e5 den billigste pris!<\/p>\n<p>&nbsp;<\/p>\n<p>&nbsp;<\/p>\n","protected":false},"excerpt":{"rendered":"<p>K\u00f8b billig Philips Hue White and color ambiance E27 1100 Lumen &#8211; 2 pak! Opgrader hjemmets belysning med Philips Hue White and color ambiance E27 LED-p\u00e6rer i denne praktiske 2-pak. Disse smarte LED-p\u00e6rer passer til de fleste lamper med E27-fatning og giver dig \u00f8jeblikkelig adgang til intelligente lysindstillinger og millioner af nuancer af b\u00e5de hvidt [&hellip;]<\/p>\n","protected":false},"featured_media":999980000004460520,"template":"","meta":[],"store":[1272516],"product_brand":[1272523],"product_cat":[1272422],"product_tag":[1272767],"class_list":{"0":"post-446052","1":"product","2":"type-product","3":"status-publish","4":"has-post-thumbnail","6":"store-butik24","7":"product_brand-philips-hue","8":"product_cat-philips-hue","9":"product_tag-philips-hue","10":"pa_maerke-philips-hue","12":"first","13":"instock","14":"product-type-external"},"_links":{"self":[{"href":"https:\/\/www.pricetornado.com\/da\/wp-json\/wp\/v2\/product\/446052","targetHints":{"allow":["GET"]}}],"collection":[{"href":"https:\/\/www.pricetornado.com\/da\/wp-json\/wp\/v2\/product"}],"about":[{"href":"https:\/\/www.pricetornado.com\/da\/wp-json\/wp\/v2\/types\/product"}],"wp:featuredmedia":[{"embeddable":true,"href":"https:\/\/www.pricetornado.com\/da\/wp-json\/"}],"wp:attachment":[{"href":"https:\/\/www.pricetornado.com\/da\/wp-json\/wp\/v2\/media?parent=446052"}],"wp:term":[{"taxonomy":"store","embeddable":true,"href":"https:\/\/www.pricetornado.com\/da\/wp-json\/wp\/v2\/store?post=446052"},{"taxonomy":"product_brand","embeddable":true,"href":"https:\/\/www.pricetornado.com\/da\/wp-json\/wp\/v2\/product_brand?post=446052"},{"taxonomy":"product_cat","embeddable":true,"href":"https:\/\/www.pricetornado.com\/da\/wp-json\/wp\/v2\/product_cat?post=446052"},{"taxonomy":"product_tag","embeddable":true,"href":"https:\/\/www.pricetornado.com\/da\/wp-json\/wp\/v2\/product_tag?post=446052"}],"curies":[{"name":"wp","href":"https:\/\/api.w.org\/{rel}","templated":true}]}}