{"id":446049,"date":"2025-02-20T02:55:05","date_gmt":"2025-02-20T01:55:05","guid":{"rendered":"https:\/\/www.pricetornado.com\/da\/produkt\/philips-6lr61i10c-10-industrial-9v-batteri-10-stk\/"},"modified":"2026-04-17T02:00:24","modified_gmt":"2026-04-17T00:00:24","slug":"philips-6lr61i10c-10-industrial-9v-batteri-10-stk","status":"publish","type":"product","link":"https:\/\/www.pricetornado.com\/da\/produkt\/philips-6lr61i10c-10-industrial-9v-batteri-10-stk\/","title":{"rendered":"Philips 6LR61I10C\/10 Industrial 9V Batteri 10-stk"},"content":{"rendered":"<p>K\u00f8b billig Philips 6LR61I10C\/10 Industrial 9V Batteri 10-stk!<br \/>\nPhilips industrielle 9V batterier er skabt til professionelle brugere, der har brug for p\u00e5lidelig og kraftfuld str\u00f8m til h\u00f8jtydende enheder som sendere, modtagere, mobilt udstyr og lommelygter. Disse industrielle batterier holder op til fem gange l\u00e6ngere end almindelige batterier, hvilket giver \u00f8get holdbarhed og f\u00e6rre udskiftninger i det daglige brug.Batterierne anvender avanceret alkalisk teknologi, som sikrer stabil og effektiv energi til dine apparater. Philips industrielle batterier er fri for skadelige tungmetaller som cadmium, kviks\u00f8lv og bly, hvilket g\u00f8r dem b\u00e5de sikre for dig og sk\u00e5nsomme for milj\u00f8et. Emballagen best\u00e5r af karton og PET-materiale, hvilket bidrager til en mere b\u00e6redygtig h\u00e5ndtering og bortskaffelse.Disse batterier leveres i en praktisk 10-pak, som g\u00f8r det nemt at sikre et tilstr\u00e6kkeligt lager \u2013 ideelt for b\u00e5de professionelle brugere og dig, der gerne vil v\u00e6re klar til hurtig udskiftning i flere enheder.Opgrader dine enheder med Philips industrielle 9V batterier for bedre ydeevne, l\u00e6ngere driftstid og et mere milj\u00f8venligt valg. Se hele vores udvalg af produkter for flere professionelle l\u00f8sninger.<\/p>\n<p>Sammenlign priser p\u00e5 Philips 6LR61I10C\/10 Industrial 9V Batteri 10-stk og k\u00f8b online til den billigste pris, samt p\u00e5 tilbud!\u00a0\u00a0Tjek den bedste pris, produkt beskrivelse, video, test, anmeldelser osv.<\/p>\n<p><strong>Brand: <\/strong>Philips<br \/>\n<strong>EAN: <\/strong>4895185626604<br \/>\n<strong>Producentens varenr.:<\/strong> 4895185626604<\/p>\n<p><strong>P.S.<\/strong><br \/>\nTilmeld dig til &#8220;Opret Gratis Prisfald Alarm&#8221;, og bliv underrettet med det samme om prisfald p\u00e5 Philips 6LR61I10C\/10 Industrial 9V Batteri 10-stk, og f\u00e5 den billigste pris!<\/p>\n<p>&nbsp;<\/p>\n<p>&nbsp;<\/p>\n","protected":false},"excerpt":{"rendered":"<p>K\u00f8b billig Philips 6LR61I10C\/10 Industrial 9V Batteri 10-stk! Philips industrielle 9V batterier er skabt til professionelle brugere, der har brug for p\u00e5lidelig og kraftfuld str\u00f8m til h\u00f8jtydende enheder som sendere, modtagere, mobilt udstyr og lommelygter. Disse industrielle batterier holder op til fem gange l\u00e6ngere end almindelige batterier, hvilket giver \u00f8get holdbarhed og f\u00e6rre udskiftninger i [&hellip;]<\/p>\n","protected":false},"featured_media":999980000004460490,"template":"","meta":[],"store":[1272516],"product_brand":[1272519],"product_cat":[1272435],"product_tag":[1272701,1275180],"class_list":{"0":"post-446049","1":"product","2":"type-product","3":"status-publish","4":"has-post-thumbnail","6":"store-butik24","7":"product_brand-philips","8":"product_cat-batteri","9":"product_tag-batteri","10":"product_tag-philips","11":"pa_maerke-philips","13":"first","14":"instock","15":"product-type-external"},"_links":{"self":[{"href":"https:\/\/www.pricetornado.com\/da\/wp-json\/wp\/v2\/product\/446049","targetHints":{"allow":["GET"]}}],"collection":[{"href":"https:\/\/www.pricetornado.com\/da\/wp-json\/wp\/v2\/product"}],"about":[{"href":"https:\/\/www.pricetornado.com\/da\/wp-json\/wp\/v2\/types\/product"}],"wp:featuredmedia":[{"embeddable":true,"href":"https:\/\/www.pricetornado.com\/da\/wp-json\/"}],"wp:attachment":[{"href":"https:\/\/www.pricetornado.com\/da\/wp-json\/wp\/v2\/media?parent=446049"}],"wp:term":[{"taxonomy":"store","embeddable":true,"href":"https:\/\/www.pricetornado.com\/da\/wp-json\/wp\/v2\/store?post=446049"},{"taxonomy":"product_brand","embeddable":true,"href":"https:\/\/www.pricetornado.com\/da\/wp-json\/wp\/v2\/product_brand?post=446049"},{"taxonomy":"product_cat","embeddable":true,"href":"https:\/\/www.pricetornado.com\/da\/wp-json\/wp\/v2\/product_cat?post=446049"},{"taxonomy":"product_tag","embeddable":true,"href":"https:\/\/www.pricetornado.com\/da\/wp-json\/wp\/v2\/product_tag?post=446049"}],"curies":[{"name":"wp","href":"https:\/\/api.w.org\/{rel}","templated":true}]}}