{"id":446042,"date":"2025-02-27T12:38:10","date_gmt":"2025-02-27T11:38:10","guid":{"rendered":"https:\/\/www.pricetornado.com\/da\/produkt\/philips-hue-surimu-square-panel\/"},"modified":"2026-05-01T02:20:35","modified_gmt":"2026-05-01T00:20:35","slug":"philips-hue-surimu-square-panel","status":"publish","type":"product","link":"https:\/\/www.pricetornado.com\/da\/produkt\/philips-hue-surimu-square-panel\/","title":{"rendered":"Philips HUE Surimu Square panel"},"content":{"rendered":"<p>K\u00f8b billig Philips HUE Surimu Square panel!<br \/>\nPhilips Hue Surimu Square panelet leverer et bl\u00f8dt, d\u00e6mpet farvet lys og g\u00e5r i \u00e9t med loftet efter montering. Det moderne og diskrete design er ideelt til stuen, sovev\u00e6relset eller hjemmekontoret, hvor der \u00f8nskes en stilren og funktionel belysningsl\u00f8sning. Panelet er fremstillet af holdbare syntetiske materialer, herunder plast, hvilket sikrer b\u00e5de robusthed og let montering.Panelet kan forbindes med en tr\u00e5dl\u00f8s Hue Dimmer switch, der muligg\u00f8r enkel tr\u00e5dl\u00f8s styring. Med dimmeren kan du:Dimmeren er b\u00e5de hurtig og nem at montere \u2013 placer den hvor som helst efter behov.Med Hue Bluetooth appen kan du styre op til 10 intelligente lyskilder i \u00e9t rum direkte fra din smartphone. Produktet underst\u00f8tter desuden stemmekontrol gennem Google Assistant og Amazon Alexa, n\u00e5r det parres med kompatible enheder som Google Nest eller Amazon Echo, s\u00e5 du nemt kan betjene lyset hands-free.Surimu panelet tilbyder op til 16 millioner farver samt et bredt spektrum af varmhvidt til k\u00f8ligt hvidt lys, alle med fuld d\u00e6mpbarhed. Tilpas stemningen til ethvert \u00f8jeblik \u2013 fra klar arbejdsbelysning til d\u00e6mpet hygge.Panelet benytter avanceret LED-teknologi, hvilket g\u00f8r det energieffektivt og milj\u00f8venligt. Det har en forventet levetid p\u00e5 op til 25.000 timer og er udstyret med beskyttelsesklasse I samt IP20-klassificering \u2013 hvilket betyder egnethed til indend\u00f8rs brug med grundl\u00e6ggende beskyttelse mod faste partikler, men ikke mod vand.Philips Hue Surimu Square panel kombinerer intelligent smart home-funktionalitet med elegant design og lang holdbarhed. Skab den perfekte belysning til enhver situation i dit hjem, og nyd bekvem styring, energieffektivitet og en fantastisk brugervenlig oplevelse.<\/p>\n<p>Sammenlign priser p\u00e5 Philips HUE Surimu Square panel og k\u00f8b online til den billigste pris, samt p\u00e5 tilbud!\u00a0\u00a0Tjek den bedste pris, produkt beskrivelse, video, test, anmeldelser osv.<\/p>\n<p><strong>Brand: <\/strong>Philips Hue<br \/>\n<strong>EAN: <\/strong>8719514355071<br \/>\n<strong>Producentens varenr.:<\/strong> 8719514355071<\/p>\n<p><strong>P.S.<\/strong><br \/>\nTilmeld dig til &#8220;Opret Gratis Prisfald Alarm&#8221;, og bliv underrettet med det samme om prisfald p\u00e5 Philips HUE Surimu Square panel, og f\u00e5 den billigste pris!<\/p>\n<p>&nbsp;<\/p>\n<p>&nbsp;<\/p>\n","protected":false},"excerpt":{"rendered":"<p>K\u00f8b billig Philips HUE Surimu Square panel! Philips Hue Surimu Square panelet leverer et bl\u00f8dt, d\u00e6mpet farvet lys og g\u00e5r i \u00e9t med loftet efter montering. Det moderne og diskrete design er ideelt til stuen, sovev\u00e6relset eller hjemmekontoret, hvor der \u00f8nskes en stilren og funktionel belysningsl\u00f8sning. Panelet er fremstillet af holdbare syntetiske materialer, herunder plast, [&hellip;]<\/p>\n","protected":false},"featured_media":999980000004460420,"template":"","meta":[],"store":[1272516],"product_brand":[1272523],"product_cat":[1272422],"product_tag":[1272767],"class_list":{"0":"post-446042","1":"product","2":"type-product","3":"status-publish","4":"has-post-thumbnail","6":"store-butik24","7":"product_brand-philips-hue","8":"product_cat-philips-hue","9":"product_tag-philips-hue","10":"pa_maerke-philips-hue","12":"first","13":"instock","14":"product-type-external"},"_links":{"self":[{"href":"https:\/\/www.pricetornado.com\/da\/wp-json\/wp\/v2\/product\/446042","targetHints":{"allow":["GET"]}}],"collection":[{"href":"https:\/\/www.pricetornado.com\/da\/wp-json\/wp\/v2\/product"}],"about":[{"href":"https:\/\/www.pricetornado.com\/da\/wp-json\/wp\/v2\/types\/product"}],"wp:featuredmedia":[{"embeddable":true,"href":"https:\/\/www.pricetornado.com\/da\/wp-json\/"}],"wp:attachment":[{"href":"https:\/\/www.pricetornado.com\/da\/wp-json\/wp\/v2\/media?parent=446042"}],"wp:term":[{"taxonomy":"store","embeddable":true,"href":"https:\/\/www.pricetornado.com\/da\/wp-json\/wp\/v2\/store?post=446042"},{"taxonomy":"product_brand","embeddable":true,"href":"https:\/\/www.pricetornado.com\/da\/wp-json\/wp\/v2\/product_brand?post=446042"},{"taxonomy":"product_cat","embeddable":true,"href":"https:\/\/www.pricetornado.com\/da\/wp-json\/wp\/v2\/product_cat?post=446042"},{"taxonomy":"product_tag","embeddable":true,"href":"https:\/\/www.pricetornado.com\/da\/wp-json\/wp\/v2\/product_tag?post=446042"}],"curies":[{"name":"wp","href":"https:\/\/api.w.org\/{rel}","templated":true}]}}