{"id":446038,"date":"2025-02-27T06:22:00","date_gmt":"2025-02-27T05:22:00","guid":{"rendered":"https:\/\/www.pricetornado.com\/da\/produkt\/philips-fc8780-09-performer-silent-db-66-blaa-sort\/"},"modified":"2026-04-20T11:00:35","modified_gmt":"2026-04-20T09:00:35","slug":"philips-fc8780-09-performer-silent-db-66-blaa-sort","status":"publish","type":"product","link":"https:\/\/www.pricetornado.com\/da\/produkt\/philips-fc8780-09-performer-silent-db-66-blaa-sort\/","title":{"rendered":"Philips FC8780\/09 Performer Silent DB 66 &#8211; Bl\u00e5 Sort"},"content":{"rendered":"<p>K\u00f8b billig Philips FC8780\/09 Performer Silent DB 66 &#8211; Bl\u00e5 Sort!<br \/>\nOplev effektiv og sk\u00e5nsom reng\u00f8ring med Philips Performer Silent, designet til maksimal ydeevne og minimal st\u00f8j. Med et lydniveau p\u00e5 kun 66 dB er det Philips\u2019 mest st\u00f8jsvage st\u00f8vsuger nogensinde, s\u00e5 du kan st\u00f8vsuge, n\u00e5r som helst, uden at forstyrre andre i hjemmet. Den st\u00e6rke 750W motor og ECARF-certificerede allergifilter sikrer, at mere end 99,9% af st\u00f8v og allergener opsamles, hvilket skaber et friskere og sundere indeklima.TriActive Pro-mundstykket fanger selv det fineste st\u00f8v for en dybdeg\u00e5ende reng\u00f8ring. Med parketmundstykket, der har bl\u00f8de b\u00f8rsteh\u00e5r, er dine sarte gulve beskyttet mod ridser og slid. Den integrerede bl\u00f8de b\u00f8rste i h\u00e5ndtaget g\u00f8r det nemt at fjerne st\u00f8v fra m\u00f8bler og andre overflader hurtigt og sk\u00e5nsomt.Lang r\u00e6kkevidde p\u00e5 12 meter og 9 meter ledning betyder, at du kan reng\u00f8re st\u00f8rre omr\u00e5der uden at skulle skifte stikkontakt ofte.Ekstra stor st\u00f8vposekapacitet p\u00e5 4 liter reducerer antallet af poseudskiftninger, s\u00e5 du sparer tid og penge.St\u00f8vposeindikator viser tydeligt, n\u00e5r det er tid til at skifte pose.Langtidsholdbare s-poser holder op til 50% l\u00e6ngere for nem og \u00f8konomisk vedligeholdelse.Performer Silent er bygget med et robust metal 2-delt teleskopr\u00f8r, der giver god stabilitet og nem man\u00f8vrering. Gummihjulene sikrer blid og ubesv\u00e6ret bev\u00e6gelse p\u00e5 alle gulvtyper og forhindrer ridser. Den solide konstruktion og brugervenlige funktioner g\u00f8r st\u00f8vsugeren ideel til daglig brug.750W energieffektiv motor leverer kraftfuld sugeevne med lavt energiforbrug.Emballagen fremstilles af over 90% genbrugsmaterialer, og brugervejledningen er trykt p\u00e5 100% genbrugspapir \u2013 et b\u00e6redygtigt valg til dit hjem.Philips Performer Silent kombinerer overlegen ydeevne med lavt st\u00f8jniveau, energieffektivitet og brugervenligt design. G\u00f8r din daglige reng\u00f8ring nemmere og mere behagelig med denne allergivenlige og slidst\u00e6rke st\u00f8vsuger fra Philips.<\/p>\n<p>Sammenlign priser p\u00e5 Philips FC8780\/09 Performer Silent DB 66 &#8211; Bl\u00e5 Sort og k\u00f8b online til den billigste pris, samt p\u00e5 tilbud!\u00a0\u00a0Tjek den bedste pris, produkt beskrivelse, video, test, anmeldelser osv.<\/p>\n<p><strong>Brand: <\/strong>Philips<br \/>\n<strong>EAN: <\/strong>8710103860501<br \/>\n<strong>Producentens varenr.:<\/strong> 8710103860501<\/p>\n<p><strong>P.S.<\/strong><br \/>\nTilmeld dig til &#8220;Opret Gratis Prisfald Alarm&#8221;, og bliv underrettet med det samme om prisfald p\u00e5 Philips FC8780\/09 Performer Silent DB 66 &#8211; Bl\u00e5 Sort, og f\u00e5 den billigste pris!<\/p>\n<p>&nbsp;<\/p>\n<p>&nbsp;<\/p>\n","protected":false},"excerpt":{"rendered":"<p>K\u00f8b billig Philips FC8780\/09 Performer Silent DB 66 &#8211; Bl\u00e5 Sort! Oplev effektiv og sk\u00e5nsom reng\u00f8ring med Philips Performer Silent, designet til maksimal ydeevne og minimal st\u00f8j. Med et lydniveau p\u00e5 kun 66 dB er det Philips\u2019 mest st\u00f8jsvage st\u00f8vsuger nogensinde, s\u00e5 du kan st\u00f8vsuge, n\u00e5r som helst, uden at forstyrre andre i hjemmet. Den [&hellip;]<\/p>\n","protected":false},"featured_media":999980000004460380,"template":"","meta":[],"store":[1272516],"product_brand":[1272519],"product_cat":[1272411],"product_tag":[1275180,1272720],"class_list":{"0":"post-446038","1":"product","2":"type-product","3":"status-publish","4":"has-post-thumbnail","6":"store-butik24","7":"product_brand-philips","8":"product_cat-stoevsugere","9":"product_tag-philips","10":"product_tag-stoevsugere","11":"pa_maerke-philips","13":"first","14":"instock","15":"product-type-external"},"_links":{"self":[{"href":"https:\/\/www.pricetornado.com\/da\/wp-json\/wp\/v2\/product\/446038","targetHints":{"allow":["GET"]}}],"collection":[{"href":"https:\/\/www.pricetornado.com\/da\/wp-json\/wp\/v2\/product"}],"about":[{"href":"https:\/\/www.pricetornado.com\/da\/wp-json\/wp\/v2\/types\/product"}],"wp:featuredmedia":[{"embeddable":true,"href":"https:\/\/www.pricetornado.com\/da\/wp-json\/"}],"wp:attachment":[{"href":"https:\/\/www.pricetornado.com\/da\/wp-json\/wp\/v2\/media?parent=446038"}],"wp:term":[{"taxonomy":"store","embeddable":true,"href":"https:\/\/www.pricetornado.com\/da\/wp-json\/wp\/v2\/store?post=446038"},{"taxonomy":"product_brand","embeddable":true,"href":"https:\/\/www.pricetornado.com\/da\/wp-json\/wp\/v2\/product_brand?post=446038"},{"taxonomy":"product_cat","embeddable":true,"href":"https:\/\/www.pricetornado.com\/da\/wp-json\/wp\/v2\/product_cat?post=446038"},{"taxonomy":"product_tag","embeddable":true,"href":"https:\/\/www.pricetornado.com\/da\/wp-json\/wp\/v2\/product_tag?post=446038"}],"curies":[{"name":"wp","href":"https:\/\/api.w.org\/{rel}","templated":true}]}}