{"id":446035,"date":"2025-02-24T11:38:41","date_gmt":"2025-02-24T10:38:41","guid":{"rendered":"https:\/\/www.pricetornado.com\/da\/produkt\/philips-master-pl-s-11w-827-ekstra-varm-hvid-4-pin\/"},"modified":"2026-04-17T03:59:54","modified_gmt":"2026-04-17T01:59:54","slug":"philips-master-pl-s-11w-827-ekstra-varm-hvid-4-pin","status":"publish","type":"product","link":"https:\/\/www.pricetornado.com\/da\/produkt\/philips-master-pl-s-11w-827-ekstra-varm-hvid-4-pin\/","title":{"rendered":"Philips MASTER PL-S 11W &#8211; 827 ekstra varm hvid | 4 Pin"},"content":{"rendered":"<p>K\u00f8b billig Philips MASTER PL-S 11W &#8211; 827 ekstra varm hvid | 4 Pin!<br \/>\nPhilips MASTER PL-S 11W er en kompakt og energibesparende kompaktlysstofr\u00f8r, perfekt til steder, hvor der \u00f8nskes et ekstra varmt og behageligt lys \u2013 eksempelvis i korridorer, dekorative omr\u00e5der og orienteringsbelysning. Den avancerede 2G7 4-pin fatning giver enkel plug-in\/pull-out installation og let vedligeholdelse uden brug af v\u00e6rkt\u00f8j.80 lumen per watt og lavt energiforbrug (11,9 W) \u2013 energiklasse A og kun ca. 12 kWh str\u00f8mforbrug per 1000 timerLang levetid p\u00e5 op til 13.000 timer, hvilket reducerer hyppigheden af udskiftningerLampeglasset indeholder en lille m\u00e6ngde kviks\u00f8lv (1,4 mg, hvilket er standard for denne type CFL), og hvis den g\u00e5r i stykker, anbefales god ventilation og ikke at st\u00f8vsuge glassk\u00e5rene. Dette bidrager til sikker h\u00e5ndtering og ansvarlig bortskaffelse. Produktet har ingen smarte funktioner eller specielle beskyttelser ud over den h\u00f8je effektivitet og p\u00e5lidelighed, som kendetegner Philips\u2019 lyskilder.Philips MASTER PL-S 11W er ideel til belysning af korridorer, opholdsrum eller andre indend\u00f8rs omr\u00e5der, hvor vedvarende, bl\u00f8dt og energibesparende lys \u00f8nskes. Den nemme installation og lange levetid g\u00f8r p\u00e6ren til et fortrukket valg for b\u00e5de privat og professionelt brug.K\u00f8b Philips MASTER PL-S 11W hos Butik24 for gode priser og hurtig levering. Kontakt os for yderligere information eller ved k\u00f8b i st\u00f8rre m\u00e6ngder.<\/p>\n<p>Sammenlign priser p\u00e5 Philips MASTER PL-S 11W &#8211; 827 ekstra varm hvid | 4 Pin og k\u00f8b online til den billigste pris, samt p\u00e5 tilbud!\u00a0\u00a0Tjek den bedste pris, produkt beskrivelse, video, test, anmeldelser osv.<\/p>\n<p><strong>Brand: <\/strong>Philips<br \/>\n<strong>EAN: <\/strong>8711500261144<br \/>\n<strong>Producentens varenr.:<\/strong> 8711500261144<\/p>\n<p><strong>P.S.<\/strong><br \/>\nTilmeld dig til &#8220;Opret Gratis Prisfald Alarm&#8221;, og bliv underrettet med det samme om prisfald p\u00e5 Philips MASTER PL-S 11W &#8211; 827 ekstra varm hvid | 4 Pin, og f\u00e5 den billigste pris!<\/p>\n<p>&nbsp;<\/p>\n<p>&nbsp;<\/p>\n","protected":false},"excerpt":{"rendered":"<p>K\u00f8b billig Philips MASTER PL-S 11W &#8211; 827 ekstra varm hvid | 4 Pin! Philips MASTER PL-S 11W er en kompakt og energibesparende kompaktlysstofr\u00f8r, perfekt til steder, hvor der \u00f8nskes et ekstra varmt og behageligt lys \u2013 eksempelvis i korridorer, dekorative omr\u00e5der og orienteringsbelysning. Den avancerede 2G7 4-pin fatning giver enkel plug-in\/pull-out installation og let [&hellip;]<\/p>\n","protected":false},"featured_media":999980000004460350,"template":"","meta":[],"store":[1272516],"product_brand":[1272519],"product_cat":[1272407],"product_tag":[1272697,1275180],"class_list":{"0":"post-446035","1":"product","2":"type-product","3":"status-publish","4":"has-post-thumbnail","6":"store-butik24","7":"product_brand-philips","8":"product_cat-belysning-2","9":"product_tag-belysning","10":"product_tag-philips","11":"pa_maerke-philips","13":"first","14":"instock","15":"product-type-external"},"_links":{"self":[{"href":"https:\/\/www.pricetornado.com\/da\/wp-json\/wp\/v2\/product\/446035","targetHints":{"allow":["GET"]}}],"collection":[{"href":"https:\/\/www.pricetornado.com\/da\/wp-json\/wp\/v2\/product"}],"about":[{"href":"https:\/\/www.pricetornado.com\/da\/wp-json\/wp\/v2\/types\/product"}],"wp:featuredmedia":[{"embeddable":true,"href":"https:\/\/www.pricetornado.com\/da\/wp-json\/"}],"wp:attachment":[{"href":"https:\/\/www.pricetornado.com\/da\/wp-json\/wp\/v2\/media?parent=446035"}],"wp:term":[{"taxonomy":"store","embeddable":true,"href":"https:\/\/www.pricetornado.com\/da\/wp-json\/wp\/v2\/store?post=446035"},{"taxonomy":"product_brand","embeddable":true,"href":"https:\/\/www.pricetornado.com\/da\/wp-json\/wp\/v2\/product_brand?post=446035"},{"taxonomy":"product_cat","embeddable":true,"href":"https:\/\/www.pricetornado.com\/da\/wp-json\/wp\/v2\/product_cat?post=446035"},{"taxonomy":"product_tag","embeddable":true,"href":"https:\/\/www.pricetornado.com\/da\/wp-json\/wp\/v2\/product_tag?post=446035"}],"curies":[{"name":"wp","href":"https:\/\/api.w.org\/{rel}","templated":true}]}}