{"id":446032,"date":"2025-02-22T12:01:48","date_gmt":"2025-02-22T11:01:48","guid":{"rendered":"https:\/\/www.pricetornado.com\/da\/produkt\/scanpan-morter-med-stoeder-10-cm-maitre-d\/"},"modified":"2026-04-17T08:00:32","modified_gmt":"2026-04-17T06:00:32","slug":"scanpan-morter-med-stoeder-10-cm-maitre-d","status":"publish","type":"product","link":"https:\/\/www.pricetornado.com\/da\/produkt\/scanpan-morter-med-stoeder-10-cm-maitre-d\/","title":{"rendered":"Scanpan Morter med st\u00f8der 10 cm &#8211; Maitre D&apos;"},"content":{"rendered":"<p>K\u00f8b billig Scanpan Morter med st\u00f8der 10 cm &#8211; Maitre D&apos;!<br \/>\nEr du k\u00f8kkenentusiast, b\u00f8r du have en morter fra Scanpan blandt dit k\u00f8kkenudstyr. Denne 10 cm morter med st\u00f8der er ideel til at knuse b\u00e5de friske og t\u00f8rrede urter samt til at lave smagfulde marinader. Ved at knuse urter frigives der langt mere aroma end ved brug af hele, t\u00f8rrede urter, hvilket giver et l\u00f8ft til alle dine retter.Morterens underdel er fremstillet i elegant, oliebehandlet egetr\u00e6, der giver et naturligt look og en skridsikker, stabil base under brug. Overdelen og st\u00f8deren er lavet af oliebr\u00e6ndt st\u00f8bejern, som sikrer en robust, slidst\u00e6rk maleoverflade med minimal reaktivitet og lang levetid.Med en indvendig diameter p\u00e5 10 cm passer morteren perfekt til sm\u00e5 batcher af krydderier og urter. Kombinationen af massivt egetr\u00e6 og tungt st\u00f8bejern g\u00f8r morteren b\u00e5de stabil og nem at h\u00e5ndtere p\u00e5 k\u00f8kkenbordet.Reng\u00f8r morteren med varmt vand og s\u00e6be \u2013 den b\u00f8r ikke vaskes i opvaskemaskine. T\u00f8r grundigt efter brug, og sm\u00f8r egetr\u00e6et med mineralsk olie for at bevare udseendet og holdbarheden. og udvid dit k\u00f8kkenudstyr med funktionelt og stilfuldt design.<\/p>\n<p>Sammenlign priser p\u00e5 Scanpan Morter med st\u00f8der 10 cm &#8211; Maitre D&apos; og k\u00f8b online til den billigste pris, samt p\u00e5 tilbud!\u00a0\u00a0Tjek den bedste pris, produkt beskrivelse, video, test, anmeldelser osv.<\/p>\n<p><strong>Brand: <\/strong>Scanpan<br \/>\n<strong>EAN: <\/strong>083421176561<br \/>\n<strong>Producentens varenr.:<\/strong> 083421176561<\/p>\n<p><strong>P.S.<\/strong><br \/>\nTilmeld dig til &#8220;Opret Gratis Prisfald Alarm&#8221;, og bliv underrettet med det samme om prisfald p\u00e5 Scanpan Morter med st\u00f8der 10 cm &#8211; Maitre D&apos;, og f\u00e5 den billigste pris!<\/p>\n<p>&nbsp;<\/p>\n<p>&nbsp;<\/p>\n","protected":false},"excerpt":{"rendered":"<p>K\u00f8b billig Scanpan Morter med st\u00f8der 10 cm &#8211; Maitre D&apos;! Er du k\u00f8kkenentusiast, b\u00f8r du have en morter fra Scanpan blandt dit k\u00f8kkenudstyr. Denne 10 cm morter med st\u00f8der er ideel til at knuse b\u00e5de friske og t\u00f8rrede urter samt til at lave smagfulde marinader. Ved at knuse urter frigives der langt mere aroma [&hellip;]<\/p>\n","protected":false},"featured_media":999980000004460320,"template":"","meta":[],"store":[1272516],"product_brand":[1272521],"product_cat":[1272410],"product_tag":[1272681,1275184],"class_list":{"0":"post-446032","1":"product","2":"type-product","3":"status-publish","4":"has-post-thumbnail","6":"store-butik24","7":"product_brand-scanpan","8":"product_cat-koekkengrej","9":"product_tag-koekkengrej","10":"product_tag-scanpan","11":"pa_maerke-scanpan","13":"first","14":"instock","15":"product-type-external"},"_links":{"self":[{"href":"https:\/\/www.pricetornado.com\/da\/wp-json\/wp\/v2\/product\/446032","targetHints":{"allow":["GET"]}}],"collection":[{"href":"https:\/\/www.pricetornado.com\/da\/wp-json\/wp\/v2\/product"}],"about":[{"href":"https:\/\/www.pricetornado.com\/da\/wp-json\/wp\/v2\/types\/product"}],"wp:featuredmedia":[{"embeddable":true,"href":"https:\/\/www.pricetornado.com\/da\/wp-json\/"}],"wp:attachment":[{"href":"https:\/\/www.pricetornado.com\/da\/wp-json\/wp\/v2\/media?parent=446032"}],"wp:term":[{"taxonomy":"store","embeddable":true,"href":"https:\/\/www.pricetornado.com\/da\/wp-json\/wp\/v2\/store?post=446032"},{"taxonomy":"product_brand","embeddable":true,"href":"https:\/\/www.pricetornado.com\/da\/wp-json\/wp\/v2\/product_brand?post=446032"},{"taxonomy":"product_cat","embeddable":true,"href":"https:\/\/www.pricetornado.com\/da\/wp-json\/wp\/v2\/product_cat?post=446032"},{"taxonomy":"product_tag","embeddable":true,"href":"https:\/\/www.pricetornado.com\/da\/wp-json\/wp\/v2\/product_tag?post=446032"}],"curies":[{"name":"wp","href":"https:\/\/api.w.org\/{rel}","templated":true}]}}