{"id":446026,"date":"2025-02-20T14:22:55","date_gmt":"2025-02-20T13:22:55","guid":{"rendered":"https:\/\/www.pricetornado.com\/da\/produkt\/nedis-kath108gy-stegetermometer\/"},"modified":"2026-04-20T09:20:49","modified_gmt":"2026-04-20T07:20:49","slug":"nedis-kath108gy-stegetermometer","status":"publish","type":"product","link":"https:\/\/www.pricetornado.com\/da\/produkt\/nedis-kath108gy-stegetermometer\/","title":{"rendered":"Nedis KATH108GY Stegetermometer"},"content":{"rendered":"<p>K\u00f8b billig Nedis KATH108GY Stegetermometer!<br \/>\nmed dette stegetermometer, selv for de uerfarne hjemmekokke.For at g\u00f8re livet nemmere har det 6 forudindstillede temperaturer samt forudindstillede niveauer af gennemstegning (rare, medium osv.).Takket v\u00e6re dets gaffeldesign kan du m\u00e5le den indvendige temperatur, mens du vender burgere.V\u00e6lg den \u00f8nskede indstilling, inds\u00e6t sensorerne, og p\u00e5 f\u00e5 sekunder ved du, om du kan tage stegen af grillen.Sensorerne i rustfrit st\u00e5l er hygiejniske og nemme at reng\u00f8re. Udstyret med en oph\u00e6ngningskrog til nem opbevaring.Med en r\u00e6kkevidde p\u00e5 op til 110 grader kan stegetermometeret bruges til alle slags retter og stege.<\/p>\n<p>Sammenlign priser p\u00e5 Nedis KATH108GY Stegetermometer og k\u00f8b online til den billigste pris, samt p\u00e5 tilbud!\u00a0\u00a0Tjek den bedste pris, produkt beskrivelse, video, test, anmeldelser osv.<\/p>\n<p><strong>Brand: <\/strong>Nedis<br \/>\n<strong>EAN: <\/strong>5412810311903<br \/>\n<strong>Producentens varenr.:<\/strong> 5412810311903<\/p>\n<p><strong>P.S.<\/strong><br \/>\nTilmeld dig til &#8220;Opret Gratis Prisfald Alarm&#8221;, og bliv underrettet med det samme om prisfald p\u00e5 Nedis KATH108GY Stegetermometer, og f\u00e5 den billigste pris!<\/p>\n<p>&nbsp;<\/p>\n<p>&nbsp;<\/p>\n","protected":false},"excerpt":{"rendered":"<p>K\u00f8b billig Nedis KATH108GY Stegetermometer! med dette stegetermometer, selv for de uerfarne hjemmekokke.For at g\u00f8re livet nemmere har det 6 forudindstillede temperaturer samt forudindstillede niveauer af gennemstegning (rare, medium osv.).Takket v\u00e6re dets gaffeldesign kan du m\u00e5le den indvendige temperatur, mens du vender burgere.V\u00e6lg den \u00f8nskede indstilling, inds\u00e6t sensorerne, og p\u00e5 f\u00e5 sekunder ved du, om [&hellip;]<\/p>\n","protected":false},"featured_media":999980000004460260,"template":"","meta":[],"store":[1272516],"product_brand":[1272517],"product_cat":[1272410],"product_tag":[1272681,1275178],"class_list":{"0":"post-446026","1":"product","2":"type-product","3":"status-publish","4":"has-post-thumbnail","6":"store-butik24","7":"product_brand-nedis","8":"product_cat-koekkengrej","9":"product_tag-koekkengrej","10":"product_tag-nedis","11":"pa_maerke-nedis","13":"first","14":"instock","15":"product-type-external"},"_links":{"self":[{"href":"https:\/\/www.pricetornado.com\/da\/wp-json\/wp\/v2\/product\/446026","targetHints":{"allow":["GET"]}}],"collection":[{"href":"https:\/\/www.pricetornado.com\/da\/wp-json\/wp\/v2\/product"}],"about":[{"href":"https:\/\/www.pricetornado.com\/da\/wp-json\/wp\/v2\/types\/product"}],"wp:featuredmedia":[{"embeddable":true,"href":"https:\/\/www.pricetornado.com\/da\/wp-json\/"}],"wp:attachment":[{"href":"https:\/\/www.pricetornado.com\/da\/wp-json\/wp\/v2\/media?parent=446026"}],"wp:term":[{"taxonomy":"store","embeddable":true,"href":"https:\/\/www.pricetornado.com\/da\/wp-json\/wp\/v2\/store?post=446026"},{"taxonomy":"product_brand","embeddable":true,"href":"https:\/\/www.pricetornado.com\/da\/wp-json\/wp\/v2\/product_brand?post=446026"},{"taxonomy":"product_cat","embeddable":true,"href":"https:\/\/www.pricetornado.com\/da\/wp-json\/wp\/v2\/product_cat?post=446026"},{"taxonomy":"product_tag","embeddable":true,"href":"https:\/\/www.pricetornado.com\/da\/wp-json\/wp\/v2\/product_tag?post=446026"}],"curies":[{"name":"wp","href":"https:\/\/api.w.org\/{rel}","templated":true}]}}